{"id":957,"date":"2022-04-26T11:29:30","date_gmt":"2022-04-26T17:29:30","guid":{"rendered":"https:\/\/www.diaspro.com.gt\/sitio\/?post_type=product&#038;p=957"},"modified":"2023-01-11T12:41:48","modified_gmt":"2023-01-11T18:41:48","slug":"descargador-combinado-1-polo-con-indicador-de-funcion-2","status":"publish","type":"product","link":"https:\/\/www.diaspro.com.gt\/sitio\/producto\/descargador-combinado-1-polo-con-indicador-de-funcion-2\/","title":{"rendered":"Descargador combinado, 1 polo con indicador de funci\u00f3n"},"content":{"rendered":"<p>Capacidad de descarga 50 kA (10\/350 \u00b5s) por polo<br \/>\n\u2022 Consumo de energ\u00eda &lt; 26 mW\/polo<br \/>\n\u2022 Nivel de protecci\u00f3n &lt; 1,7 kV, permite la protecci\u00f3n del dispositivo<br \/>\n\u2022 Extinci\u00f3n de la corriente de seguimiento de red 25 kA Ipeak<br \/>\n\u2022 Incluye tapas enchufables para marcar las conexiones<br \/>\n\u2022 V\u00eda de chispas encapsulada, no extinguible<br \/>\n\u2022 Se puede utilizar en cajas de distribuci\u00f3n disponibles en el mercado.<\/p>\n","protected":false},"excerpt":{"rendered":"<p>Descargador combinado tipo 1+2, 1 polo, para uso en sistemas TN y TT:<\/p>\n<p>MCD 50-B-OS: Descargador coordinado de corriente de rayo tipo 1+2 seg\u00fan EN 61643-11 con indicador \u00f3ptico de funci\u00f3n. Para interfaz 0 a 2 (LPZ) seg\u00fan el concepto de zona de protecci\u00f3n contra rayos seg\u00fan IEC 61312-1 o DIN VDE 0185-305.<\/p>\n","protected":false},"featured_media":888,"comment_status":"open","ping_status":"closed","template":"","meta":{"_et_pb_use_builder":"","_et_pb_old_content":"","_et_gb_content_width":""},"product_brand":[],"product_cat":[20],"product_tag":[],"class_list":{"0":"post-957","1":"product","2":"type-product","3":"status-publish","4":"has-post-thumbnail","6":"product_cat-obo-bettermann","8":"first","9":"instock","10":"shipping-taxable","11":"purchasable","12":"product-type-variable"},"jetpack_sharing_enabled":true,"jetpack_likes_enabled":true,"_links":{"self":[{"href":"https:\/\/www.diaspro.com.gt\/sitio\/wp-json\/wp\/v2\/product\/957","targetHints":{"allow":["GET"]}}],"collection":[{"href":"https:\/\/www.diaspro.com.gt\/sitio\/wp-json\/wp\/v2\/product"}],"about":[{"href":"https:\/\/www.diaspro.com.gt\/sitio\/wp-json\/wp\/v2\/types\/product"}],"replies":[{"embeddable":true,"href":"https:\/\/www.diaspro.com.gt\/sitio\/wp-json\/wp\/v2\/comments?post=957"}],"wp:featuredmedia":[{"embeddable":true,"href":"https:\/\/www.diaspro.com.gt\/sitio\/wp-json\/wp\/v2\/media\/888"}],"wp:attachment":[{"href":"https:\/\/www.diaspro.com.gt\/sitio\/wp-json\/wp\/v2\/media?parent=957"}],"wp:term":[{"taxonomy":"product_brand","embeddable":true,"href":"https:\/\/www.diaspro.com.gt\/sitio\/wp-json\/wp\/v2\/product_brand?post=957"},{"taxonomy":"product_cat","embeddable":true,"href":"https:\/\/www.diaspro.com.gt\/sitio\/wp-json\/wp\/v2\/product_cat?post=957"},{"taxonomy":"product_tag","embeddable":true,"href":"https:\/\/www.diaspro.com.gt\/sitio\/wp-json\/wp\/v2\/product_tag?post=957"}],"curies":[{"name":"wp","href":"https:\/\/api.w.org\/{rel}","templated":true}]}}