{"id":884,"date":"2022-03-11T11:57:59","date_gmt":"2022-03-11T17:57:59","guid":{"rendered":"https:\/\/www.diaspro.com.gt\/sitio\/?post_type=product&#038;p=884"},"modified":"2025-10-15T17:29:23","modified_gmt":"2025-10-15T23:29:23","slug":"proteccion-para-dispositivos-de-campo","status":"publish","type":"product","link":"https:\/\/www.diaspro.com.gt\/sitio\/producto\/proteccion-para-dispositivos-de-campo\/","title":{"rendered":"Protecci\u00f3n para dispositivos de campo"},"content":{"rendered":"<p>Protector de campo de gasolina FDB para circuitos de medici\u00f3n y sistemas de bus intr\u00ednsecamente seguros<\/p>\n<p>\u2022 diferentes tecnolog\u00edas de conexi\u00f3n disponibles (m\u00e9trica\/NPT)<br \/>\n\u2022 bajo nivel de protecci\u00f3n con alta carga de corriente<br \/>\n\u2022 f\u00e1cil instalaci\u00f3n en dispositivos de campo<br \/>\n\u2022 capacitancia e inductancia intr\u00ednsecas insignificantes<br \/>\n\u2022 carcasa de acero inoxidable con carcasa a prueba de llamas<br \/>\n\u2022 Aprobaci\u00f3n ATEX: II 2(1)G Ex ia [ ia Ga] IIC T4..T6 Gb (BVS 10 ATEX E 048)<\/p>\n","protected":false},"excerpt":{"rendered":"<p>Protector de campo de gasolina FDB para circuitos de medici\u00f3n y sistemas de bus intr\u00ednsecamente seguros \u2022 diferentes tecnolog\u00edas de conexi\u00f3n disponibles (m\u00e9trica\/NPT) \u2022 bajo nivel de protecci\u00f3n con alta carga de corriente \u2022 f\u00e1cil instalaci\u00f3n en dispositivos de campo \u2022 capacitancia e inductancia intr\u00ednsecas insignificantes \u2022 carcasa de acero inoxidable con carcasa a prueba [&hellip;]<\/p>\n","protected":false},"featured_media":887,"comment_status":"open","ping_status":"closed","template":"","meta":{"_et_pb_use_builder":"","_et_pb_old_content":"","_et_gb_content_width":""},"product_brand":[],"product_cat":[20],"product_tag":[],"class_list":{"0":"post-884","1":"product","2":"type-product","3":"status-publish","4":"has-post-thumbnail","6":"product_cat-obo-bettermann","8":"first","9":"instock","10":"shipping-taxable","11":"purchasable","12":"product-type-simple"},"jetpack_sharing_enabled":false,"jetpack_likes_enabled":false,"_links":{"self":[{"href":"https:\/\/www.diaspro.com.gt\/sitio\/wp-json\/wp\/v2\/product\/884","targetHints":{"allow":["GET"]}}],"collection":[{"href":"https:\/\/www.diaspro.com.gt\/sitio\/wp-json\/wp\/v2\/product"}],"about":[{"href":"https:\/\/www.diaspro.com.gt\/sitio\/wp-json\/wp\/v2\/types\/product"}],"replies":[{"embeddable":true,"href":"https:\/\/www.diaspro.com.gt\/sitio\/wp-json\/wp\/v2\/comments?post=884"}],"wp:featuredmedia":[{"embeddable":true,"href":"https:\/\/www.diaspro.com.gt\/sitio\/wp-json\/wp\/v2\/media\/887"}],"wp:attachment":[{"href":"https:\/\/www.diaspro.com.gt\/sitio\/wp-json\/wp\/v2\/media?parent=884"}],"wp:term":[{"taxonomy":"product_brand","embeddable":true,"href":"https:\/\/www.diaspro.com.gt\/sitio\/wp-json\/wp\/v2\/product_brand?post=884"},{"taxonomy":"product_cat","embeddable":true,"href":"https:\/\/www.diaspro.com.gt\/sitio\/wp-json\/wp\/v2\/product_cat?post=884"},{"taxonomy":"product_tag","embeddable":true,"href":"https:\/\/www.diaspro.com.gt\/sitio\/wp-json\/wp\/v2\/product_tag?post=884"}],"curies":[{"name":"wp","href":"https:\/\/api.w.org\/{rel}","templated":true}]}}