{"id":3219,"date":"2025-11-21T10:31:05","date_gmt":"2025-11-21T16:31:05","guid":{"rendered":"https:\/\/www.diaspro.com.gt\/sitio\/?post_type=product&#038;p=3219"},"modified":"2025-11-21T10:31:06","modified_gmt":"2025-11-21T16:31:06","slug":"bota-industrial-puntera-de-policarbonato-dielectrica-marca-roy","status":"publish","type":"product","link":"https:\/\/www.diaspro.com.gt\/sitio\/producto\/bota-industrial-puntera-de-policarbonato-dielectrica-marca-roy\/","title":{"rendered":"Bota Industrial puntera de policarbonato Diel\u00e9ctrica Marca ROY"},"content":{"rendered":"<p><strong>Informaci\u00f3n General:<\/strong><\/p>\n<ul>\n<li>Tallas disponibles: 37-43<\/li>\n<li>Colores disponibles: Caf\u00e9 (55)<\/li>\n<li>Puntera de Policarbonato<\/li>\n<\/ul>\n<p><strong>Caracter\u00edsticas:<\/strong><\/p>\n<ul>\n<li>Punta de policarbonato<\/li>\n<li>Suela TPU+PU para mayor agarre.<\/li>\n<li>Piel Hidrofugada<\/li>\n<li>Aislante el\u00e9ctrico<\/li>\n<li>Resistencia el\u00e9ctrica de hasta 18,000 Volt a 60Hz. (corriente menor a 1mA durante 1 minuto cuando se aplican)<\/li>\n<li>Resistente a impactos de hasta 75 libras-pies (101.7kj)<\/li>\n<li>Resistente a compresi\u00f3n de hasta 2,500 libras (1.13 toneladas)<\/li>\n<li>Resistente a solventes<\/li>\n<li>Resistente a aceites<\/li>\n<li>Resistente a gasolina<\/li>\n<li>Alta tracci\u00f3n y resistencia a la abrasi\u00f3n<\/li>\n<\/ul>\n","protected":false},"excerpt":{"rendered":"<p>Informaci\u00f3n General: Tallas disponibles: 37-43 Colores disponibles: Caf\u00e9 (55) Puntera de Policarbonato Caracter\u00edsticas: Punta de policarbonato Suela TPU+PU para mayor agarre. Piel Hidrofugada Aislante el\u00e9ctrico Resistencia el\u00e9ctrica de hasta 18,000 Volt a 60Hz. (corriente menor a 1mA durante 1 minuto cuando se aplican) Resistente a impactos de hasta 75 libras-pies (101.7kj) Resistente a compresi\u00f3n de [&hellip;]<\/p>\n","protected":false},"featured_media":3220,"comment_status":"open","ping_status":"closed","template":"","meta":{"_et_pb_use_builder":"","_et_pb_old_content":"","_et_gb_content_width":""},"product_brand":[],"product_cat":[608,607],"product_tag":[],"class_list":{"0":"post-3219","1":"product","2":"type-product","3":"status-publish","4":"has-post-thumbnail","6":"product_cat-caballeros","7":"product_cat-calzado-industrial","9":"first","10":"instock","11":"shipping-taxable","12":"purchasable","13":"product-type-simple"},"jetpack_sharing_enabled":true,"jetpack_likes_enabled":true,"_links":{"self":[{"href":"https:\/\/www.diaspro.com.gt\/sitio\/wp-json\/wp\/v2\/product\/3219","targetHints":{"allow":["GET"]}}],"collection":[{"href":"https:\/\/www.diaspro.com.gt\/sitio\/wp-json\/wp\/v2\/product"}],"about":[{"href":"https:\/\/www.diaspro.com.gt\/sitio\/wp-json\/wp\/v2\/types\/product"}],"replies":[{"embeddable":true,"href":"https:\/\/www.diaspro.com.gt\/sitio\/wp-json\/wp\/v2\/comments?post=3219"}],"wp:featuredmedia":[{"embeddable":true,"href":"https:\/\/www.diaspro.com.gt\/sitio\/wp-json\/wp\/v2\/media\/3220"}],"wp:attachment":[{"href":"https:\/\/www.diaspro.com.gt\/sitio\/wp-json\/wp\/v2\/media?parent=3219"}],"wp:term":[{"taxonomy":"product_brand","embeddable":true,"href":"https:\/\/www.diaspro.com.gt\/sitio\/wp-json\/wp\/v2\/product_brand?post=3219"},{"taxonomy":"product_cat","embeddable":true,"href":"https:\/\/www.diaspro.com.gt\/sitio\/wp-json\/wp\/v2\/product_cat?post=3219"},{"taxonomy":"product_tag","embeddable":true,"href":"https:\/\/www.diaspro.com.gt\/sitio\/wp-json\/wp\/v2\/product_tag?post=3219"}],"curies":[{"name":"wp","href":"https:\/\/api.w.org\/{rel}","templated":true}]}}