{"id":3212,"date":"2025-11-20T12:54:11","date_gmt":"2025-11-20T18:54:11","guid":{"rendered":"https:\/\/www.diaspro.com.gt\/sitio\/?post_type=product&#038;p=3212"},"modified":"2025-11-20T12:54:11","modified_gmt":"2025-11-20T18:54:11","slug":"bota-industrial-marca-roy","status":"publish","type":"product","link":"https:\/\/www.diaspro.com.gt\/sitio\/producto\/bota-industrial-marca-roy\/","title":{"rendered":"Bota Industrial Marca Roy"},"content":{"rendered":"<p><strong>Informaci\u00f3n General:<\/strong><\/p>\n<ul>\n<li>Tallas disponibles: 37-43<\/li>\n<li>Colores disponibles: Caf\u00e9 oscuro (60)<\/li>\n<\/ul>\n<p><strong>Caracter\u00edsticas generales:<\/strong><\/p>\n<ul>\n<li>Suela resistente<\/li>\n<li>Suela TPU+PU<\/li>\n<li>Poliuretano y Termopl\u00e1stico<\/li>\n<li>Resistente a solventes<\/li>\n<li>Resistente a Aceites<\/li>\n<li>Resistente a Gasolina<\/li>\n<li>100% cuero<\/li>\n<li>Resistencia a impactos de hasta 75 libras-pies (101.7KJ)<\/li>\n<li>Resistente a compresi\u00f3n de hasta 2,500lb (1.3 toneladas)<\/li>\n<\/ul>\n<p>&nbsp;<\/p>\n","protected":false},"excerpt":{"rendered":"<p>Informaci\u00f3n General: Tallas disponibles: 37-43 Colores disponibles: Caf\u00e9 oscuro (60) Caracter\u00edsticas generales: Suela resistente Suela TPU+PU Poliuretano y Termopl\u00e1stico Resistente a solventes Resistente a Aceites Resistente a Gasolina 100% cuero Resistencia a impactos de hasta 75 libras-pies (101.7KJ) Resistente a compresi\u00f3n de hasta 2,500lb (1.3 toneladas) &nbsp;<\/p>\n","protected":false},"featured_media":3213,"comment_status":"open","ping_status":"closed","template":"","meta":{"_et_pb_use_builder":"","_et_pb_old_content":"","_et_gb_content_width":""},"product_brand":[],"product_cat":[608,607],"product_tag":[],"class_list":{"0":"post-3212","1":"product","2":"type-product","3":"status-publish","4":"has-post-thumbnail","6":"product_cat-caballeros","7":"product_cat-calzado-industrial","9":"first","10":"instock","11":"shipping-taxable","12":"purchasable","13":"product-type-simple"},"jetpack_sharing_enabled":true,"jetpack_likes_enabled":true,"_links":{"self":[{"href":"https:\/\/www.diaspro.com.gt\/sitio\/wp-json\/wp\/v2\/product\/3212","targetHints":{"allow":["GET"]}}],"collection":[{"href":"https:\/\/www.diaspro.com.gt\/sitio\/wp-json\/wp\/v2\/product"}],"about":[{"href":"https:\/\/www.diaspro.com.gt\/sitio\/wp-json\/wp\/v2\/types\/product"}],"replies":[{"embeddable":true,"href":"https:\/\/www.diaspro.com.gt\/sitio\/wp-json\/wp\/v2\/comments?post=3212"}],"wp:featuredmedia":[{"embeddable":true,"href":"https:\/\/www.diaspro.com.gt\/sitio\/wp-json\/wp\/v2\/media\/3213"}],"wp:attachment":[{"href":"https:\/\/www.diaspro.com.gt\/sitio\/wp-json\/wp\/v2\/media?parent=3212"}],"wp:term":[{"taxonomy":"product_brand","embeddable":true,"href":"https:\/\/www.diaspro.com.gt\/sitio\/wp-json\/wp\/v2\/product_brand?post=3212"},{"taxonomy":"product_cat","embeddable":true,"href":"https:\/\/www.diaspro.com.gt\/sitio\/wp-json\/wp\/v2\/product_cat?post=3212"},{"taxonomy":"product_tag","embeddable":true,"href":"https:\/\/www.diaspro.com.gt\/sitio\/wp-json\/wp\/v2\/product_tag?post=3212"}],"curies":[{"name":"wp","href":"https:\/\/api.w.org\/{rel}","templated":true}]}}