{"id":3202,"date":"2025-11-20T12:11:14","date_gmt":"2025-11-20T18:11:14","guid":{"rendered":"https:\/\/www.diaspro.com.gt\/sitio\/?post_type=product&#038;p=3202"},"modified":"2025-11-20T12:11:15","modified_gmt":"2025-11-20T18:11:15","slug":"bota-industrial-punta-metalica-marca-roy","status":"publish","type":"product","link":"https:\/\/www.diaspro.com.gt\/sitio\/producto\/bota-industrial-punta-metalica-marca-roy\/","title":{"rendered":"Bota Industrial Punta met\u00e1lica Marca ROY"},"content":{"rendered":"<p><strong>Informaci\u00f3n General\u00a0<\/strong><\/p>\n<ul>\n<li>Tallas disponibles: 37-43<\/li>\n<li>Colores disponibles: Marr\u00f3n (97)<\/li>\n<li>Puntera de Metal<\/li>\n<li>Suela PVC<\/li>\n<\/ul>\n<p><strong>Caracter\u00edsticas\u00a0<\/strong><\/p>\n<ul>\n<li>Punta Met\u00e1lica<\/li>\n<li>Puntera de Metal<\/li>\n<li>Resistente hasta 2,500 libras (1.13 Toneladas) de compresi\u00f3n.<\/li>\n<li>Suela PVC con Nitrilo para mayor abrasi\u00f3n.<\/li>\n<li>Resistente a solventes.<\/li>\n<li>Resistente a aceites.<\/li>\n<li>Resistente a Gasolina<\/li>\n<li>Resiste a impactos de hasta 75 libras-pies (101.7kj)<\/li>\n<li>Normas de Seguridad ATM F2413-18 M\/I\/C<\/li>\n<\/ul>\n","protected":false},"excerpt":{"rendered":"<p>Informaci\u00f3n General\u00a0 Tallas disponibles: 37-43 Colores disponibles: Marr\u00f3n (97) Puntera de Metal Suela PVC Caracter\u00edsticas\u00a0 Punta Met\u00e1lica Puntera de Metal Resistente hasta 2,500 libras (1.13 Toneladas) de compresi\u00f3n. Suela PVC con Nitrilo para mayor abrasi\u00f3n. Resistente a solventes. Resistente a aceites. Resistente a Gasolina Resiste a impactos de hasta 75 libras-pies (101.7kj) Normas de Seguridad [&hellip;]<\/p>\n","protected":false},"featured_media":3203,"comment_status":"open","ping_status":"closed","template":"","meta":{"_et_pb_use_builder":"","_et_pb_old_content":"","_et_gb_content_width":""},"product_brand":[],"product_cat":[608,607],"product_tag":[],"class_list":{"0":"post-3202","1":"product","2":"type-product","3":"status-publish","4":"has-post-thumbnail","6":"product_cat-caballeros","7":"product_cat-calzado-industrial","9":"first","10":"instock","11":"shipping-taxable","12":"purchasable","13":"product-type-simple"},"jetpack_sharing_enabled":true,"jetpack_likes_enabled":true,"_links":{"self":[{"href":"https:\/\/www.diaspro.com.gt\/sitio\/wp-json\/wp\/v2\/product\/3202","targetHints":{"allow":["GET"]}}],"collection":[{"href":"https:\/\/www.diaspro.com.gt\/sitio\/wp-json\/wp\/v2\/product"}],"about":[{"href":"https:\/\/www.diaspro.com.gt\/sitio\/wp-json\/wp\/v2\/types\/product"}],"replies":[{"embeddable":true,"href":"https:\/\/www.diaspro.com.gt\/sitio\/wp-json\/wp\/v2\/comments?post=3202"}],"wp:featuredmedia":[{"embeddable":true,"href":"https:\/\/www.diaspro.com.gt\/sitio\/wp-json\/wp\/v2\/media\/3203"}],"wp:attachment":[{"href":"https:\/\/www.diaspro.com.gt\/sitio\/wp-json\/wp\/v2\/media?parent=3202"}],"wp:term":[{"taxonomy":"product_brand","embeddable":true,"href":"https:\/\/www.diaspro.com.gt\/sitio\/wp-json\/wp\/v2\/product_brand?post=3202"},{"taxonomy":"product_cat","embeddable":true,"href":"https:\/\/www.diaspro.com.gt\/sitio\/wp-json\/wp\/v2\/product_cat?post=3202"},{"taxonomy":"product_tag","embeddable":true,"href":"https:\/\/www.diaspro.com.gt\/sitio\/wp-json\/wp\/v2\/product_tag?post=3202"}],"curies":[{"name":"wp","href":"https:\/\/api.w.org\/{rel}","templated":true}]}}