{"id":3061,"date":"2025-10-13T15:25:46","date_gmt":"2025-10-13T21:25:46","guid":{"rendered":"https:\/\/www.diaspro.com.gt\/sitio\/?post_type=product&#038;p=3061"},"modified":"2025-11-19T11:40:21","modified_gmt":"2025-11-19T17:40:21","slug":"multimetro-digital-marca-kleen-tools","status":"publish","type":"product","link":"https:\/\/www.diaspro.com.gt\/sitio\/producto\/multimetro-digital-marca-kleen-tools\/","title":{"rendered":"Mult\u00edmetro digital marca Klein Tools"},"content":{"rendered":"<ul>\n<li>CORRIENTE CA: 600A<\/li>\n<li>RESISTENCIA: 60M\u03a9<\/li>\n<li>MILIVOLTIOS: CONTINUIDAD POR INDICADOR AUDIBLE<\/li>\n<li>RETROILUMINACI\u00d3N<\/li>\n<li>TEMPERATURA -14\u00b0-1000\u00b0F (-26\u00b0-538\u00b0C)<\/li>\n<li>BAJA IMPEDANCIA<\/li>\n<li>PRUEBA DE VOLTAJE SIN CONT\u00c1CTO<\/li>\n<li>RANGO AUTOM\u00c1TICO<\/li>\n<li>RETENCI\u00d3N DE RANGO<\/li>\n<li>RETENCI\u00d3N DE DATOS<\/li>\n<li>PRUEBA DE DIODO<\/li>\n<li>PRUEBA DE CAPACITANCIA: 6000 uF<\/li>\n<li>FRECUENCIA \/ CICLO DE SERVICIO: 1Hz-500kHz<\/li>\n<li>VALOR MAX\/MIN<\/li>\n<li>APAGADO AUTOM\u00c1TICO<\/li>\n<\/ul>\n","protected":false},"excerpt":{"rendered":"<p>CORRIENTE CA: 600A RESISTENCIA: 60M\u03a9 MILIVOLTIOS: CONTINUIDAD POR INDICADOR AUDIBLE RETROILUMINACI\u00d3N TEMPERATURA -14\u00b0-1000\u00b0F (-26\u00b0-538\u00b0C) BAJA IMPEDANCIA PRUEBA DE VOLTAJE SIN CONT\u00c1CTO RANGO AUTOM\u00c1TICO RETENCI\u00d3N DE RANGO RETENCI\u00d3N DE DATOS PRUEBA DE DIODO PRUEBA DE CAPACITANCIA: 6000 uF FRECUENCIA \/ CICLO DE SERVICIO: 1Hz-500kHz VALOR MAX\/MIN APAGADO AUTOM\u00c1TICO<\/p>\n","protected":false},"featured_media":3062,"comment_status":"open","ping_status":"closed","template":"","meta":{"_et_pb_use_builder":"","_et_pb_old_content":"","_et_gb_content_width":""},"product_brand":[],"product_cat":[618],"product_tag":[],"class_list":{"0":"post-3061","1":"product","2":"type-product","3":"status-publish","4":"has-post-thumbnail","6":"product_cat-klein-tools","8":"first","9":"instock","10":"shipping-taxable","11":"purchasable","12":"product-type-simple"},"jetpack_sharing_enabled":true,"jetpack_likes_enabled":true,"_links":{"self":[{"href":"https:\/\/www.diaspro.com.gt\/sitio\/wp-json\/wp\/v2\/product\/3061","targetHints":{"allow":["GET"]}}],"collection":[{"href":"https:\/\/www.diaspro.com.gt\/sitio\/wp-json\/wp\/v2\/product"}],"about":[{"href":"https:\/\/www.diaspro.com.gt\/sitio\/wp-json\/wp\/v2\/types\/product"}],"replies":[{"embeddable":true,"href":"https:\/\/www.diaspro.com.gt\/sitio\/wp-json\/wp\/v2\/comments?post=3061"}],"wp:featuredmedia":[{"embeddable":true,"href":"https:\/\/www.diaspro.com.gt\/sitio\/wp-json\/wp\/v2\/media\/3062"}],"wp:attachment":[{"href":"https:\/\/www.diaspro.com.gt\/sitio\/wp-json\/wp\/v2\/media?parent=3061"}],"wp:term":[{"taxonomy":"product_brand","embeddable":true,"href":"https:\/\/www.diaspro.com.gt\/sitio\/wp-json\/wp\/v2\/product_brand?post=3061"},{"taxonomy":"product_cat","embeddable":true,"href":"https:\/\/www.diaspro.com.gt\/sitio\/wp-json\/wp\/v2\/product_cat?post=3061"},{"taxonomy":"product_tag","embeddable":true,"href":"https:\/\/www.diaspro.com.gt\/sitio\/wp-json\/wp\/v2\/product_tag?post=3061"}],"curies":[{"name":"wp","href":"https:\/\/api.w.org\/{rel}","templated":true}]}}