{"id":2983,"date":"2025-08-21T16:33:41","date_gmt":"2025-08-21T22:33:41","guid":{"rendered":"https:\/\/www.diaspro.com.gt\/sitio\/?post_type=product&#038;p=2983"},"modified":"2026-01-26T17:21:14","modified_gmt":"2026-01-26T23:21:14","slug":"bota-industrial-punta-de-acero-marca-roy","status":"publish","type":"product","link":"https:\/\/www.diaspro.com.gt\/sitio\/producto\/bota-industrial-punta-de-acero-marca-roy\/","title":{"rendered":"Bota Industrial Punta de Acero Marca ROY"},"content":{"rendered":"<p><strong>Informaci\u00f3n general<\/strong><\/p>\n<ul>\n<li>Tallas disponibles:\u00a037-43<\/li>\n<li>Colores disponibles: Caf\u00e9 (62) | Beige (55)<\/li>\n<li>Con puntera de Metal<\/li>\n<\/ul>\n<p><strong>Caracter\u00edsticas<\/strong><\/p>\n<ul>\n<li>Punta Met\u00e1lica Resistente hasta 2,500 Libras (1.12 Toneladas) de compresi\u00f3n.<\/li>\n<li>Alta tracci\u00f3n y resistencia a la abrasi\u00f3n<\/li>\n<li>Resistente a Gasolina<\/li>\n<li>Resistente a impactos de hasta 75 libras-pies (101.7kj)<\/li>\n<li>Resistente a aceites y solventes<\/li>\n<li>100% Cuero<\/li>\n<\/ul>\n","protected":false},"excerpt":{"rendered":"<p>Informaci\u00f3n general Tallas disponibles:\u00a037-43 Colores disponibles: Caf\u00e9 (62) | Beige (55) Con puntera de Metal Caracter\u00edsticas Punta Met\u00e1lica Resistente hasta 2,500 Libras (1.12 Toneladas) de compresi\u00f3n. Alta tracci\u00f3n y resistencia a la abrasi\u00f3n Resistente a Gasolina Resistente a impactos de hasta 75 libras-pies (101.7kj) Resistente a aceites y solventes 100% Cuero<\/p>\n","protected":false},"featured_media":3206,"comment_status":"open","ping_status":"closed","template":"","meta":{"_et_pb_use_builder":"","_et_pb_old_content":"","_et_gb_content_width":""},"product_brand":[],"product_cat":[608,607],"product_tag":[],"class_list":{"0":"post-2983","1":"product","2":"type-product","3":"status-publish","4":"has-post-thumbnail","6":"product_cat-caballeros","7":"product_cat-calzado-industrial","9":"first","10":"instock","11":"shipping-taxable","12":"purchasable","13":"product-type-simple"},"jetpack_sharing_enabled":true,"jetpack_likes_enabled":true,"_links":{"self":[{"href":"https:\/\/www.diaspro.com.gt\/sitio\/wp-json\/wp\/v2\/product\/2983","targetHints":{"allow":["GET"]}}],"collection":[{"href":"https:\/\/www.diaspro.com.gt\/sitio\/wp-json\/wp\/v2\/product"}],"about":[{"href":"https:\/\/www.diaspro.com.gt\/sitio\/wp-json\/wp\/v2\/types\/product"}],"replies":[{"embeddable":true,"href":"https:\/\/www.diaspro.com.gt\/sitio\/wp-json\/wp\/v2\/comments?post=2983"}],"wp:featuredmedia":[{"embeddable":true,"href":"https:\/\/www.diaspro.com.gt\/sitio\/wp-json\/wp\/v2\/media\/3206"}],"wp:attachment":[{"href":"https:\/\/www.diaspro.com.gt\/sitio\/wp-json\/wp\/v2\/media?parent=2983"}],"wp:term":[{"taxonomy":"product_brand","embeddable":true,"href":"https:\/\/www.diaspro.com.gt\/sitio\/wp-json\/wp\/v2\/product_brand?post=2983"},{"taxonomy":"product_cat","embeddable":true,"href":"https:\/\/www.diaspro.com.gt\/sitio\/wp-json\/wp\/v2\/product_cat?post=2983"},{"taxonomy":"product_tag","embeddable":true,"href":"https:\/\/www.diaspro.com.gt\/sitio\/wp-json\/wp\/v2\/product_tag?post=2983"}],"curies":[{"name":"wp","href":"https:\/\/api.w.org\/{rel}","templated":true}]}}