{"id":2975,"date":"2025-08-21T16:18:17","date_gmt":"2025-08-21T22:18:17","guid":{"rendered":"https:\/\/www.diaspro.com.gt\/sitio\/?post_type=product&#038;p=2975"},"modified":"2025-11-20T12:16:24","modified_gmt":"2025-11-20T18:16:24","slug":"bota-industrial-punta-de-metal","status":"publish","type":"product","link":"https:\/\/www.diaspro.com.gt\/sitio\/producto\/bota-industrial-punta-de-metal\/","title":{"rendered":"Bota Industrial Punta de Acero Marca ROY"},"content":{"rendered":"<p><strong>Informaci\u00f3n general<\/strong><\/p>\n<ul>\n<li>Tallas disponibles: 37-43<\/li>\n<li>Colores disponibles: Beige (85) \/ Musgo (17) Negro (01)<\/li>\n<li>Puntera de Metal<\/li>\n<li>Suela PVC<\/li>\n<\/ul>\n<p><strong>Caracter\u00edsticas<\/strong><\/p>\n<ul>\n<li>Punta Metalica<\/li>\n<li>Resistente hasta 2,500lb de compresi\u00f3n<\/li>\n<li>Suela PC con Nitrilo para mayor abrasi\u00f3n<\/li>\n<li>Resistente a solventes<\/li>\n<li>Resistente a aceites<\/li>\n<li>Resistente a Gasolina<\/li>\n<li>Resistente a impactos de hasta 75 libras-pies<\/li>\n<\/ul>\n","protected":false},"excerpt":{"rendered":"<p>Informaci\u00f3n general Tallas disponibles: 37-43 Colores disponibles: Beige (85) \/ Musgo (17) Negro (01) Puntera de Metal Suela PVC Caracter\u00edsticas Punta Metalica Resistente hasta 2,500lb de compresi\u00f3n Suela PC con Nitrilo para mayor abrasi\u00f3n Resistente a solventes Resistente a aceites Resistente a Gasolina Resistente a impactos de hasta 75 libras-pies<\/p>\n","protected":false},"featured_media":2977,"comment_status":"open","ping_status":"closed","template":"","meta":{"_et_pb_use_builder":"","_et_pb_old_content":"","_et_gb_content_width":""},"product_brand":[],"product_cat":[608,607],"product_tag":[610,611],"class_list":{"0":"post-2975","1":"product","2":"type-product","3":"status-publish","4":"has-post-thumbnail","6":"product_cat-caballeros","7":"product_cat-calzado-industrial","8":"product_tag-bota-industrial","9":"product_tag-roy","11":"first","12":"instock","13":"shipping-taxable","14":"purchasable","15":"product-type-simple"},"jetpack_sharing_enabled":true,"jetpack_likes_enabled":true,"_links":{"self":[{"href":"https:\/\/www.diaspro.com.gt\/sitio\/wp-json\/wp\/v2\/product\/2975","targetHints":{"allow":["GET"]}}],"collection":[{"href":"https:\/\/www.diaspro.com.gt\/sitio\/wp-json\/wp\/v2\/product"}],"about":[{"href":"https:\/\/www.diaspro.com.gt\/sitio\/wp-json\/wp\/v2\/types\/product"}],"replies":[{"embeddable":true,"href":"https:\/\/www.diaspro.com.gt\/sitio\/wp-json\/wp\/v2\/comments?post=2975"}],"wp:featuredmedia":[{"embeddable":true,"href":"https:\/\/www.diaspro.com.gt\/sitio\/wp-json\/wp\/v2\/media\/2977"}],"wp:attachment":[{"href":"https:\/\/www.diaspro.com.gt\/sitio\/wp-json\/wp\/v2\/media?parent=2975"}],"wp:term":[{"taxonomy":"product_brand","embeddable":true,"href":"https:\/\/www.diaspro.com.gt\/sitio\/wp-json\/wp\/v2\/product_brand?post=2975"},{"taxonomy":"product_cat","embeddable":true,"href":"https:\/\/www.diaspro.com.gt\/sitio\/wp-json\/wp\/v2\/product_cat?post=2975"},{"taxonomy":"product_tag","embeddable":true,"href":"https:\/\/www.diaspro.com.gt\/sitio\/wp-json\/wp\/v2\/product_tag?post=2975"}],"curies":[{"name":"wp","href":"https:\/\/api.w.org\/{rel}","templated":true}]}}