{"id":2972,"date":"2025-08-21T14:41:57","date_gmt":"2025-08-21T20:41:57","guid":{"rendered":"https:\/\/www.diaspro.com.gt\/sitio\/?post_type=product&#038;p=2972"},"modified":"2026-02-09T06:18:17","modified_gmt":"2026-02-09T12:18:17","slug":"bota-industrial-punta-de-policarbonato-marca-roy-2","status":"publish","type":"product","link":"https:\/\/www.diaspro.com.gt\/sitio\/producto\/bota-industrial-punta-de-policarbonato-marca-roy-2\/","title":{"rendered":"Bota Industrial punta de policarbonato Marca ROY"},"content":{"rendered":"<p><strong>Informaci\u00f3n general<\/strong><\/p>\n<ul>\n<li>Tallas disponibles:\u00a037-43<\/li>\n<li>Colores disponibles: Musgo (17) \/ Negro (11)<\/li>\n<li>Punta de policarbonato<\/li>\n<li>Plantilla: Memory Foam 4mm con microfibra para mayor confort<\/li>\n<\/ul>\n<p><strong>Caracter\u00edsticas<\/strong><\/p>\n<ul>\n<li>piel hidrofugada<\/li>\n<li>Resistente a gasolina, aceites y solventes.<\/li>\n<li>Alta resistencia a la abrasion mec\u00e1nica<\/li>\n<li>Alta tracci\u00f3n y absorci\u00f3n de golpes.<\/li>\n<li>Conserva la memoria el\u00e1stica creando m\u00e1s comodidad.<\/li>\n<li>Se adapta a la forma del pie<\/li>\n<li>Resistencia el\u00e9ctrica de hasta 18,000 Volts a 60 Hz (Corriente menor a 1mA durante 1 minuto)<\/li>\n<\/ul>\n","protected":false},"excerpt":{"rendered":"<p>Informaci\u00f3n general Tallas disponibles:\u00a037-43 Colores disponibles: Musgo (17) \/ Negro (11) Punta de policarbonato Plantilla: Memory Foam 4mm con microfibra para mayor confort Caracter\u00edsticas piel hidrofugada Resistente a gasolina, aceites y solventes. Alta resistencia a la abrasion mec\u00e1nica Alta tracci\u00f3n y absorci\u00f3n de golpes. Conserva la memoria el\u00e1stica creando m\u00e1s comodidad. Se adapta a la [&hellip;]<\/p>\n","protected":false},"featured_media":2973,"comment_status":"open","ping_status":"closed","template":"","meta":{"_et_pb_use_builder":"","_et_pb_old_content":"","_et_gb_content_width":""},"product_brand":[],"product_cat":[608,607],"product_tag":[],"class_list":{"0":"post-2972","1":"product","2":"type-product","3":"status-publish","4":"has-post-thumbnail","6":"product_cat-caballeros","7":"product_cat-calzado-industrial","9":"first","10":"instock","11":"shipping-taxable","12":"purchasable","13":"product-type-simple"},"jetpack_sharing_enabled":true,"jetpack_likes_enabled":true,"_links":{"self":[{"href":"https:\/\/www.diaspro.com.gt\/sitio\/wp-json\/wp\/v2\/product\/2972","targetHints":{"allow":["GET"]}}],"collection":[{"href":"https:\/\/www.diaspro.com.gt\/sitio\/wp-json\/wp\/v2\/product"}],"about":[{"href":"https:\/\/www.diaspro.com.gt\/sitio\/wp-json\/wp\/v2\/types\/product"}],"replies":[{"embeddable":true,"href":"https:\/\/www.diaspro.com.gt\/sitio\/wp-json\/wp\/v2\/comments?post=2972"}],"wp:featuredmedia":[{"embeddable":true,"href":"https:\/\/www.diaspro.com.gt\/sitio\/wp-json\/wp\/v2\/media\/2973"}],"wp:attachment":[{"href":"https:\/\/www.diaspro.com.gt\/sitio\/wp-json\/wp\/v2\/media?parent=2972"}],"wp:term":[{"taxonomy":"product_brand","embeddable":true,"href":"https:\/\/www.diaspro.com.gt\/sitio\/wp-json\/wp\/v2\/product_brand?post=2972"},{"taxonomy":"product_cat","embeddable":true,"href":"https:\/\/www.diaspro.com.gt\/sitio\/wp-json\/wp\/v2\/product_cat?post=2972"},{"taxonomy":"product_tag","embeddable":true,"href":"https:\/\/www.diaspro.com.gt\/sitio\/wp-json\/wp\/v2\/product_tag?post=2972"}],"curies":[{"name":"wp","href":"https:\/\/api.w.org\/{rel}","templated":true}]}}