{"id":2954,"date":"2025-08-11T14:42:21","date_gmt":"2025-08-11T20:42:21","guid":{"rendered":"https:\/\/www.diaspro.com.gt\/sitio\/?post_type=product&#038;p=2954"},"modified":"2026-01-28T00:10:17","modified_gmt":"2026-01-28T06:10:17","slug":"bota-industrial-punta-de-policarbonato-marca-roy","status":"publish","type":"product","link":"https:\/\/www.diaspro.com.gt\/sitio\/producto\/bota-industrial-punta-de-policarbonato-marca-roy\/","title":{"rendered":"Bota Industrial puntera de policarbonato Diel\u00e9ctrica marca ROY"},"content":{"rendered":"<p><strong>Informaci\u00f3n general<\/strong><\/p>\n<ul>\n<li>Tallas disponibles: 37-43<\/li>\n<li>Colores disponibles: A.Nuez (55) \/ A.Negro(01)<\/li>\n<li>Puntera de policarbonato<\/li>\n<\/ul>\n<p><strong>Caracter\u00edsticas<\/strong><\/p>\n<ul>\n<li>100% cuero vacuno<\/li>\n<li>Piel Hidrofugada<\/li>\n<li>Repelente al Agua<\/li>\n<li>Aislante el\u00e9ctrico<\/li>\n<li>Punta de Policarbonato<\/li>\n<li>Suela YPU+PU para mejor agarre.<\/li>\n<li>Resistencia el\u00e9ctrica de hasta 18,000 Volts a 60Hz (Corriente menos a 1mA durante 1 minuto cuando se aplica)<\/li>\n<li>Resistente a impactos de 75libras-pies (101.7kj)<\/li>\n<li>Resistente a compresi\u00f3n de hasta 2,500 Libras (1.13 Toneladas)<\/li>\n<li>Resistente a Solventes<\/li>\n<li>Resistente a Aceite<\/li>\n<li>Alta tracci\u00f3n y resistencia a la abrasi\u00f3n<\/li>\n<li>Resistente a Gasolina<\/li>\n<\/ul>\n","protected":false},"excerpt":{"rendered":"<p>Informaci\u00f3n general Tallas disponibles: 37-43 Colores disponibles: A.Nuez (55) \/ A.Negro(01) Puntera de policarbonato Caracter\u00edsticas 100% cuero vacuno Piel Hidrofugada Repelente al Agua Aislante el\u00e9ctrico Punta de Policarbonato Suela YPU+PU para mejor agarre. Resistencia el\u00e9ctrica de hasta 18,000 Volts a 60Hz (Corriente menos a 1mA durante 1 minuto cuando se aplica) Resistente a impactos de [&hellip;]<\/p>\n","protected":false},"featured_media":2955,"comment_status":"open","ping_status":"closed","template":"","meta":{"_et_pb_use_builder":"","_et_pb_old_content":"","_et_gb_content_width":""},"product_brand":[],"product_cat":[608,607],"product_tag":[],"class_list":{"0":"post-2954","1":"product","2":"type-product","3":"status-publish","4":"has-post-thumbnail","6":"product_cat-caballeros","7":"product_cat-calzado-industrial","9":"first","10":"instock","11":"shipping-taxable","12":"purchasable","13":"product-type-simple"},"jetpack_sharing_enabled":true,"jetpack_likes_enabled":true,"_links":{"self":[{"href":"https:\/\/www.diaspro.com.gt\/sitio\/wp-json\/wp\/v2\/product\/2954","targetHints":{"allow":["GET"]}}],"collection":[{"href":"https:\/\/www.diaspro.com.gt\/sitio\/wp-json\/wp\/v2\/product"}],"about":[{"href":"https:\/\/www.diaspro.com.gt\/sitio\/wp-json\/wp\/v2\/types\/product"}],"replies":[{"embeddable":true,"href":"https:\/\/www.diaspro.com.gt\/sitio\/wp-json\/wp\/v2\/comments?post=2954"}],"wp:featuredmedia":[{"embeddable":true,"href":"https:\/\/www.diaspro.com.gt\/sitio\/wp-json\/wp\/v2\/media\/2955"}],"wp:attachment":[{"href":"https:\/\/www.diaspro.com.gt\/sitio\/wp-json\/wp\/v2\/media?parent=2954"}],"wp:term":[{"taxonomy":"product_brand","embeddable":true,"href":"https:\/\/www.diaspro.com.gt\/sitio\/wp-json\/wp\/v2\/product_brand?post=2954"},{"taxonomy":"product_cat","embeddable":true,"href":"https:\/\/www.diaspro.com.gt\/sitio\/wp-json\/wp\/v2\/product_cat?post=2954"},{"taxonomy":"product_tag","embeddable":true,"href":"https:\/\/www.diaspro.com.gt\/sitio\/wp-json\/wp\/v2\/product_tag?post=2954"}],"curies":[{"name":"wp","href":"https:\/\/api.w.org\/{rel}","templated":true}]}}