{"id":2942,"date":"2025-08-07T17:28:34","date_gmt":"2025-08-07T23:28:34","guid":{"rendered":"https:\/\/www.diaspro.com.gt\/sitio\/?post_type=product&#038;p=2942"},"modified":"2026-01-28T10:07:42","modified_gmt":"2026-01-28T16:07:42","slug":"bota-industrial-punta-de-policarbonato-2","status":"publish","type":"product","link":"https:\/\/www.diaspro.com.gt\/sitio\/producto\/bota-industrial-punta-de-policarbonato-2\/","title":{"rendered":"Bota Industrial Puntera De Policarbonato Diel\u00e9ctrica Marca ROY"},"content":{"rendered":"<p><strong>Datos<\/strong><\/p>\n<ul>\n<li>Tallas: 35-39<\/li>\n<li>Color: Negro (01) | Negro (11)<\/li>\n<li>Puntera de Policarbonato<\/li>\n<\/ul>\n<p><strong>Caracter\u00edsticas<\/strong><\/p>\n<ul>\n<li>Piel Hidrofugada<\/li>\n<li>Repelente al Agua<\/li>\n<li>Suela TPU+PU para mayor agarre<\/li>\n<li>Aislante El\u00e9ctrico<\/li>\n<li>Resistencia el\u00e9ctrica de hasta 18,000 Volts a 60 Hz (Corriente menor a 1mA durante 1 minuto)<\/li>\n<li>Resistente a impactos de 75 libras-pies (101.7kj)<\/li>\n<li>Resistente a compresi\u00f3n de hasta 2,500 libras (1.13 toneladas)<\/li>\n<li>Resistente a Solventes<\/li>\n<li>Resistente a aceites<\/li>\n<li>Alta tracci\u00f3n y resistencia a la abrasi\u00f3n<\/li>\n<li>Resistente a gasolina<\/li>\n<\/ul>\n","protected":false},"excerpt":{"rendered":"<p>Datos Tallas: 35-39 Color: Negro (01) | Negro (11) Puntera de Policarbonato Caracter\u00edsticas Piel Hidrofugada Repelente al Agua Suela TPU+PU para mayor agarre Aislante El\u00e9ctrico Resistencia el\u00e9ctrica de hasta 18,000 Volts a 60 Hz (Corriente menor a 1mA durante 1 minuto) Resistente a impactos de 75 libras-pies (101.7kj) Resistente a compresi\u00f3n de hasta 2,500 libras [&hellip;]<\/p>\n","protected":false},"featured_media":2943,"comment_status":"open","ping_status":"closed","template":"","meta":{"_et_pb_use_builder":"","_et_pb_old_content":"","_et_gb_content_width":""},"product_brand":[],"product_cat":[607,609],"product_tag":[],"class_list":{"0":"post-2942","1":"product","2":"type-product","3":"status-publish","4":"has-post-thumbnail","6":"product_cat-calzado-industrial","7":"product_cat-damas","9":"first","10":"instock","11":"shipping-taxable","12":"purchasable","13":"product-type-simple"},"jetpack_sharing_enabled":true,"jetpack_likes_enabled":true,"_links":{"self":[{"href":"https:\/\/www.diaspro.com.gt\/sitio\/wp-json\/wp\/v2\/product\/2942","targetHints":{"allow":["GET"]}}],"collection":[{"href":"https:\/\/www.diaspro.com.gt\/sitio\/wp-json\/wp\/v2\/product"}],"about":[{"href":"https:\/\/www.diaspro.com.gt\/sitio\/wp-json\/wp\/v2\/types\/product"}],"replies":[{"embeddable":true,"href":"https:\/\/www.diaspro.com.gt\/sitio\/wp-json\/wp\/v2\/comments?post=2942"}],"wp:featuredmedia":[{"embeddable":true,"href":"https:\/\/www.diaspro.com.gt\/sitio\/wp-json\/wp\/v2\/media\/2943"}],"wp:attachment":[{"href":"https:\/\/www.diaspro.com.gt\/sitio\/wp-json\/wp\/v2\/media?parent=2942"}],"wp:term":[{"taxonomy":"product_brand","embeddable":true,"href":"https:\/\/www.diaspro.com.gt\/sitio\/wp-json\/wp\/v2\/product_brand?post=2942"},{"taxonomy":"product_cat","embeddable":true,"href":"https:\/\/www.diaspro.com.gt\/sitio\/wp-json\/wp\/v2\/product_cat?post=2942"},{"taxonomy":"product_tag","embeddable":true,"href":"https:\/\/www.diaspro.com.gt\/sitio\/wp-json\/wp\/v2\/product_tag?post=2942"}],"curies":[{"name":"wp","href":"https:\/\/api.w.org\/{rel}","templated":true}]}}