{"id":2901,"date":"2025-07-14T16:16:28","date_gmt":"2025-07-14T22:16:28","guid":{"rendered":"https:\/\/www.diaspro.com.gt\/sitio\/?post_type=product&#038;p=2901"},"modified":"2026-02-05T08:45:01","modified_gmt":"2026-02-05T14:45:01","slug":"ups-600va-360w-zkteco-zkups-360w-led","status":"publish","type":"product","link":"https:\/\/www.diaspro.com.gt\/sitio\/producto\/ups-600va-360w-zkteco-zkups-360w-led\/","title":{"rendered":"UPS 600VA\/360W ZKTeco (ZKUPS-360W-LED)"},"content":{"rendered":"<ul>\n<li>\u00a0Dise\u00f1ado para proporcionar respaldo confiable ante fallos el\u00e9ctricos.<\/li>\n<li>.Rango de entrada de 110-120VAC o 220-240VAC.<\/li>\n<li>Cuenta con una pantalla LED para monitoreo.<\/li>\n<li>Bater\u00eda integrada de 12V\/7AH.<\/li>\n<li>Tiempo de transferencia de 4 a 6 ms.<\/li>\n<\/ul>\n","protected":false},"excerpt":{"rendered":"<p>\u00a0Dise\u00f1ado para proporcionar respaldo confiable ante fallos el\u00e9ctricos. .Rango de entrada de 110-120VAC o 220-240VAC. Cuenta con una pantalla LED para monitoreo. Bater\u00eda integrada de 12V\/7AH. Tiempo de transferencia de 4 a 6 ms.<\/p>\n","protected":false},"featured_media":2902,"comment_status":"open","ping_status":"closed","template":"","meta":{"_et_pb_use_builder":"","_et_pb_old_content":"","_et_gb_content_width":""},"product_brand":[],"product_cat":[57],"product_tag":[],"class_list":{"0":"post-2901","1":"product","2":"type-product","3":"status-publish","4":"has-post-thumbnail","6":"product_cat-respaldo-de-energia","8":"first","9":"onbackorder","10":"shipping-taxable","11":"purchasable","12":"product-type-simple"},"jetpack_sharing_enabled":true,"jetpack_likes_enabled":true,"_links":{"self":[{"href":"https:\/\/www.diaspro.com.gt\/sitio\/wp-json\/wp\/v2\/product\/2901","targetHints":{"allow":["GET"]}}],"collection":[{"href":"https:\/\/www.diaspro.com.gt\/sitio\/wp-json\/wp\/v2\/product"}],"about":[{"href":"https:\/\/www.diaspro.com.gt\/sitio\/wp-json\/wp\/v2\/types\/product"}],"replies":[{"embeddable":true,"href":"https:\/\/www.diaspro.com.gt\/sitio\/wp-json\/wp\/v2\/comments?post=2901"}],"wp:featuredmedia":[{"embeddable":true,"href":"https:\/\/www.diaspro.com.gt\/sitio\/wp-json\/wp\/v2\/media\/2902"}],"wp:attachment":[{"href":"https:\/\/www.diaspro.com.gt\/sitio\/wp-json\/wp\/v2\/media?parent=2901"}],"wp:term":[{"taxonomy":"product_brand","embeddable":true,"href":"https:\/\/www.diaspro.com.gt\/sitio\/wp-json\/wp\/v2\/product_brand?post=2901"},{"taxonomy":"product_cat","embeddable":true,"href":"https:\/\/www.diaspro.com.gt\/sitio\/wp-json\/wp\/v2\/product_cat?post=2901"},{"taxonomy":"product_tag","embeddable":true,"href":"https:\/\/www.diaspro.com.gt\/sitio\/wp-json\/wp\/v2\/product_tag?post=2901"}],"curies":[{"name":"wp","href":"https:\/\/api.w.org\/{rel}","templated":true}]}}