{"id":2697,"date":"2025-01-29T15:04:24","date_gmt":"2025-01-29T21:04:24","guid":{"rendered":"https:\/\/www.diaspro.com.gt\/sitio\/?post_type=product&#038;p=2697"},"modified":"2025-01-29T15:04:24","modified_gmt":"2025-01-29T21:04:24","slug":"sirena-con-luz-estroboscopica-de-pared-24v-mircom-fhs-400-rr","status":"publish","type":"product","link":"https:\/\/www.diaspro.com.gt\/sitio\/producto\/sirena-con-luz-estroboscopica-de-pared-24v-mircom-fhs-400-rr\/","title":{"rendered":"Sirena con Luz Estrobosc\u00f3pica de Pared 24V Mircom (FHS-400-RR)"},"content":{"rendered":"<ul>\n<li>Temperatura de operaci\u00f3n 0 \u00b0C a 50 \u00b0C (32 \u00b0F a 122 \u00b0F)<\/li>\n<li>Rango de humedad 0 % a 93 %<\/li>\n<li>Frecuencia de destello del estrobo 1 Hz<\/li>\n<li>Voltaje nominal Regulada de 24 VCD \u00f3 24 VROC**<\/li>\n<li>Rango de Voltaje de Operaci\u00f3n (RMS) 16 a 33 VCD<\/li>\n<li>Calibre de conductor en terminales de conexi\u00f3n 22 AWG a 12 AWG<\/li>\n<li>Ambiente de instalaci\u00f3n \u00danicamente para uso en interior<\/li>\n<\/ul>\n","protected":false},"excerpt":{"rendered":"<p>Temperatura de operaci\u00f3n 0 \u00b0C a 50 \u00b0C (32 \u00b0F a 122 \u00b0F) Rango de humedad 0 % a 93 % Frecuencia de destello del estrobo 1 Hz Voltaje nominal Regulada de 24 VCD \u00f3 24 VROC** Rango de Voltaje de Operaci\u00f3n (RMS) 16 a 33 VCD Calibre de conductor en terminales de conexi\u00f3n 22 [&hellip;]<\/p>\n","protected":false},"featured_media":2698,"comment_status":"open","ping_status":"closed","template":"","meta":{"_et_pb_use_builder":"","_et_pb_old_content":"","_et_gb_content_width":""},"product_brand":[],"product_cat":[568],"product_tag":[572,569],"class_list":{"0":"post-2697","1":"product","2":"type-product","3":"status-publish","4":"has-post-thumbnail","6":"product_cat-sirenas-estrobos","7":"product_tag-luz-estroboscopica","8":"product_tag-sirena","10":"first","11":"instock","12":"shipping-taxable","13":"product-type-simple"},"jetpack_sharing_enabled":true,"jetpack_likes_enabled":true,"_links":{"self":[{"href":"https:\/\/www.diaspro.com.gt\/sitio\/wp-json\/wp\/v2\/product\/2697","targetHints":{"allow":["GET"]}}],"collection":[{"href":"https:\/\/www.diaspro.com.gt\/sitio\/wp-json\/wp\/v2\/product"}],"about":[{"href":"https:\/\/www.diaspro.com.gt\/sitio\/wp-json\/wp\/v2\/types\/product"}],"replies":[{"embeddable":true,"href":"https:\/\/www.diaspro.com.gt\/sitio\/wp-json\/wp\/v2\/comments?post=2697"}],"wp:featuredmedia":[{"embeddable":true,"href":"https:\/\/www.diaspro.com.gt\/sitio\/wp-json\/wp\/v2\/media\/2698"}],"wp:attachment":[{"href":"https:\/\/www.diaspro.com.gt\/sitio\/wp-json\/wp\/v2\/media?parent=2697"}],"wp:term":[{"taxonomy":"product_brand","embeddable":true,"href":"https:\/\/www.diaspro.com.gt\/sitio\/wp-json\/wp\/v2\/product_brand?post=2697"},{"taxonomy":"product_cat","embeddable":true,"href":"https:\/\/www.diaspro.com.gt\/sitio\/wp-json\/wp\/v2\/product_cat?post=2697"},{"taxonomy":"product_tag","embeddable":true,"href":"https:\/\/www.diaspro.com.gt\/sitio\/wp-json\/wp\/v2\/product_tag?post=2697"}],"curies":[{"name":"wp","href":"https:\/\/api.w.org\/{rel}","templated":true}]}}