{"id":2693,"date":"2025-01-29T14:58:43","date_gmt":"2025-01-29T20:58:43","guid":{"rendered":"https:\/\/www.diaspro.com.gt\/sitio\/?post_type=product&#038;p=2693"},"modified":"2025-01-29T14:58:44","modified_gmt":"2025-01-29T20:58:44","slug":"sirena-con-luz-direccionable-sav-521e","status":"publish","type":"product","link":"https:\/\/www.diaspro.com.gt\/sitio\/producto\/sirena-con-luz-direccionable-sav-521e\/","title":{"rendered":"Sirena con Luz direccionable (SAV 521E)"},"content":{"rendered":"<ul>\n<li>Tensi\u00f3n de operaci\u00f3n y alimentaci\u00f3n 24V: 20 a 30 Vdc<\/li>\n<li>Corriente en alarma y alimentaci\u00f3n 24V: 50 mA @24 V<\/li>\n<li>Presi\u00f3n sonora: &gt;90 dB\/m<\/li>\n<li>Se\u00f1alizaci\u00f3n visual (flash): 6 LEDs blancos de alto brillo \u2013 90 destellos por minuto<\/li>\n<li>Indicador visual LED (verde): Reposo: parpadea cada 2s<\/li>\n<li>Instalaci\u00f3n: 4 hilos (2 lazos + 2 alimentaciones de 24 V, sin polaridad)<\/li>\n<li>Rango de direcciones: 1 a 250<\/li>\n<li>Temperatura de operaci\u00f3n -10 a 50 \u00b0C<\/li>\n<li>Material: ABS con protecci\u00f3n UV<\/li>\n<li>Color: Rojo<\/li>\n<li>Peso: 155 g<\/li>\n<li>Dimensiones (An. \u00d7 Al. \u00d7 P.): 100 \u00d7 130 \u00d7 56 mm<\/li>\n<\/ul>\n","protected":false},"excerpt":{"rendered":"<p>Tensi\u00f3n de operaci\u00f3n y alimentaci\u00f3n 24V: 20 a 30 Vdc Corriente en alarma y alimentaci\u00f3n 24V: 50 mA @24 V Presi\u00f3n sonora: &gt;90 dB\/m Se\u00f1alizaci\u00f3n visual (flash): 6 LEDs blancos de alto brillo \u2013 90 destellos por minuto Indicador visual LED (verde): Reposo: parpadea cada 2s Instalaci\u00f3n: 4 hilos (2 lazos + 2 alimentaciones de [&hellip;]<\/p>\n","protected":false},"featured_media":2694,"comment_status":"open","ping_status":"closed","template":"","meta":{"_et_pb_use_builder":"","_et_pb_old_content":"","_et_gb_content_width":""},"product_brand":[],"product_cat":[568],"product_tag":[571,569],"class_list":{"0":"post-2693","1":"product","2":"type-product","3":"status-publish","4":"has-post-thumbnail","6":"product_cat-sirenas-estrobos","7":"product_tag-luz-direccionable","8":"product_tag-sirena","10":"first","11":"instock","12":"shipping-taxable","13":"product-type-simple"},"jetpack_sharing_enabled":true,"jetpack_likes_enabled":true,"_links":{"self":[{"href":"https:\/\/www.diaspro.com.gt\/sitio\/wp-json\/wp\/v2\/product\/2693","targetHints":{"allow":["GET"]}}],"collection":[{"href":"https:\/\/www.diaspro.com.gt\/sitio\/wp-json\/wp\/v2\/product"}],"about":[{"href":"https:\/\/www.diaspro.com.gt\/sitio\/wp-json\/wp\/v2\/types\/product"}],"replies":[{"embeddable":true,"href":"https:\/\/www.diaspro.com.gt\/sitio\/wp-json\/wp\/v2\/comments?post=2693"}],"wp:featuredmedia":[{"embeddable":true,"href":"https:\/\/www.diaspro.com.gt\/sitio\/wp-json\/wp\/v2\/media\/2694"}],"wp:attachment":[{"href":"https:\/\/www.diaspro.com.gt\/sitio\/wp-json\/wp\/v2\/media?parent=2693"}],"wp:term":[{"taxonomy":"product_brand","embeddable":true,"href":"https:\/\/www.diaspro.com.gt\/sitio\/wp-json\/wp\/v2\/product_brand?post=2693"},{"taxonomy":"product_cat","embeddable":true,"href":"https:\/\/www.diaspro.com.gt\/sitio\/wp-json\/wp\/v2\/product_cat?post=2693"},{"taxonomy":"product_tag","embeddable":true,"href":"https:\/\/www.diaspro.com.gt\/sitio\/wp-json\/wp\/v2\/product_tag?post=2693"}],"curies":[{"name":"wp","href":"https:\/\/api.w.org\/{rel}","templated":true}]}}