{"id":2692,"date":"2025-01-29T14:53:09","date_gmt":"2025-01-29T20:53:09","guid":{"rendered":"https:\/\/www.diaspro.com.gt\/sitio\/?post_type=product&#038;p=2692"},"modified":"2025-01-29T14:53:09","modified_gmt":"2025-01-29T20:53:09","slug":"sirena-con-luz-de-pared-sav-420c","status":"publish","type":"product","link":"https:\/\/www.diaspro.com.gt\/sitio\/producto\/sirena-con-luz-de-pared-sav-420c\/","title":{"rendered":"Sirena con Luz de Pared (SAV 420C)"},"content":{"rendered":"<ul>\n<li style=\"font-weight: 400;\">\u00a0Tensi\u00f3n de operaci\u00f3n 12 a 28 Vdc<\/li>\n<li style=\"font-weight: 400;\">Corriente en reposo 0 mA<\/li>\n<li style=\"font-weight: 400;\">Corriente en alarma 5 a 40 mA | 30 mA @ 24 V<\/li>\n<li style=\"font-weight: 400;\">Presi\u00f3n sonora &gt;90 dB\/m @ 24 V<\/li>\n<li style=\"font-weight: 400;\">Se\u00f1alizaci\u00f3n visual 6 LEDs rojos de auto brillo<\/li>\n<li style=\"font-weight: 400;\">Instalaci\u00f3n 2 cables con polaridad<\/li>\n<li style=\"font-weight: 400;\">Clase de instalaci\u00f3n Clase B convencional<\/li>\n<li style=\"font-weight: 400;\">Temperatura de operaci\u00f3n-10 a 50 \u00b0C<\/li>\n<li style=\"font-weight: 400;\">Humedad relativa &lt;95% no condensada<\/li>\n<li style=\"font-weight: 400;\">Grado de protecci\u00f3n IP20<\/li>\n<li style=\"font-weight: 400;\">Color Rojo<\/li>\n<li style=\"font-weight: 400;\">Material ABS con protecci\u00f3n UV<\/li>\n<li style=\"font-weight: 400;\">Peso 75 g<\/li>\n<li style=\"font-weight: 400;\">Dimensiones (L \u00d7 A \u00d7 P) 82 \u00d7 52 \u00d7 82 m<\/li>\n<\/ul>\n","protected":false},"excerpt":{"rendered":"<p>\u00a0Tensi\u00f3n de operaci\u00f3n 12 a 28 Vdc Corriente en reposo 0 mA Corriente en alarma 5 a 40 mA | 30 mA @ 24 V Presi\u00f3n sonora &gt;90 dB\/m @ 24 V Se\u00f1alizaci\u00f3n visual 6 LEDs rojos de auto brillo Instalaci\u00f3n 2 cables con polaridad Clase de instalaci\u00f3n Clase B convencional Temperatura de operaci\u00f3n-10 a [&hellip;]<\/p>\n","protected":false},"featured_media":2691,"comment_status":"open","ping_status":"closed","template":"","meta":{"_et_pb_use_builder":"","_et_pb_old_content":"","_et_gb_content_width":""},"product_brand":[],"product_cat":[568],"product_tag":[570,569],"class_list":{"0":"post-2692","1":"product","2":"type-product","3":"status-publish","4":"has-post-thumbnail","6":"product_cat-sirenas-estrobos","7":"product_tag-sav-420c","8":"product_tag-sirena","10":"first","11":"instock","12":"shipping-taxable","13":"product-type-simple"},"jetpack_sharing_enabled":true,"jetpack_likes_enabled":true,"_links":{"self":[{"href":"https:\/\/www.diaspro.com.gt\/sitio\/wp-json\/wp\/v2\/product\/2692","targetHints":{"allow":["GET"]}}],"collection":[{"href":"https:\/\/www.diaspro.com.gt\/sitio\/wp-json\/wp\/v2\/product"}],"about":[{"href":"https:\/\/www.diaspro.com.gt\/sitio\/wp-json\/wp\/v2\/types\/product"}],"replies":[{"embeddable":true,"href":"https:\/\/www.diaspro.com.gt\/sitio\/wp-json\/wp\/v2\/comments?post=2692"}],"wp:featuredmedia":[{"embeddable":true,"href":"https:\/\/www.diaspro.com.gt\/sitio\/wp-json\/wp\/v2\/media\/2691"}],"wp:attachment":[{"href":"https:\/\/www.diaspro.com.gt\/sitio\/wp-json\/wp\/v2\/media?parent=2692"}],"wp:term":[{"taxonomy":"product_brand","embeddable":true,"href":"https:\/\/www.diaspro.com.gt\/sitio\/wp-json\/wp\/v2\/product_brand?post=2692"},{"taxonomy":"product_cat","embeddable":true,"href":"https:\/\/www.diaspro.com.gt\/sitio\/wp-json\/wp\/v2\/product_cat?post=2692"},{"taxonomy":"product_tag","embeddable":true,"href":"https:\/\/www.diaspro.com.gt\/sitio\/wp-json\/wp\/v2\/product_tag?post=2692"}],"curies":[{"name":"wp","href":"https:\/\/api.w.org\/{rel}","templated":true}]}}