{"id":2677,"date":"2025-01-29T14:23:25","date_gmt":"2025-01-29T20:23:25","guid":{"rendered":"https:\/\/www.diaspro.com.gt\/sitio\/?post_type=product&#038;p=2677"},"modified":"2026-02-27T16:18:00","modified_gmt":"2026-02-27T22:18:00","slug":"molinete-de-cuerpo-completo-armatura-sin-control-de-acceso-aegis-1000","status":"publish","type":"product","link":"https:\/\/www.diaspro.com.gt\/sitio\/producto\/molinete-de-cuerpo-completo-armatura-sin-control-de-acceso-aegis-1000\/","title":{"rendered":"Molinete de Cuerpo Completo Armatura sin control de acceso (Aegis-1000)"},"content":{"rendered":"<ul>\n<li>Torniquete de altura completa, altamente protector, vers\u00e1til y duradero<\/li>\n<li>Fuente de alimentaci\u00f3n: CA 100 V a 120 V \/ 200 V a 240 V, 50 a 60 Hz<\/li>\n<li>MCBF: 5 millones<\/li>\n<li>Tasa de rendimiento t\u00e9cnico: hasta 30 personas por minuto<\/li>\n<li>Direcci\u00f3n de acceso: direcci\u00f3n \u00fanica o bidireccional<\/li>\n<li>Material del gabinete: SUS304<\/li>\n<li>Ancho de carril: 23,62&#8243;<\/li>\n<li>Protecci\u00f3n\/resistencia: IPX4<\/li>\n<li>Modo de emergencia: soporte<\/li>\n<li>Peso bruto 473,99 lbs<\/li>\n<li>Potencia de funcionamiento: 20 W<\/li>\n<li>Dimensiones de los paneles con embalaje: 41,97&#8243; de ancho x 55,75&#8243; de largo x 88,19&#8243; de alto<\/li>\n<\/ul>\n","protected":false},"excerpt":{"rendered":"<blockquote><p><span style=\"color: #ff0000;\"><strong>Producto bajo pedido\u00a0<\/strong><\/span><\/p>\n<p><strong>\u00a1Escr\u00edbenos o ll\u00e1manos, nosotros te cotizamos!<\/strong><\/p><\/blockquote>\n","protected":false},"featured_media":2678,"comment_status":"open","ping_status":"closed","template":"","meta":{"_et_pb_use_builder":"","_et_pb_old_content":"","_et_gb_content_width":""},"product_brand":[],"product_cat":[559],"product_tag":[562,561],"class_list":{"0":"post-2677","1":"product","2":"type-product","3":"status-publish","4":"has-post-thumbnail","6":"product_cat-molinetes","7":"product_tag-cuerpo-completo","8":"product_tag-molinete","10":"first","11":"instock","12":"shipping-taxable","13":"product-type-simple"},"jetpack_sharing_enabled":true,"jetpack_likes_enabled":true,"_links":{"self":[{"href":"https:\/\/www.diaspro.com.gt\/sitio\/wp-json\/wp\/v2\/product\/2677","targetHints":{"allow":["GET"]}}],"collection":[{"href":"https:\/\/www.diaspro.com.gt\/sitio\/wp-json\/wp\/v2\/product"}],"about":[{"href":"https:\/\/www.diaspro.com.gt\/sitio\/wp-json\/wp\/v2\/types\/product"}],"replies":[{"embeddable":true,"href":"https:\/\/www.diaspro.com.gt\/sitio\/wp-json\/wp\/v2\/comments?post=2677"}],"wp:featuredmedia":[{"embeddable":true,"href":"https:\/\/www.diaspro.com.gt\/sitio\/wp-json\/wp\/v2\/media\/2678"}],"wp:attachment":[{"href":"https:\/\/www.diaspro.com.gt\/sitio\/wp-json\/wp\/v2\/media?parent=2677"}],"wp:term":[{"taxonomy":"product_brand","embeddable":true,"href":"https:\/\/www.diaspro.com.gt\/sitio\/wp-json\/wp\/v2\/product_brand?post=2677"},{"taxonomy":"product_cat","embeddable":true,"href":"https:\/\/www.diaspro.com.gt\/sitio\/wp-json\/wp\/v2\/product_cat?post=2677"},{"taxonomy":"product_tag","embeddable":true,"href":"https:\/\/www.diaspro.com.gt\/sitio\/wp-json\/wp\/v2\/product_tag?post=2677"}],"curies":[{"name":"wp","href":"https:\/\/api.w.org\/{rel}","templated":true}]}}