{"id":2665,"date":"2025-01-28T16:50:51","date_gmt":"2025-01-28T22:50:51","guid":{"rendered":"https:\/\/www.diaspro.com.gt\/sitio\/?post_type=product&#038;p=2665"},"modified":"2026-02-05T09:12:00","modified_gmt":"2026-02-05T15:12:00","slug":"barrera-cmp200-brazo-de-4-5-mts","status":"publish","type":"product","link":"https:\/\/www.diaspro.com.gt\/sitio\/producto\/barrera-cmp200-brazo-de-4-5-mts\/","title":{"rendered":"Barrera CMP200 Brazo de 4.5 Mts"},"content":{"rendered":"<ul>\n<li>Tipo: Brazo telesc\u00f3pico recto<\/li>\n<li>Largo de Brazo: .\u22644.5m<\/li>\n<li>Tiempo de Apertura \/ Cierre: 3s<\/li>\n<li>Fuente de Alimentaci\u00f3n: AC110V\/60Hz<\/li>\n<li>Consumo de Energ\u00eda: 100W<\/li>\n<li>Distancia de Control Remoto: \u226430m<\/li>\n<li>Material del Brazo: Aleaci\u00f3n de aluminio<\/li>\n<li>Temperatura de Operaci\u00f3n: -25\u00b0C ~ +75\u00b0C<\/li>\n<li>Humedad de Operaci\u00f3n: .\u226490%<\/li>\n<li>Dimensiones: 350 (D)*280(W)*1010 (H) mm<\/li>\n<li>El \u00e1ngulo de apertura de la barrera es de 90\u00b0 +- 2\u00b0<\/li>\n<li>L\u00edmites de apertura y cierre electr\u00f3nicos, con salida de revelador incluida.<\/li>\n<li>Entradas para accesorios de seguridad como detector vehicular, sensor infrarrojo para detecci\u00f3n de obst\u00e1culos. Adem\u00e1s, la barrera incluye detector de obst\u00e1culos por impacto.<\/li>\n<li>Protecci\u00f3n del motor. La barrera incluye temporizadores que regulan el tiempo de funcionamiento del motor; \u00fatil en situaciones extraordinarias donde los sensores de l\u00edmite de apertura\/cierre no funcionen o est\u00e9n desconectados.<\/li>\n<li>La barrera incluye entradas para conexi\u00f3n de interfaces de control, tales como botones de salida, paneles de control de acceso, receptores inal\u00e1mbricos o cualquier interruptor de contacto seco. Adem\u00e1s, incluye en la caja 2 controles remotos con alcance de hasta 30 metros en l\u00ednea de vista.<\/li>\n<li>No tiene funci\u00f3n de auto-cierre, requiere Radar VR10, Sensor de Masa o Fotocelda.<\/li>\n<li><\/li>\n<\/ul>\n<p>&nbsp;<\/p>\n","protected":false},"excerpt":{"rendered":"<blockquote><p><span style=\"color: #ff0000;\"><strong>Producto bajo pedido\u00a0<\/strong><\/span><\/p>\n<p><strong>\u00a1Escr\u00edbenos o ll\u00e1manos, nosotros te cotizamos!<\/strong><\/p><\/blockquote>\n","protected":false},"featured_media":2666,"comment_status":"open","ping_status":"closed","template":"","meta":{"_et_pb_use_builder":"","_et_pb_old_content":"","_et_gb_content_width":""},"product_brand":[],"product_cat":[552],"product_tag":[555,553,554],"class_list":{"0":"post-2665","1":"product","2":"type-product","3":"status-publish","4":"has-post-thumbnail","6":"product_cat-barreras-de-acceso-p-parqueo","7":"product_tag-4-5mts","8":"product_tag-barrera","9":"product_tag-cmp200","11":"first","12":"instock","13":"shipping-taxable","14":"product-type-simple"},"jetpack_sharing_enabled":true,"jetpack_likes_enabled":true,"_links":{"self":[{"href":"https:\/\/www.diaspro.com.gt\/sitio\/wp-json\/wp\/v2\/product\/2665","targetHints":{"allow":["GET"]}}],"collection":[{"href":"https:\/\/www.diaspro.com.gt\/sitio\/wp-json\/wp\/v2\/product"}],"about":[{"href":"https:\/\/www.diaspro.com.gt\/sitio\/wp-json\/wp\/v2\/types\/product"}],"replies":[{"embeddable":true,"href":"https:\/\/www.diaspro.com.gt\/sitio\/wp-json\/wp\/v2\/comments?post=2665"}],"wp:featuredmedia":[{"embeddable":true,"href":"https:\/\/www.diaspro.com.gt\/sitio\/wp-json\/wp\/v2\/media\/2666"}],"wp:attachment":[{"href":"https:\/\/www.diaspro.com.gt\/sitio\/wp-json\/wp\/v2\/media?parent=2665"}],"wp:term":[{"taxonomy":"product_brand","embeddable":true,"href":"https:\/\/www.diaspro.com.gt\/sitio\/wp-json\/wp\/v2\/product_brand?post=2665"},{"taxonomy":"product_cat","embeddable":true,"href":"https:\/\/www.diaspro.com.gt\/sitio\/wp-json\/wp\/v2\/product_cat?post=2665"},{"taxonomy":"product_tag","embeddable":true,"href":"https:\/\/www.diaspro.com.gt\/sitio\/wp-json\/wp\/v2\/product_tag?post=2665"}],"curies":[{"name":"wp","href":"https:\/\/api.w.org\/{rel}","templated":true}]}}