{"id":2645,"date":"2025-01-20T16:02:26","date_gmt":"2025-01-20T22:02:26","guid":{"rendered":"https:\/\/www.diaspro.com.gt\/sitio\/?post_type=product&#038;p=2645"},"modified":"2025-01-20T16:02:26","modified_gmt":"2025-01-20T22:02:26","slug":"blister-con-4-pilas-zinc-carbon-aa-volteck","status":"publish","type":"product","link":"https:\/\/www.diaspro.com.gt\/sitio\/producto\/blister-con-4-pilas-zinc-carbon-aa-volteck\/","title":{"rendered":"Bl\u00edster con 4 pilas zinc-carb\u00f3n AA, VOLTECK"},"content":{"rendered":"<div class=\"row body_especs tamanio_text\">\n<div class=\"col-11 especs_margen\">\n<ul>\n<li class=\"lh-2\"><span>Misma duraci\u00f3n que las marcas m\u00e1s reconocidas<\/span><\/li>\n<li class=\"lh-2\">No contiene mercurio ni cadmio<\/li>\n<li class=\"lh-2\">Para dispositivos de bajo consumo de energ\u00eda.<\/li>\n<\/ul>\n<\/div>\n<\/div>\n","protected":false},"excerpt":{"rendered":"<p>Misma duraci\u00f3n que las marcas m\u00e1s reconocidas No contiene mercurio ni cadmio Para dispositivos de bajo consumo de energ\u00eda.<\/p>\n","protected":false},"featured_media":2646,"comment_status":"open","ping_status":"closed","template":"","meta":{"_et_pb_use_builder":"","_et_pb_old_content":"","_et_gb_content_width":""},"product_brand":[],"product_cat":[317],"product_tag":[547,544],"class_list":{"0":"post-2645","1":"product","2":"type-product","3":"status-publish","4":"has-post-thumbnail","6":"product_cat-baterias","7":"product_tag-aa","8":"product_tag-volteck","10":"first","11":"instock","12":"shipping-taxable","13":"purchasable","14":"product-type-simple"},"jetpack_sharing_enabled":true,"jetpack_likes_enabled":true,"_links":{"self":[{"href":"https:\/\/www.diaspro.com.gt\/sitio\/wp-json\/wp\/v2\/product\/2645","targetHints":{"allow":["GET"]}}],"collection":[{"href":"https:\/\/www.diaspro.com.gt\/sitio\/wp-json\/wp\/v2\/product"}],"about":[{"href":"https:\/\/www.diaspro.com.gt\/sitio\/wp-json\/wp\/v2\/types\/product"}],"replies":[{"embeddable":true,"href":"https:\/\/www.diaspro.com.gt\/sitio\/wp-json\/wp\/v2\/comments?post=2645"}],"wp:featuredmedia":[{"embeddable":true,"href":"https:\/\/www.diaspro.com.gt\/sitio\/wp-json\/wp\/v2\/media\/2646"}],"wp:attachment":[{"href":"https:\/\/www.diaspro.com.gt\/sitio\/wp-json\/wp\/v2\/media?parent=2645"}],"wp:term":[{"taxonomy":"product_brand","embeddable":true,"href":"https:\/\/www.diaspro.com.gt\/sitio\/wp-json\/wp\/v2\/product_brand?post=2645"},{"taxonomy":"product_cat","embeddable":true,"href":"https:\/\/www.diaspro.com.gt\/sitio\/wp-json\/wp\/v2\/product_cat?post=2645"},{"taxonomy":"product_tag","embeddable":true,"href":"https:\/\/www.diaspro.com.gt\/sitio\/wp-json\/wp\/v2\/product_tag?post=2645"}],"curies":[{"name":"wp","href":"https:\/\/api.w.org\/{rel}","templated":true}]}}