{"id":2629,"date":"2025-01-20T14:37:03","date_gmt":"2025-01-20T20:37:03","guid":{"rendered":"https:\/\/www.diaspro.com.gt\/sitio\/?post_type=product&#038;p=2629"},"modified":"2025-02-12T14:38:59","modified_gmt":"2025-02-12T20:38:59","slug":"despachador-con-16-pilas-alcalinas-aaa-volteck","status":"publish","type":"product","link":"https:\/\/www.diaspro.com.gt\/sitio\/producto\/despachador-con-16-pilas-alcalinas-aaa-volteck\/","title":{"rendered":"PILA ALCALINA AAA VOLTECK"},"content":{"rendered":"<div class=\"row body_especs tamanio_text\">\n<div class=\"col-11 especs_margen\">\n<ul>\n<li class=\"lh-2\">Misma duraci\u00f3n que las marcas m\u00e1s reconocidas<\/li>\n<li class=\"lh-2\">No contienen mercurio ni cadmio<\/li>\n<li class=\"lh-2\">Para dispositivos de mayor consumo de energ\u00eda<\/li>\n<li class=\"lh-2\">Las pilas alcalinas son de mayor duraci\u00f3n que las normales y menos perjudiciales para el medio ambiente<\/li>\n<li>Voltaje 1.5<\/li>\n<li>Duraci\u00f3n m\u00ednima promedio 490 minutos<\/li>\n<\/ul>\n<\/div>\n<\/div>\n","protected":false},"excerpt":{"rendered":"<p>Misma duraci\u00f3n que las marcas m\u00e1s reconocidas No contienen mercurio ni cadmio Para dispositivos de mayor consumo de energ\u00eda Las pilas alcalinas son de mayor duraci\u00f3n que las normales y menos perjudiciales para el medio ambiente Voltaje 1.5 Duraci\u00f3n m\u00ednima promedio 490 minutos<\/p>\n","protected":false},"featured_media":2711,"comment_status":"open","ping_status":"closed","template":"","meta":{"_et_pb_use_builder":"","_et_pb_old_content":"","_et_gb_content_width":""},"product_brand":[],"product_cat":[317],"product_tag":[546,544],"class_list":{"0":"post-2629","1":"product","2":"type-product","3":"status-publish","4":"has-post-thumbnail","6":"product_cat-baterias","7":"product_tag-aaa","8":"product_tag-volteck","10":"first","11":"instock","12":"shipping-taxable","13":"purchasable","14":"product-type-simple"},"jetpack_sharing_enabled":true,"jetpack_likes_enabled":true,"_links":{"self":[{"href":"https:\/\/www.diaspro.com.gt\/sitio\/wp-json\/wp\/v2\/product\/2629","targetHints":{"allow":["GET"]}}],"collection":[{"href":"https:\/\/www.diaspro.com.gt\/sitio\/wp-json\/wp\/v2\/product"}],"about":[{"href":"https:\/\/www.diaspro.com.gt\/sitio\/wp-json\/wp\/v2\/types\/product"}],"replies":[{"embeddable":true,"href":"https:\/\/www.diaspro.com.gt\/sitio\/wp-json\/wp\/v2\/comments?post=2629"}],"wp:featuredmedia":[{"embeddable":true,"href":"https:\/\/www.diaspro.com.gt\/sitio\/wp-json\/wp\/v2\/media\/2711"}],"wp:attachment":[{"href":"https:\/\/www.diaspro.com.gt\/sitio\/wp-json\/wp\/v2\/media?parent=2629"}],"wp:term":[{"taxonomy":"product_brand","embeddable":true,"href":"https:\/\/www.diaspro.com.gt\/sitio\/wp-json\/wp\/v2\/product_brand?post=2629"},{"taxonomy":"product_cat","embeddable":true,"href":"https:\/\/www.diaspro.com.gt\/sitio\/wp-json\/wp\/v2\/product_cat?post=2629"},{"taxonomy":"product_tag","embeddable":true,"href":"https:\/\/www.diaspro.com.gt\/sitio\/wp-json\/wp\/v2\/product_tag?post=2629"}],"curies":[{"name":"wp","href":"https:\/\/api.w.org\/{rel}","templated":true}]}}