{"id":2618,"date":"2025-01-20T12:59:40","date_gmt":"2025-01-20T18:59:40","guid":{"rendered":"https:\/\/www.diaspro.com.gt\/sitio\/?post_type=product&#038;p=2618"},"modified":"2025-01-20T12:59:40","modified_gmt":"2025-01-20T18:59:40","slug":"blister-con-2-pilas-alcalinas-d-volteck","status":"publish","type":"product","link":"https:\/\/www.diaspro.com.gt\/sitio\/producto\/blister-con-2-pilas-alcalinas-d-volteck\/","title":{"rendered":"Bl\u00edster con 2 pilas alcalinas D, VOLTECK"},"content":{"rendered":"<div class=\"row body_especs tamanio_text\">\n<div class=\"col-11 especs_margen\">\n<ul>\n<li class=\"lh-2\">Misma duraci\u00f3n que las marcas m\u00e1s reconocidas<\/li>\n<li class=\"lh-2\">No contienen mercurio ni cadmio<\/li>\n<li class=\"lh-2\">Para dispositivos de mayor consumo de energ\u00eda<\/li>\n<li class=\"lh-2\">Las pilas alcalinas son de mayor duraci\u00f3n que las normales y menos perjudiciales para el medio ambiente<\/li>\n<li>Duraci\u00f3n m\u00ednima promedio: 1,100 minutos<\/li>\n<li>Voltaje 1.5 V<\/li>\n<li>Tipo: D Alcalina<\/li>\n<\/ul>\n<\/div>\n<\/div>\n","protected":false},"excerpt":{"rendered":"<p>Misma duraci\u00f3n que las marcas m\u00e1s reconocidas No contienen mercurio ni cadmio Para dispositivos de mayor consumo de energ\u00eda Las pilas alcalinas son de mayor duraci\u00f3n que las normales y menos perjudiciales para el medio ambiente Duraci\u00f3n m\u00ednima promedio: 1,100 minutos Voltaje 1.5 V Tipo: D Alcalina<\/p>\n","protected":false},"featured_media":2619,"comment_status":"open","ping_status":"closed","template":"","meta":{"_et_pb_use_builder":"","_et_pb_old_content":"","_et_gb_content_width":""},"product_brand":[],"product_cat":[317],"product_tag":[318,544],"class_list":{"0":"post-2618","1":"product","2":"type-product","3":"status-publish","4":"has-post-thumbnail","6":"product_cat-baterias","7":"product_tag-bateria","8":"product_tag-volteck","10":"first","11":"instock","12":"shipping-taxable","13":"purchasable","14":"product-type-simple"},"jetpack_sharing_enabled":true,"jetpack_likes_enabled":true,"_links":{"self":[{"href":"https:\/\/www.diaspro.com.gt\/sitio\/wp-json\/wp\/v2\/product\/2618","targetHints":{"allow":["GET"]}}],"collection":[{"href":"https:\/\/www.diaspro.com.gt\/sitio\/wp-json\/wp\/v2\/product"}],"about":[{"href":"https:\/\/www.diaspro.com.gt\/sitio\/wp-json\/wp\/v2\/types\/product"}],"replies":[{"embeddable":true,"href":"https:\/\/www.diaspro.com.gt\/sitio\/wp-json\/wp\/v2\/comments?post=2618"}],"wp:featuredmedia":[{"embeddable":true,"href":"https:\/\/www.diaspro.com.gt\/sitio\/wp-json\/wp\/v2\/media\/2619"}],"wp:attachment":[{"href":"https:\/\/www.diaspro.com.gt\/sitio\/wp-json\/wp\/v2\/media?parent=2618"}],"wp:term":[{"taxonomy":"product_brand","embeddable":true,"href":"https:\/\/www.diaspro.com.gt\/sitio\/wp-json\/wp\/v2\/product_brand?post=2618"},{"taxonomy":"product_cat","embeddable":true,"href":"https:\/\/www.diaspro.com.gt\/sitio\/wp-json\/wp\/v2\/product_cat?post=2618"},{"taxonomy":"product_tag","embeddable":true,"href":"https:\/\/www.diaspro.com.gt\/sitio\/wp-json\/wp\/v2\/product_tag?post=2618"}],"curies":[{"name":"wp","href":"https:\/\/api.w.org\/{rel}","templated":true}]}}