{"id":2614,"date":"2025-01-08T15:22:12","date_gmt":"2025-01-08T21:22:12","guid":{"rendered":"https:\/\/www.diaspro.com.gt\/sitio\/?post_type=product&#038;p=2614"},"modified":"2025-10-23T15:15:09","modified_gmt":"2025-10-23T21:15:09","slug":"luz-de-obstruccion-led-120v-ac-color-rojo-intermitente","status":"publish","type":"product","link":"https:\/\/www.diaspro.com.gt\/sitio\/producto\/luz-de-obstruccion-led-120v-ac-color-rojo-intermitente\/","title":{"rendered":"Luz de obstrucci\u00f3n led 120V AC color rojo intermitente"},"content":{"rendered":"<ul>\n<li>INTENSIDAD EFECTIVA:10 CANDELAS.<\/li>\n<li>CUENTA CON SENSOR DE FOTOC\u00c9LULA.<\/li>\n<li>SOPORTA CONDICIONES CLIM\u00c1TICAS ADVERSAS.<\/li>\n<li>BAJO CONSUMO DE ENERG\u00cdA Y LARGA VIDA \u00daTIL.<\/li>\n<li>\u00a0LENTE DE POLICARBONATO LEXAN DURADERO.<\/li>\n<li>BASE DE ALUMINIO CON PINTURA EN POLVO RESISTENTE A LA CORROSI\u00d3N<\/li>\n<li>PROTECCI\u00d3N CONTRA SOBRETENSIONES 2KV<\/li>\n<li>SIN RADICACI\u00d3N RF , CUMPLE CON EMC<\/li>\n<li>VELOCIDAD DE PARPADEO AJUSTABLE<\/li>\n<li>CUENTA CON CONT\u00c1CTOS DE ALARMA SECOS NO Y NC.<\/li>\n<li>POLARIDAD INVERTIDA PROTEGIDA TIPO CC<\/li>\n<li>PUAS PARA P\u00c1JAROS, PROTECCI\u00d3N CONTRA LA SUCIEDAD<\/li>\n<\/ul>\n","protected":false},"excerpt":{"rendered":"<p>INTENSIDAD EFECTIVA:10 CANDELAS. CUENTA CON SENSOR DE FOTOC\u00c9LULA. SOPORTA CONDICIONES CLIM\u00c1TICAS ADVERSAS. BAJO CONSUMO DE ENERG\u00cdA Y LARGA VIDA \u00daTIL. \u00a0LENTE DE POLICARBONATO LEXAN DURADERO. BASE DE ALUMINIO CON PINTURA EN POLVO RESISTENTE A LA CORROSI\u00d3N PROTECCI\u00d3N CONTRA SOBRETENSIONES 2KV SIN RADICACI\u00d3N RF , CUMPLE CON EMC VELOCIDAD DE PARPADEO AJUSTABLE CUENTA CON CONT\u00c1CTOS DE [&hellip;]<\/p>\n","protected":false},"featured_media":2615,"comment_status":"open","ping_status":"closed","template":"","meta":{"_et_pb_use_builder":"","_et_pb_old_content":"","_et_gb_content_width":""},"product_brand":[],"product_cat":[47],"product_tag":[543,287],"class_list":{"0":"post-2614","1":"product","2":"type-product","3":"status-publish","4":"has-post-thumbnail","6":"product_cat-iluminacion","7":"product_tag-120v","8":"product_tag-obstruccion","10":"first","11":"instock","12":"shipping-taxable","13":"purchasable","14":"product-type-simple"},"jetpack_sharing_enabled":true,"jetpack_likes_enabled":true,"_links":{"self":[{"href":"https:\/\/www.diaspro.com.gt\/sitio\/wp-json\/wp\/v2\/product\/2614","targetHints":{"allow":["GET"]}}],"collection":[{"href":"https:\/\/www.diaspro.com.gt\/sitio\/wp-json\/wp\/v2\/product"}],"about":[{"href":"https:\/\/www.diaspro.com.gt\/sitio\/wp-json\/wp\/v2\/types\/product"}],"replies":[{"embeddable":true,"href":"https:\/\/www.diaspro.com.gt\/sitio\/wp-json\/wp\/v2\/comments?post=2614"}],"wp:featuredmedia":[{"embeddable":true,"href":"https:\/\/www.diaspro.com.gt\/sitio\/wp-json\/wp\/v2\/media\/2615"}],"wp:attachment":[{"href":"https:\/\/www.diaspro.com.gt\/sitio\/wp-json\/wp\/v2\/media?parent=2614"}],"wp:term":[{"taxonomy":"product_brand","embeddable":true,"href":"https:\/\/www.diaspro.com.gt\/sitio\/wp-json\/wp\/v2\/product_brand?post=2614"},{"taxonomy":"product_cat","embeddable":true,"href":"https:\/\/www.diaspro.com.gt\/sitio\/wp-json\/wp\/v2\/product_cat?post=2614"},{"taxonomy":"product_tag","embeddable":true,"href":"https:\/\/www.diaspro.com.gt\/sitio\/wp-json\/wp\/v2\/product_tag?post=2614"}],"curies":[{"name":"wp","href":"https:\/\/api.w.org\/{rel}","templated":true}]}}