{"id":2605,"date":"2024-12-17T09:18:28","date_gmt":"2024-12-17T15:18:28","guid":{"rendered":"https:\/\/www.diaspro.com.gt\/sitio\/?post_type=product&#038;p=2605"},"modified":"2026-02-04T16:14:53","modified_gmt":"2026-02-04T22:14:53","slug":"hidrolavadora-electrica-135bar-2000-psi","status":"publish","type":"product","link":"https:\/\/www.diaspro.com.gt\/sitio\/producto\/hidrolavadora-electrica-135bar-2000-psi\/","title":{"rendered":"Hidrolavadora El\u00e9ctrica 135BAR\/2000 PSI"},"content":{"rendered":"<ul>\n<li>M\u00c1XIMA PRESI\u00d3N 135 BAR( 2000 PSI)<\/li>\n<li>PRESI\u00d3N NOMINAL 90 BAR (1300 PSI)<\/li>\n<li>CAUDAL NOMINAL 5L\/MIN<\/li>\n<\/ul>\n","protected":false},"excerpt":{"rendered":"<p>M\u00c1XIMA PRESI\u00d3N 135 BAR( 2000 PSI) PRESI\u00d3N NOMINAL 90 BAR (1300 PSI) CAUDAL NOMINAL 5L\/MIN<\/p>\n","protected":false},"featured_media":2606,"comment_status":"open","ping_status":"closed","template":"","meta":{"_et_pb_use_builder":"","_et_pb_old_content":"","_et_gb_content_width":""},"product_brand":[],"product_cat":[606],"product_tag":[510,538],"class_list":{"0":"post-2605","1":"product","2":"type-product","3":"status-publish","4":"has-post-thumbnail","6":"product_cat-tolsen","7":"product_tag-electrica","8":"product_tag-hidrolavadora","10":"first","11":"instock","12":"shipping-taxable","13":"purchasable","14":"product-type-simple"},"jetpack_sharing_enabled":true,"jetpack_likes_enabled":true,"_links":{"self":[{"href":"https:\/\/www.diaspro.com.gt\/sitio\/wp-json\/wp\/v2\/product\/2605","targetHints":{"allow":["GET"]}}],"collection":[{"href":"https:\/\/www.diaspro.com.gt\/sitio\/wp-json\/wp\/v2\/product"}],"about":[{"href":"https:\/\/www.diaspro.com.gt\/sitio\/wp-json\/wp\/v2\/types\/product"}],"replies":[{"embeddable":true,"href":"https:\/\/www.diaspro.com.gt\/sitio\/wp-json\/wp\/v2\/comments?post=2605"}],"wp:featuredmedia":[{"embeddable":true,"href":"https:\/\/www.diaspro.com.gt\/sitio\/wp-json\/wp\/v2\/media\/2606"}],"wp:attachment":[{"href":"https:\/\/www.diaspro.com.gt\/sitio\/wp-json\/wp\/v2\/media?parent=2605"}],"wp:term":[{"taxonomy":"product_brand","embeddable":true,"href":"https:\/\/www.diaspro.com.gt\/sitio\/wp-json\/wp\/v2\/product_brand?post=2605"},{"taxonomy":"product_cat","embeddable":true,"href":"https:\/\/www.diaspro.com.gt\/sitio\/wp-json\/wp\/v2\/product_cat?post=2605"},{"taxonomy":"product_tag","embeddable":true,"href":"https:\/\/www.diaspro.com.gt\/sitio\/wp-json\/wp\/v2\/product_tag?post=2605"}],"curies":[{"name":"wp","href":"https:\/\/api.w.org\/{rel}","templated":true}]}}