{"id":2363,"date":"2024-12-04T16:06:40","date_gmt":"2024-12-04T22:06:40","guid":{"rendered":"https:\/\/www.diaspro.com.gt\/sitio\/?post_type=product&#038;p=2363"},"modified":"2025-11-18T11:00:46","modified_gmt":"2025-11-18T17:00:46","slug":"lampara-led-6w-tipo-16-base-gu5-3-luz-de-dia","status":"publish","type":"product","link":"https:\/\/www.diaspro.com.gt\/sitio\/producto\/lampara-led-6w-tipo-16-base-gu5-3-luz-de-dia\/","title":{"rendered":"L\u00e1mpara LED 6W Tipo 16 Base GU5.3 Luz de d\u00eda"},"content":{"rendered":"<div class=\"row body_especs tamanio_text\">\n<div class=\"col-11 especs_margen\">\n<ul>\n<li class=\"lh-2\">Ahorra hasta el 85% en el consumo de energ\u00eda<\/li>\n<li class=\"lh-2\">Cuerpo de PBT y pantalla de policarbonato<\/li>\n<li class=\"lh-2\">Encendido instant\u00e1neo (proporciona el 100% de brillo al encender)<\/li>\n<li class=\"lh-2\">Ideal para iluminaci\u00f3n decorativa y de acento<\/li>\n<li class=\"lh-2\">No utilice con atenuadores (dimmers)<\/li>\n<\/ul>\n<\/div>\n<\/div>\n","protected":false},"excerpt":{"rendered":"<p>Ahorra hasta el 85% en el consumo de energ\u00eda Cuerpo de PBT y pantalla de policarbonato Encendido instant\u00e1neo (proporciona el 100% de brillo al encender) Ideal para iluminaci\u00f3n decorativa y de acento No utilice con atenuadores (dimmers)<\/p>\n","protected":false},"featured_media":2364,"comment_status":"open","ping_status":"closed","template":"","meta":{"_et_pb_use_builder":"","_et_pb_old_content":"","_et_gb_content_width":""},"product_brand":[],"product_cat":[47],"product_tag":[49,468],"class_list":{"0":"post-2363","1":"product","2":"type-product","3":"status-publish","4":"has-post-thumbnail","6":"product_cat-iluminacion","7":"product_tag-led","8":"product_tag-luz-de-dia-6w","10":"first","11":"instock","12":"shipping-taxable","13":"purchasable","14":"product-type-simple"},"jetpack_sharing_enabled":true,"jetpack_likes_enabled":true,"_links":{"self":[{"href":"https:\/\/www.diaspro.com.gt\/sitio\/wp-json\/wp\/v2\/product\/2363","targetHints":{"allow":["GET"]}}],"collection":[{"href":"https:\/\/www.diaspro.com.gt\/sitio\/wp-json\/wp\/v2\/product"}],"about":[{"href":"https:\/\/www.diaspro.com.gt\/sitio\/wp-json\/wp\/v2\/types\/product"}],"replies":[{"embeddable":true,"href":"https:\/\/www.diaspro.com.gt\/sitio\/wp-json\/wp\/v2\/comments?post=2363"}],"wp:featuredmedia":[{"embeddable":true,"href":"https:\/\/www.diaspro.com.gt\/sitio\/wp-json\/wp\/v2\/media\/2364"}],"wp:attachment":[{"href":"https:\/\/www.diaspro.com.gt\/sitio\/wp-json\/wp\/v2\/media?parent=2363"}],"wp:term":[{"taxonomy":"product_brand","embeddable":true,"href":"https:\/\/www.diaspro.com.gt\/sitio\/wp-json\/wp\/v2\/product_brand?post=2363"},{"taxonomy":"product_cat","embeddable":true,"href":"https:\/\/www.diaspro.com.gt\/sitio\/wp-json\/wp\/v2\/product_cat?post=2363"},{"taxonomy":"product_tag","embeddable":true,"href":"https:\/\/www.diaspro.com.gt\/sitio\/wp-json\/wp\/v2\/product_tag?post=2363"}],"curies":[{"name":"wp","href":"https:\/\/api.w.org\/{rel}","templated":true}]}}