{"id":2348,"date":"2024-12-04T12:38:13","date_gmt":"2024-12-04T18:38:13","guid":{"rendered":"https:\/\/www.diaspro.com.gt\/sitio\/?post_type=product&#038;p=2348"},"modified":"2025-01-22T15:48:33","modified_gmt":"2025-01-22T21:48:33","slug":"armadura-doble-p-20a-125v-beige-eagle","status":"publish","type":"product","link":"https:\/\/www.diaspro.com.gt\/sitio\/producto\/armadura-doble-p-20a-125v-beige-eagle\/","title":{"rendered":"Armadura doble P , 20A 125V Beige Eagle"},"content":{"rendered":"<ul>\n<li>Cubierta de pl\u00e1stico de alto impacto para servicio prolongado en usos industriales.<\/li>\n<li>Dise\u00f1o de soporte que permite f\u00e1cil alineamiento.<\/li>\n<li>Tipos de conexi\u00f3n de cable por medio autom\u00e1tico o con tornillo, la conexi\u00f3n a tierra se\u00f1alizada mediante un tornillo verde.<\/li>\n<li>Dise\u00f1o compacto para mejor espacio en instalaci\u00f3n.<\/li>\n<li>Construcci\u00f3n del cuerpo de alta resistencia mec\u00e1nica.<\/li>\n<li>Cuerpo angosto que provee gran espacio para los cables.<\/li>\n<\/ul>\n","protected":false},"excerpt":{"rendered":"<p>Cubierta de pl\u00e1stico de alto impacto para servicio prolongado en usos industriales. Dise\u00f1o de soporte que permite f\u00e1cil alineamiento. Tipos de conexi\u00f3n de cable por medio autom\u00e1tico o con tornillo, la conexi\u00f3n a tierra se\u00f1alizada mediante un tornillo verde. Dise\u00f1o compacto para mejor espacio en instalaci\u00f3n. Construcci\u00f3n del cuerpo de alta resistencia mec\u00e1nica. Cuerpo angosto [&hellip;]<\/p>\n","protected":false},"featured_media":2349,"comment_status":"open","ping_status":"closed","template":"","meta":{"_et_pb_use_builder":"","_et_pb_old_content":"","_et_gb_content_width":""},"product_brand":[],"product_cat":[17],"product_tag":[456,459],"class_list":{"0":"post-2348","1":"product","2":"type-product","3":"status-publish","4":"has-post-thumbnail","6":"product_cat-sin-categorizar","7":"product_tag-armadura","8":"product_tag-eagle","10":"first","11":"instock","12":"shipping-taxable","13":"purchasable","14":"product-type-simple"},"jetpack_sharing_enabled":true,"jetpack_likes_enabled":true,"_links":{"self":[{"href":"https:\/\/www.diaspro.com.gt\/sitio\/wp-json\/wp\/v2\/product\/2348","targetHints":{"allow":["GET"]}}],"collection":[{"href":"https:\/\/www.diaspro.com.gt\/sitio\/wp-json\/wp\/v2\/product"}],"about":[{"href":"https:\/\/www.diaspro.com.gt\/sitio\/wp-json\/wp\/v2\/types\/product"}],"replies":[{"embeddable":true,"href":"https:\/\/www.diaspro.com.gt\/sitio\/wp-json\/wp\/v2\/comments?post=2348"}],"wp:featuredmedia":[{"embeddable":true,"href":"https:\/\/www.diaspro.com.gt\/sitio\/wp-json\/wp\/v2\/media\/2349"}],"wp:attachment":[{"href":"https:\/\/www.diaspro.com.gt\/sitio\/wp-json\/wp\/v2\/media?parent=2348"}],"wp:term":[{"taxonomy":"product_brand","embeddable":true,"href":"https:\/\/www.diaspro.com.gt\/sitio\/wp-json\/wp\/v2\/product_brand?post=2348"},{"taxonomy":"product_cat","embeddable":true,"href":"https:\/\/www.diaspro.com.gt\/sitio\/wp-json\/wp\/v2\/product_cat?post=2348"},{"taxonomy":"product_tag","embeddable":true,"href":"https:\/\/www.diaspro.com.gt\/sitio\/wp-json\/wp\/v2\/product_tag?post=2348"}],"curies":[{"name":"wp","href":"https:\/\/api.w.org\/{rel}","templated":true}]}}