{"id":2346,"date":"2024-12-04T12:33:22","date_gmt":"2024-12-04T18:33:22","guid":{"rendered":"https:\/\/www.diaspro.com.gt\/sitio\/?post_type=product&#038;p=2346"},"modified":"2025-10-06T18:07:29","modified_gmt":"2025-10-07T00:07:29","slug":"armadura-50a-125-250v-para-estufa-p-caja-rectangular","status":"publish","type":"product","link":"https:\/\/www.diaspro.com.gt\/sitio\/producto\/armadura-50a-125-250v-para-estufa-p-caja-rectangular\/","title":{"rendered":"Armadura 50A 125\/250V para Estufa P\/CAJA Rectangular"},"content":{"rendered":"<ul>\n<li>Riel de montaje m\u00e1s largo y amplio para alinear de la mejor manera posible a la superficie de la pared o panel.<\/li>\n<li>Construcci\u00f3n del cuerpo de alta resistencia mec\u00e1nica<\/li>\n<li>Dise\u00f1o robusto y compacto, cubre las especificaciones de rendimiento del grado comercial.<\/li>\n<li>Utilizar con cable #10 &#8211; #4 AWG de cobre o aluminio.<\/li>\n<\/ul>\n","protected":false},"excerpt":{"rendered":"<p>Riel de montaje m\u00e1s largo y amplio para alinear de la mejor manera posible a la superficie de la pared o panel. Construcci\u00f3n del cuerpo de alta resistencia mec\u00e1nica Dise\u00f1o robusto y compacto, cubre las especificaciones de rendimiento del grado comercial. Utilizar con cable #10 &#8211; #4 AWG de cobre o aluminio.<\/p>\n","protected":false},"featured_media":2347,"comment_status":"open","ping_status":"closed","template":"","meta":{"_et_pb_use_builder":"","_et_pb_old_content":"","_et_gb_content_width":""},"product_brand":[],"product_cat":[17],"product_tag":[457,456,458],"class_list":{"0":"post-2346","1":"product","2":"type-product","3":"status-publish","4":"has-post-thumbnail","6":"product_cat-sin-categorizar","7":"product_tag-50a","8":"product_tag-armadura","9":"product_tag-para-estufa","11":"first","12":"instock","13":"shipping-taxable","14":"purchasable","15":"product-type-simple"},"jetpack_sharing_enabled":true,"jetpack_likes_enabled":true,"_links":{"self":[{"href":"https:\/\/www.diaspro.com.gt\/sitio\/wp-json\/wp\/v2\/product\/2346","targetHints":{"allow":["GET"]}}],"collection":[{"href":"https:\/\/www.diaspro.com.gt\/sitio\/wp-json\/wp\/v2\/product"}],"about":[{"href":"https:\/\/www.diaspro.com.gt\/sitio\/wp-json\/wp\/v2\/types\/product"}],"replies":[{"embeddable":true,"href":"https:\/\/www.diaspro.com.gt\/sitio\/wp-json\/wp\/v2\/comments?post=2346"}],"wp:featuredmedia":[{"embeddable":true,"href":"https:\/\/www.diaspro.com.gt\/sitio\/wp-json\/wp\/v2\/media\/2347"}],"wp:attachment":[{"href":"https:\/\/www.diaspro.com.gt\/sitio\/wp-json\/wp\/v2\/media?parent=2346"}],"wp:term":[{"taxonomy":"product_brand","embeddable":true,"href":"https:\/\/www.diaspro.com.gt\/sitio\/wp-json\/wp\/v2\/product_brand?post=2346"},{"taxonomy":"product_cat","embeddable":true,"href":"https:\/\/www.diaspro.com.gt\/sitio\/wp-json\/wp\/v2\/product_cat?post=2346"},{"taxonomy":"product_tag","embeddable":true,"href":"https:\/\/www.diaspro.com.gt\/sitio\/wp-json\/wp\/v2\/product_tag?post=2346"}],"curies":[{"name":"wp","href":"https:\/\/api.w.org\/{rel}","templated":true}]}}