{"id":2268,"date":"2024-12-03T15:53:18","date_gmt":"2024-12-03T21:53:18","guid":{"rendered":"https:\/\/www.diaspro.com.gt\/sitio\/?post_type=product&#038;p=2268"},"modified":"2025-08-05T11:50:42","modified_gmt":"2025-08-05T17:50:42","slug":"tijera-para-hojalatero","status":"publish","type":"product","link":"https:\/\/www.diaspro.com.gt\/sitio\/producto\/tijera-para-hojalatero\/","title":{"rendered":"Tijera para Hojalatero"},"content":{"rendered":"<div class=\"row body_especs tamanio_text\">\n<div class=\"col-11 especs_margen\">\n<ul>\n<li class=\"lh-2\">Forjada en acero al carbono con acabado satinado que evita la oxidaci\u00f3n<\/li>\n<li class=\"lh-2\">Rectificado y afilado de alta precisi\u00f3n para cortes m\u00e1s limpios y con menos esfuerzo<\/li>\n<li class=\"lh-2\">Mangos de vinil acojinado<\/li>\n<\/ul>\n<\/div>\n<\/div>\n","protected":false},"excerpt":{"rendered":"<p>Forjada en acero al carbono con acabado satinado que evita la oxidaci\u00f3n Rectificado y afilado de alta precisi\u00f3n para cortes m\u00e1s limpios y con menos esfuerzo Mangos de vinil acojinado<\/p>\n","protected":false},"featured_media":2269,"comment_status":"open","ping_status":"closed","template":"","meta":{"_et_pb_use_builder":"","_et_pb_old_content":"","_et_gb_content_width":""},"product_brand":[],"product_cat":[58],"product_tag":[423,156],"class_list":{"0":"post-2268","1":"product","2":"type-product","3":"status-publish","4":"has-post-thumbnail","6":"product_cat-herramientas","7":"product_tag-hojalatera","8":"product_tag-tijera","10":"first","11":"instock","12":"shipping-taxable","13":"purchasable","14":"product-type-simple"},"jetpack_sharing_enabled":true,"jetpack_likes_enabled":true,"_links":{"self":[{"href":"https:\/\/www.diaspro.com.gt\/sitio\/wp-json\/wp\/v2\/product\/2268","targetHints":{"allow":["GET"]}}],"collection":[{"href":"https:\/\/www.diaspro.com.gt\/sitio\/wp-json\/wp\/v2\/product"}],"about":[{"href":"https:\/\/www.diaspro.com.gt\/sitio\/wp-json\/wp\/v2\/types\/product"}],"replies":[{"embeddable":true,"href":"https:\/\/www.diaspro.com.gt\/sitio\/wp-json\/wp\/v2\/comments?post=2268"}],"wp:featuredmedia":[{"embeddable":true,"href":"https:\/\/www.diaspro.com.gt\/sitio\/wp-json\/wp\/v2\/media\/2269"}],"wp:attachment":[{"href":"https:\/\/www.diaspro.com.gt\/sitio\/wp-json\/wp\/v2\/media?parent=2268"}],"wp:term":[{"taxonomy":"product_brand","embeddable":true,"href":"https:\/\/www.diaspro.com.gt\/sitio\/wp-json\/wp\/v2\/product_brand?post=2268"},{"taxonomy":"product_cat","embeddable":true,"href":"https:\/\/www.diaspro.com.gt\/sitio\/wp-json\/wp\/v2\/product_cat?post=2268"},{"taxonomy":"product_tag","embeddable":true,"href":"https:\/\/www.diaspro.com.gt\/sitio\/wp-json\/wp\/v2\/product_tag?post=2268"}],"curies":[{"name":"wp","href":"https:\/\/api.w.org\/{rel}","templated":true}]}}