{"id":2226,"date":"2024-12-03T11:35:01","date_gmt":"2024-12-03T17:35:01","guid":{"rendered":"https:\/\/www.diaspro.com.gt\/sitio\/?post_type=product&#038;p=2226"},"modified":"2025-10-14T14:18:36","modified_gmt":"2025-10-14T20:18:36","slug":"caja-de-registro-4pulg8pulg8plg","status":"publish","type":"product","link":"https:\/\/www.diaspro.com.gt\/sitio\/producto\/caja-de-registro-4pulg8pulg8plg\/","title":{"rendered":"Caja de Registro 4Pulg*8Pulg*8PLG"},"content":{"rendered":"<ul>\n<li>Dimensiones: 4x8x8<\/li>\n<li>Material: acero pregalvanizado.<\/li>\n<li>Instalaci\u00f3n: interior y exterior en ambientes h\u00famedos, salinos, etc.<\/li>\n<li>Permite realizar uniones o derivaciones de ductos y conductores el\u00e9ctricos<\/li>\n<\/ul>\n","protected":false},"excerpt":{"rendered":"<p>Dimensiones: 4x8x8 Material: acero pregalvanizado. Instalaci\u00f3n: interior y exterior en ambientes h\u00famedos, salinos, etc. Permite realizar uniones o derivaciones de ductos y conductores el\u00e9ctricos<\/p>\n","protected":false},"featured_media":2227,"comment_status":"open","ping_status":"closed","template":"","meta":{"_et_pb_use_builder":"","_et_pb_old_content":"","_et_gb_content_width":""},"product_brand":[],"product_cat":[58],"product_tag":[],"class_list":{"0":"post-2226","1":"product","2":"type-product","3":"status-publish","4":"has-post-thumbnail","6":"product_cat-herramientas","8":"first","9":"instock","10":"shipping-taxable","11":"purchasable","12":"product-type-simple"},"jetpack_sharing_enabled":true,"jetpack_likes_enabled":true,"_links":{"self":[{"href":"https:\/\/www.diaspro.com.gt\/sitio\/wp-json\/wp\/v2\/product\/2226","targetHints":{"allow":["GET"]}}],"collection":[{"href":"https:\/\/www.diaspro.com.gt\/sitio\/wp-json\/wp\/v2\/product"}],"about":[{"href":"https:\/\/www.diaspro.com.gt\/sitio\/wp-json\/wp\/v2\/types\/product"}],"replies":[{"embeddable":true,"href":"https:\/\/www.diaspro.com.gt\/sitio\/wp-json\/wp\/v2\/comments?post=2226"}],"wp:featuredmedia":[{"embeddable":true,"href":"https:\/\/www.diaspro.com.gt\/sitio\/wp-json\/wp\/v2\/media\/2227"}],"wp:attachment":[{"href":"https:\/\/www.diaspro.com.gt\/sitio\/wp-json\/wp\/v2\/media?parent=2226"}],"wp:term":[{"taxonomy":"product_brand","embeddable":true,"href":"https:\/\/www.diaspro.com.gt\/sitio\/wp-json\/wp\/v2\/product_brand?post=2226"},{"taxonomy":"product_cat","embeddable":true,"href":"https:\/\/www.diaspro.com.gt\/sitio\/wp-json\/wp\/v2\/product_cat?post=2226"},{"taxonomy":"product_tag","embeddable":true,"href":"https:\/\/www.diaspro.com.gt\/sitio\/wp-json\/wp\/v2\/product_tag?post=2226"}],"curies":[{"name":"wp","href":"https:\/\/api.w.org\/{rel}","templated":true}]}}