{"id":2192,"date":"2024-11-29T14:52:04","date_gmt":"2024-11-29T20:52:04","guid":{"rendered":"https:\/\/www.diaspro.com.gt\/sitio\/?post_type=product&#038;p=2192"},"modified":"2025-11-26T16:36:04","modified_gmt":"2025-11-26T22:36:04","slug":"dispositivo-de-proteccion-contra-sobretensiones-contra-rayos","status":"publish","type":"product","link":"https:\/\/www.diaspro.com.gt\/sitio\/producto\/dispositivo-de-proteccion-contra-sobretensiones-contra-rayos\/","title":{"rendered":"Dispositivo de Protecci\u00f3n contra Sobretensiones Contra Rayos MC-6BP"},"content":{"rendered":"<ul>\n<li>Rango de frecuencia: DC a 6000 MHz VSWR: menos de 1,1 a 1. 4:1<\/li>\n<li>P\u00e9rdida de inserci\u00f3n: menos de 0,1-0,3 dB Potencia nominal m\u00e1xima: 200 W PEP<\/li>\n<li>Dimensiones: 68 mm de ancho x 31 mm de alto x 23 mm de profundidad<\/li>\n<li>Peso: 130 g NO: ZTWB 20114233<\/li>\n<li>Relaci\u00f3n de onda estacionaria: 1.2:1<\/li>\n<li>Impedancia nominal: 50 \u03a9<\/li>\n<li>Modelo de conector: N-JK<\/li>\n<li>Voltaje de inicio de descarga: DC-230 V<\/li>\n<li>P\u00e9rdida de inserci\u00f3n: 3G menos de 0,2 dB \/6 G menos de 0,5 dB La p\u00e9rdida es diferente en las diferentes bandas de frecuencia<\/li>\n<li>Dimensi\u00f3n total: 68,2 \u00d7 31 \u00d7 23 mm\uff08mm\uff09 peso: 130 g<\/li>\n<li>\u00c1mbito de aplicaci\u00f3n: interfono inal\u00e1mbrico, WiFi inal\u00e1mbrico, se\u00f1al de tel\u00e9fono m\u00f3vil, televisi\u00f3n por cable<\/li>\n<\/ul>\n","protected":false},"excerpt":{"rendered":"<p>Rango de frecuencia: DC a 6000 MHz VSWR: menos de 1,1 a 1. 4:1 P\u00e9rdida de inserci\u00f3n: menos de 0,1-0,3 dB Potencia nominal m\u00e1xima: 200 W PEP Dimensiones: 68 mm de ancho x 31 mm de alto x 23 mm de profundidad Peso: 130 g NO: ZTWB 20114233 Relaci\u00f3n de onda estacionaria: 1.2:1 Impedancia nominal: [&hellip;]<\/p>\n","protected":false},"featured_media":2193,"comment_status":"open","ping_status":"closed","template":"","meta":{"_et_pb_use_builder":"","_et_pb_old_content":"","_et_gb_content_width":""},"product_brand":[],"product_cat":[20],"product_tag":[234,385],"class_list":{"0":"post-2192","1":"product","2":"type-product","3":"status-publish","4":"has-post-thumbnail","6":"product_cat-obo-bettermann","7":"product_tag-proteccion","8":"product_tag-sobretension","10":"first","11":"instock","12":"shipping-taxable","13":"purchasable","14":"product-type-simple"},"jetpack_sharing_enabled":true,"jetpack_likes_enabled":true,"_links":{"self":[{"href":"https:\/\/www.diaspro.com.gt\/sitio\/wp-json\/wp\/v2\/product\/2192","targetHints":{"allow":["GET"]}}],"collection":[{"href":"https:\/\/www.diaspro.com.gt\/sitio\/wp-json\/wp\/v2\/product"}],"about":[{"href":"https:\/\/www.diaspro.com.gt\/sitio\/wp-json\/wp\/v2\/types\/product"}],"replies":[{"embeddable":true,"href":"https:\/\/www.diaspro.com.gt\/sitio\/wp-json\/wp\/v2\/comments?post=2192"}],"wp:featuredmedia":[{"embeddable":true,"href":"https:\/\/www.diaspro.com.gt\/sitio\/wp-json\/wp\/v2\/media\/2193"}],"wp:attachment":[{"href":"https:\/\/www.diaspro.com.gt\/sitio\/wp-json\/wp\/v2\/media?parent=2192"}],"wp:term":[{"taxonomy":"product_brand","embeddable":true,"href":"https:\/\/www.diaspro.com.gt\/sitio\/wp-json\/wp\/v2\/product_brand?post=2192"},{"taxonomy":"product_cat","embeddable":true,"href":"https:\/\/www.diaspro.com.gt\/sitio\/wp-json\/wp\/v2\/product_cat?post=2192"},{"taxonomy":"product_tag","embeddable":true,"href":"https:\/\/www.diaspro.com.gt\/sitio\/wp-json\/wp\/v2\/product_tag?post=2192"}],"curies":[{"name":"wp","href":"https:\/\/api.w.org\/{rel}","templated":true}]}}