{"id":2183,"date":"2024-11-29T13:50:04","date_gmt":"2024-11-29T19:50:04","guid":{"rendered":"https:\/\/www.diaspro.com.gt\/sitio\/?post_type=product&#038;p=2183"},"modified":"2025-11-26T16:37:02","modified_gmt":"2025-11-26T22:37:02","slug":"modulo-de-cargador-inalambrico-5v-2a","status":"publish","type":"product","link":"https:\/\/www.diaspro.com.gt\/sitio\/producto\/modulo-de-cargador-inalambrico-5v-2a\/","title":{"rendered":"Modulo de cargador inal\u00e1mbrico 5V 2A"},"content":{"rendered":"<ul>\n<li><b>Voltaje de entrada:<\/b>\u00a09 ~ 12 V<\/li>\n<li><b>La corriente de carga m\u00e1xima:<\/b>\u00a01.9A<\/li>\n<li><b>Recepci\u00f3n de la tensi\u00f3n y la corriente m\u00e1xima de salida:<\/b>\u00a05 V\/2A, 12 V\/700mA<\/li>\n<li><b>Tama\u00f1o de la bobina de transmisi\u00f3n:<\/b>\u00a043mm de di\u00e1metro, 2.3mm de espesor<\/li>\n<li><b>Tama\u00f1o del m\u00f3dulo transmisor:<\/b>\u00a018mm * 8.5mm * 15mm<\/li>\n<li><b>Tama\u00f1o del m\u00f3dulo de recepci\u00f3n:<\/b>\u00a010mm * 25mm * 3mm<\/li>\n<li><b>Tama\u00f1o de la bobina receptora:<\/b>\u00a043mm de di\u00e1metro, 1.2mm de espesor<\/li>\n<li><b>La mejor distancia de recepci\u00f3n:<\/b>\u00a03 ~ 6mm<\/li>\n<\/ul>\n","protected":false},"excerpt":{"rendered":"<p>Voltaje de entrada:\u00a09 ~ 12 V La corriente de carga m\u00e1xima:\u00a01.9A Recepci\u00f3n de la tensi\u00f3n y la corriente m\u00e1xima de salida:\u00a05 V\/2A, 12 V\/700mA Tama\u00f1o de la bobina de transmisi\u00f3n:\u00a043mm de di\u00e1metro, 2.3mm de espesor Tama\u00f1o del m\u00f3dulo transmisor:\u00a018mm * 8.5mm * 15mm Tama\u00f1o del m\u00f3dulo de recepci\u00f3n:\u00a010mm * 25mm * 3mm Tama\u00f1o de la [&hellip;]<\/p>\n","protected":false},"featured_media":2184,"comment_status":"open","ping_status":"closed","template":"","meta":{"_et_pb_use_builder":"","_et_pb_old_content":"","_et_gb_content_width":""},"product_brand":[],"product_cat":[605],"product_tag":[379,378,377,376],"class_list":{"0":"post-2183","1":"product","2":"type-product","3":"status-publish","4":"has-post-thumbnail","6":"product_cat-repuestos-electronicos","7":"product_tag-2a","8":"product_tag-5v","9":"product_tag-inalambrico","10":"product_tag-modulo","12":"first","13":"instock","14":"shipping-taxable","15":"purchasable","16":"product-type-simple"},"jetpack_sharing_enabled":true,"jetpack_likes_enabled":true,"_links":{"self":[{"href":"https:\/\/www.diaspro.com.gt\/sitio\/wp-json\/wp\/v2\/product\/2183","targetHints":{"allow":["GET"]}}],"collection":[{"href":"https:\/\/www.diaspro.com.gt\/sitio\/wp-json\/wp\/v2\/product"}],"about":[{"href":"https:\/\/www.diaspro.com.gt\/sitio\/wp-json\/wp\/v2\/types\/product"}],"replies":[{"embeddable":true,"href":"https:\/\/www.diaspro.com.gt\/sitio\/wp-json\/wp\/v2\/comments?post=2183"}],"wp:featuredmedia":[{"embeddable":true,"href":"https:\/\/www.diaspro.com.gt\/sitio\/wp-json\/wp\/v2\/media\/2184"}],"wp:attachment":[{"href":"https:\/\/www.diaspro.com.gt\/sitio\/wp-json\/wp\/v2\/media?parent=2183"}],"wp:term":[{"taxonomy":"product_brand","embeddable":true,"href":"https:\/\/www.diaspro.com.gt\/sitio\/wp-json\/wp\/v2\/product_brand?post=2183"},{"taxonomy":"product_cat","embeddable":true,"href":"https:\/\/www.diaspro.com.gt\/sitio\/wp-json\/wp\/v2\/product_cat?post=2183"},{"taxonomy":"product_tag","embeddable":true,"href":"https:\/\/www.diaspro.com.gt\/sitio\/wp-json\/wp\/v2\/product_tag?post=2183"}],"curies":[{"name":"wp","href":"https:\/\/api.w.org\/{rel}","templated":true}]}}