{"id":2176,"date":"2024-11-29T12:59:00","date_gmt":"2024-11-29T18:59:00","guid":{"rendered":"https:\/\/www.diaspro.com.gt\/sitio\/?post_type=product&#038;p=2176"},"modified":"2025-01-22T15:15:43","modified_gmt":"2025-01-22T21:15:43","slug":"reflector-ultra-delgado-150w-luz-de-dia-volteck","status":"publish","type":"product","link":"https:\/\/www.diaspro.com.gt\/sitio\/producto\/reflector-ultra-delgado-150w-luz-de-dia-volteck\/","title":{"rendered":"Reflector Ultra Delgado 150W Luz de D\u00eda VOLTECK"},"content":{"rendered":"<ul>\n<li>Ahorra hasta 88% en el consumo de energ\u00eda<\/li>\n<li>\u00a0Cuerpo de aluminio y pantalla de vidrio templado resistente a<br \/>\nla intemperie<\/li>\n<li>\u00a0Soporte ajustable<\/li>\n<li>LED integrado<\/li>\n<li>\u00a0Encendido instant\u00e1neo (proporciona el 100% de brillo al<br \/>\nencender)<\/li>\n<li>\u00a0Ideal para jardines, terrazas, patios, corredores, \u00e1reas<br \/>\np\u00fablicas y de construcci\u00f3n<\/li>\n<\/ul>\n","protected":false},"excerpt":{"rendered":"<p>Ahorra hasta 88% en el consumo de energ\u00eda \u00a0Cuerpo de aluminio y pantalla de vidrio templado resistente a la intemperie \u00a0Soporte ajustable LED integrado \u00a0Encendido instant\u00e1neo (proporciona el 100% de brillo al encender) \u00a0Ideal para jardines, terrazas, patios, corredores, \u00e1reas p\u00fablicas y de construcci\u00f3n<\/p>\n","protected":false},"featured_media":2177,"comment_status":"open","ping_status":"closed","template":"","meta":{"_et_pb_use_builder":"","_et_pb_old_content":"","_et_gb_content_width":""},"product_brand":[],"product_cat":[47],"product_tag":[369,52],"class_list":{"0":"post-2176","1":"product","2":"type-product","3":"status-publish","4":"has-post-thumbnail","6":"product_cat-iluminacion","7":"product_tag-150w","8":"product_tag-reflector","10":"first","11":"instock","12":"shipping-taxable","13":"purchasable","14":"product-type-simple"},"jetpack_sharing_enabled":true,"jetpack_likes_enabled":true,"_links":{"self":[{"href":"https:\/\/www.diaspro.com.gt\/sitio\/wp-json\/wp\/v2\/product\/2176","targetHints":{"allow":["GET"]}}],"collection":[{"href":"https:\/\/www.diaspro.com.gt\/sitio\/wp-json\/wp\/v2\/product"}],"about":[{"href":"https:\/\/www.diaspro.com.gt\/sitio\/wp-json\/wp\/v2\/types\/product"}],"replies":[{"embeddable":true,"href":"https:\/\/www.diaspro.com.gt\/sitio\/wp-json\/wp\/v2\/comments?post=2176"}],"wp:featuredmedia":[{"embeddable":true,"href":"https:\/\/www.diaspro.com.gt\/sitio\/wp-json\/wp\/v2\/media\/2177"}],"wp:attachment":[{"href":"https:\/\/www.diaspro.com.gt\/sitio\/wp-json\/wp\/v2\/media?parent=2176"}],"wp:term":[{"taxonomy":"product_brand","embeddable":true,"href":"https:\/\/www.diaspro.com.gt\/sitio\/wp-json\/wp\/v2\/product_brand?post=2176"},{"taxonomy":"product_cat","embeddable":true,"href":"https:\/\/www.diaspro.com.gt\/sitio\/wp-json\/wp\/v2\/product_cat?post=2176"},{"taxonomy":"product_tag","embeddable":true,"href":"https:\/\/www.diaspro.com.gt\/sitio\/wp-json\/wp\/v2\/product_tag?post=2176"}],"curies":[{"name":"wp","href":"https:\/\/api.w.org\/{rel}","templated":true}]}}