{"id":2124,"date":"2024-11-28T14:13:52","date_gmt":"2024-11-28T20:13:52","guid":{"rendered":"https:\/\/www.diaspro.com.gt\/sitio\/?post_type=product&#038;p=2124"},"modified":"2025-10-14T15:41:12","modified_gmt":"2025-10-14T21:41:12","slug":"regulador-de-voltaje","status":"publish","type":"product","link":"https:\/\/www.diaspro.com.gt\/sitio\/producto\/regulador-de-voltaje\/","title":{"rendered":"Regulador de Voltaje"},"content":{"rendered":"<ul class=\"bullets\">\n<li class=\"bullet\">8 contactos polarizados. Conex\u00f3n clavijas tipo\u00a0 americano o europeo<\/li>\n<li class=\"bullet\">Con protecci\u00f3n de l\u00ednea telef\u00f3nica\/m\u00f3dem<\/li>\n<li class=\"bullet\">Carga m\u00e1xima soportada: 1000 Watts<\/li>\n<li class=\"bullet\">Cable de alimentaci\u00f3n de 90 cm<\/li>\n<li class=\"bullet\">Dimensiones: alto: 8.5 cm, ancho 8.5 cm, profundidad: 24 cm.<\/li>\n<\/ul>\n","protected":false},"excerpt":{"rendered":"<p>8 contactos polarizados. Conex\u00f3n clavijas tipo\u00a0 americano o europeo Con protecci\u00f3n de l\u00ednea telef\u00f3nica\/m\u00f3dem Carga m\u00e1xima soportada: 1000 Watts Cable de alimentaci\u00f3n de 90 cm Dimensiones: alto: 8.5 cm, ancho 8.5 cm, profundidad: 24 cm.<\/p>\n","protected":false},"featured_media":2125,"comment_status":"open","ping_status":"closed","template":"","meta":{"_et_pb_use_builder":"","_et_pb_old_content":"","_et_gb_content_width":""},"product_brand":[],"product_cat":[57],"product_tag":[362,363],"class_list":{"0":"post-2124","1":"product","2":"type-product","3":"status-publish","4":"has-post-thumbnail","6":"product_cat-respaldo-de-energia","7":"product_tag-regulador","8":"product_tag-voltaje","10":"first","11":"instock","12":"shipping-taxable","13":"purchasable","14":"product-type-simple"},"jetpack_sharing_enabled":true,"jetpack_likes_enabled":true,"_links":{"self":[{"href":"https:\/\/www.diaspro.com.gt\/sitio\/wp-json\/wp\/v2\/product\/2124","targetHints":{"allow":["GET"]}}],"collection":[{"href":"https:\/\/www.diaspro.com.gt\/sitio\/wp-json\/wp\/v2\/product"}],"about":[{"href":"https:\/\/www.diaspro.com.gt\/sitio\/wp-json\/wp\/v2\/types\/product"}],"replies":[{"embeddable":true,"href":"https:\/\/www.diaspro.com.gt\/sitio\/wp-json\/wp\/v2\/comments?post=2124"}],"wp:featuredmedia":[{"embeddable":true,"href":"https:\/\/www.diaspro.com.gt\/sitio\/wp-json\/wp\/v2\/media\/2125"}],"wp:attachment":[{"href":"https:\/\/www.diaspro.com.gt\/sitio\/wp-json\/wp\/v2\/media?parent=2124"}],"wp:term":[{"taxonomy":"product_brand","embeddable":true,"href":"https:\/\/www.diaspro.com.gt\/sitio\/wp-json\/wp\/v2\/product_brand?post=2124"},{"taxonomy":"product_cat","embeddable":true,"href":"https:\/\/www.diaspro.com.gt\/sitio\/wp-json\/wp\/v2\/product_cat?post=2124"},{"taxonomy":"product_tag","embeddable":true,"href":"https:\/\/www.diaspro.com.gt\/sitio\/wp-json\/wp\/v2\/product_tag?post=2124"}],"curies":[{"name":"wp","href":"https:\/\/api.w.org\/{rel}","templated":true}]}}