{"id":2052,"date":"2024-05-27T15:49:52","date_gmt":"2024-05-27T21:49:52","guid":{"rendered":"https:\/\/www.diaspro.com.gt\/sitio\/?post_type=product&#038;p=2052"},"modified":"2026-01-26T14:48:49","modified_gmt":"2026-01-26T20:48:49","slug":"indicador-de-direccion-de-motor-trifasico-lcd","status":"publish","type":"product","link":"https:\/\/www.diaspro.com.gt\/sitio\/producto\/indicador-de-direccion-de-motor-trifasico-lcd\/","title":{"rendered":"Fas\u00edmetro\/ Indicador de direcci\u00f3n de motor trif\u00e1sico digital LCD"},"content":{"rendered":"<ul>\n<li>Categor\u00eda de sobrevoltaje: CAT III 600 V<\/li>\n<li>Tipo de pantalla: LCD<\/li>\n<li class=\"list-group-item\">Display de fases existentes y campo rotativo L\/R<\/li>\n<li class=\"list-group-item\">Cables de medida con pinzas de cocodrilo extra\u00edbles<\/li>\n<li class=\"list-group-item\">Aplicable para medidas trif\u00e1sicas de 40 a 690 V AC<\/li>\n<li class=\"list-group-item\">No requiere alimentaci\u00f3n<\/li>\n<li class=\"list-group-item\">Seguridad: EN 61010-1; CAT III 600 V, clase de protecci\u00f3n IP-40<\/li>\n<li class=\"list-group-item\">Accesorios: cables de medida, pinzas de cocodrilo, bolsa y manual<\/li>\n<\/ul>\n","protected":false},"excerpt":{"rendered":"<blockquote><p><strong>M\u00e1s informaci\u00f3n del producto:<\/strong><\/p>\n<p><a href=\"https:\/\/www.diaspro.com.gt\/sitio\/wp-content\/uploads\/2024\/05\/HOJA-TECNICA-INDICADOR-DE-DIRECCION-DE-MOTOR-TRIFASICO-LCDP-2530.pdf\"><span style=\"color: #ff0000;\"><strong>HOJA T\u00c9CNICA INDICADOR DE DIRECCI\u00d3N DE MOTOR TRIF\u00c1SICO LCDP 2530<\/strong><\/span><\/a><\/p><\/blockquote>\n","protected":false},"featured_media":2105,"comment_status":"open","ping_status":"closed","template":"","meta":{"_et_pb_use_builder":"","_et_pb_old_content":"","_et_gb_content_width":""},"product_brand":[],"product_cat":[322],"product_tag":[351,350,324,352],"class_list":{"0":"post-2052","1":"product","2":"type-product","3":"status-publish","4":"has-post-thumbnail","6":"product_cat-peaktech","7":"product_tag-comprobador","8":"product_tag-comprobador-de-rotacion","9":"product_tag-peaktech","10":"product_tag-rotacion","12":"first","13":"instock","14":"shipping-taxable","15":"purchasable","16":"product-type-simple"},"jetpack_sharing_enabled":true,"jetpack_likes_enabled":true,"_links":{"self":[{"href":"https:\/\/www.diaspro.com.gt\/sitio\/wp-json\/wp\/v2\/product\/2052","targetHints":{"allow":["GET"]}}],"collection":[{"href":"https:\/\/www.diaspro.com.gt\/sitio\/wp-json\/wp\/v2\/product"}],"about":[{"href":"https:\/\/www.diaspro.com.gt\/sitio\/wp-json\/wp\/v2\/types\/product"}],"replies":[{"embeddable":true,"href":"https:\/\/www.diaspro.com.gt\/sitio\/wp-json\/wp\/v2\/comments?post=2052"}],"wp:featuredmedia":[{"embeddable":true,"href":"https:\/\/www.diaspro.com.gt\/sitio\/wp-json\/wp\/v2\/media\/2105"}],"wp:attachment":[{"href":"https:\/\/www.diaspro.com.gt\/sitio\/wp-json\/wp\/v2\/media?parent=2052"}],"wp:term":[{"taxonomy":"product_brand","embeddable":true,"href":"https:\/\/www.diaspro.com.gt\/sitio\/wp-json\/wp\/v2\/product_brand?post=2052"},{"taxonomy":"product_cat","embeddable":true,"href":"https:\/\/www.diaspro.com.gt\/sitio\/wp-json\/wp\/v2\/product_cat?post=2052"},{"taxonomy":"product_tag","embeddable":true,"href":"https:\/\/www.diaspro.com.gt\/sitio\/wp-json\/wp\/v2\/product_tag?post=2052"}],"curies":[{"name":"wp","href":"https:\/\/api.w.org\/{rel}","templated":true}]}}