{"id":1998,"date":"2024-02-14T15:55:11","date_gmt":"2024-02-14T21:55:11","guid":{"rendered":"https:\/\/www.diaspro.com.gt\/sitio\/?post_type=product&#038;p=1998"},"modified":"2025-01-21T14:44:27","modified_gmt":"2025-01-21T20:44:27","slug":"guantes-mecanicos-industriales","status":"publish","type":"product","link":"https:\/\/www.diaspro.com.gt\/sitio\/producto\/guantes-mecanicos-industriales\/","title":{"rendered":"Guantes Mec\u00e1nicos Industriales"},"content":{"rendered":"<p>-El acolchado de espuma EVA absorbe y disipa energ\u00eda de alto impacto a trav\u00e9s del plam<br \/>\n-Protectores de nudillos de PVC moldeado y punta de los dedos de longitud completa protecci\u00f3n reduce el riesgo de impacto y lesiones por pellizcos.<br \/>\n-El material que se ajusta a la forma mantiene las manos frescas y c\u00f3modo mientras trabajas.<br \/>\n-La yema del dedo interna de doble capa refuerza el \u00edndice dedo y pulgar para mayor durabilidad.<br \/>\n-Palma de cuero sint\u00e9tico duradero.<br \/>\n-El cierre flexible proporciona un ajuste seguro a la mu\u00f1eca<\/p>\n","protected":false},"excerpt":{"rendered":"<p>-El acolchado de espuma EVA absorbe y disipa energ\u00eda de alto impacto a trav\u00e9s del plam -Protectores de nudillos de PVC moldeado y punta de los dedos de longitud completa protecci\u00f3n reduce el riesgo de impacto y lesiones por pellizcos. -El material que se ajusta a la forma mantiene las manos frescas y c\u00f3modo mientras [&hellip;]<\/p>\n","protected":false},"featured_media":1999,"comment_status":"open","ping_status":"closed","template":"","meta":{"_et_pb_use_builder":"","_et_pb_old_content":"","_et_gb_content_width":""},"product_brand":[],"product_cat":[421],"product_tag":[96,335],"class_list":{"0":"post-1998","1":"product","2":"type-product","3":"status-publish","4":"has-post-thumbnail","6":"product_cat-equipo-de-proteccion","7":"product_tag-guantes","8":"product_tag-mecanicos","10":"first","11":"instock","12":"shipping-taxable","13":"purchasable","14":"product-type-simple"},"jetpack_sharing_enabled":true,"jetpack_likes_enabled":true,"_links":{"self":[{"href":"https:\/\/www.diaspro.com.gt\/sitio\/wp-json\/wp\/v2\/product\/1998","targetHints":{"allow":["GET"]}}],"collection":[{"href":"https:\/\/www.diaspro.com.gt\/sitio\/wp-json\/wp\/v2\/product"}],"about":[{"href":"https:\/\/www.diaspro.com.gt\/sitio\/wp-json\/wp\/v2\/types\/product"}],"replies":[{"embeddable":true,"href":"https:\/\/www.diaspro.com.gt\/sitio\/wp-json\/wp\/v2\/comments?post=1998"}],"wp:featuredmedia":[{"embeddable":true,"href":"https:\/\/www.diaspro.com.gt\/sitio\/wp-json\/wp\/v2\/media\/1999"}],"wp:attachment":[{"href":"https:\/\/www.diaspro.com.gt\/sitio\/wp-json\/wp\/v2\/media?parent=1998"}],"wp:term":[{"taxonomy":"product_brand","embeddable":true,"href":"https:\/\/www.diaspro.com.gt\/sitio\/wp-json\/wp\/v2\/product_brand?post=1998"},{"taxonomy":"product_cat","embeddable":true,"href":"https:\/\/www.diaspro.com.gt\/sitio\/wp-json\/wp\/v2\/product_cat?post=1998"},{"taxonomy":"product_tag","embeddable":true,"href":"https:\/\/www.diaspro.com.gt\/sitio\/wp-json\/wp\/v2\/product_tag?post=1998"}],"curies":[{"name":"wp","href":"https:\/\/api.w.org\/{rel}","templated":true}]}}