{"id":1986,"date":"2024-02-13T09:27:28","date_gmt":"2024-02-13T15:27:28","guid":{"rendered":"https:\/\/www.diaspro.com.gt\/sitio\/?post_type=product&#038;p=1986"},"modified":"2026-01-25T00:40:24","modified_gmt":"2026-01-25T06:40:24","slug":"torquimetro-de-1-2","status":"publish","type":"product","link":"https:\/\/www.diaspro.com.gt\/sitio\/producto\/torquimetro-de-1-2\/","title":{"rendered":"Torquimetro de 1\/2&#8243; X125MM"},"content":{"rendered":"<ul>\n<li>Llave dinamom\u00e9trica autom\u00e1tica de 1 pieza, 1\/2\u201c<\/li>\n<li>aprobada por GS<\/li>\n<li>\u00b1 4% de desviaci\u00f3n de precisi\u00f3n<\/li>\n<li>rango de par: 40-210 Nm<\/li>\n<li>Barra de extensi\u00f3n de 1 pieza: 1\/2\u201d x125 mm<\/li>\n<\/ul>\n","protected":false},"excerpt":{"rendered":"<p>Llave dinamom\u00e9trica autom\u00e1tica de 1 pieza, 1\/2\u201c aprobada por GS \u00b1 4% de desviaci\u00f3n de precisi\u00f3n rango de par: 40-210 Nm Barra de extensi\u00f3n de 1 pieza: 1\/2\u201d x125 mm<\/p>\n","protected":false},"featured_media":1987,"comment_status":"open","ping_status":"closed","template":"","meta":{"_et_pb_use_builder":"","_et_pb_old_content":"","_et_gb_content_width":""},"product_brand":[],"product_cat":[606],"product_tag":[310],"class_list":{"0":"post-1986","1":"product","2":"type-product","3":"status-publish","4":"has-post-thumbnail","6":"product_cat-tolsen","7":"product_tag-torquimetro","9":"first","10":"instock","11":"shipping-taxable","12":"purchasable","13":"product-type-simple"},"jetpack_sharing_enabled":true,"jetpack_likes_enabled":true,"_links":{"self":[{"href":"https:\/\/www.diaspro.com.gt\/sitio\/wp-json\/wp\/v2\/product\/1986","targetHints":{"allow":["GET"]}}],"collection":[{"href":"https:\/\/www.diaspro.com.gt\/sitio\/wp-json\/wp\/v2\/product"}],"about":[{"href":"https:\/\/www.diaspro.com.gt\/sitio\/wp-json\/wp\/v2\/types\/product"}],"replies":[{"embeddable":true,"href":"https:\/\/www.diaspro.com.gt\/sitio\/wp-json\/wp\/v2\/comments?post=1986"}],"wp:featuredmedia":[{"embeddable":true,"href":"https:\/\/www.diaspro.com.gt\/sitio\/wp-json\/wp\/v2\/media\/1987"}],"wp:attachment":[{"href":"https:\/\/www.diaspro.com.gt\/sitio\/wp-json\/wp\/v2\/media?parent=1986"}],"wp:term":[{"taxonomy":"product_brand","embeddable":true,"href":"https:\/\/www.diaspro.com.gt\/sitio\/wp-json\/wp\/v2\/product_brand?post=1986"},{"taxonomy":"product_cat","embeddable":true,"href":"https:\/\/www.diaspro.com.gt\/sitio\/wp-json\/wp\/v2\/product_cat?post=1986"},{"taxonomy":"product_tag","embeddable":true,"href":"https:\/\/www.diaspro.com.gt\/sitio\/wp-json\/wp\/v2\/product_tag?post=1986"}],"curies":[{"name":"wp","href":"https:\/\/api.w.org\/{rel}","templated":true}]}}