{"id":1837,"date":"2023-04-13T16:25:31","date_gmt":"2023-04-13T22:25:31","guid":{"rendered":"https:\/\/www.diaspro.com.gt\/sitio\/?post_type=product&#038;p=1837"},"modified":"2025-10-16T14:26:53","modified_gmt":"2025-10-16T20:26:53","slug":"descargador-combinado-unipolar-con-indicacion-de-funcionamiento","status":"publish","type":"product","link":"https:\/\/www.diaspro.com.gt\/sitio\/producto\/descargador-combinado-unipolar-con-indicacion-de-funcionamiento\/","title":{"rendered":"Descargador combinado unipolar con indicaci\u00f3n de funcionamiento modelo MCD 50-B-OS"},"content":{"rendered":"<p>MCD 50-B-OS: Descargador de corriente de rayos coordinado tipo 1+2 seg\u00fan EN 61643-11 con indicaci\u00f3n visual de funcionamiento. Para la conexi\u00f3n de 0 a 2 (LPZ) seg\u00fan el concepto de zonas de protecci\u00f3n contra rayos de la norma IEC\u00a061312-1 o DIN\u00a0VDE\u00a00185-305.<\/p>\n<p>\u2022 Capacidad de descarga de 50 kA (10\/350 \u00b5s) por polo<br \/>\n\u2022 Consumo de potencia &lt; 26 mW\/polo<br \/>\n\u2022 Nivel de protecci\u00f3n &lt; 1,7 kV, permite<span class=\"is-truncated\">\u00a0la protecci\u00f3n de los equipos<br \/>\n\u2022 Supresor de corrientes repetitivas de red 25 kA Ipeak<br \/>\n\u2022 Incluye tapas para la identificaci\u00f3n de las conexiones<br \/>\n\u2022 V\u00eda de chispas encapsulada, sin gaseo<br \/>\n\u2022 De aplicaci\u00f3n en cuadros de distribuci\u00f3n convencionales<\/span><\/p>\n","protected":false},"excerpt":{"rendered":"<blockquote><p>M\u00e1s informaci\u00f3n sobre este producto:<\/p>\n<p><span style=\"color: #ff0000;\"><strong><a style=\"color: #ff0000;\" href=\"https:\/\/www.diaspro.com.gt\/sitio\/wp-content\/uploads\/2023\/04\/HOJA-TECNICA-DESCARGADOR-COMBINADO-UNIPOLAR-CON-INDICADOR-DE-FUNCION.pdf\">HOJA T\u00c9CNICA DESCARGADOR COMBINADO UNIPOLAR CON INDICADOR DE FUNCION<\/a><\/strong><\/span><\/p><\/blockquote>\n","protected":false},"featured_media":1838,"comment_status":"open","ping_status":"closed","template":"","meta":{"_et_pb_use_builder":"","_et_pb_old_content":"","_et_gb_content_width":""},"product_brand":[],"product_cat":[20],"product_tag":[320,196],"class_list":{"0":"post-1837","1":"product","2":"type-product","3":"status-publish","4":"has-post-thumbnail","6":"product_cat-obo-bettermann","7":"product_tag-obo-betterman","8":"product_tag-supresor","10":"first","11":"instock","12":"shipping-taxable","13":"purchasable","14":"product-type-simple"},"jetpack_sharing_enabled":true,"jetpack_likes_enabled":true,"_links":{"self":[{"href":"https:\/\/www.diaspro.com.gt\/sitio\/wp-json\/wp\/v2\/product\/1837","targetHints":{"allow":["GET"]}}],"collection":[{"href":"https:\/\/www.diaspro.com.gt\/sitio\/wp-json\/wp\/v2\/product"}],"about":[{"href":"https:\/\/www.diaspro.com.gt\/sitio\/wp-json\/wp\/v2\/types\/product"}],"replies":[{"embeddable":true,"href":"https:\/\/www.diaspro.com.gt\/sitio\/wp-json\/wp\/v2\/comments?post=1837"}],"wp:featuredmedia":[{"embeddable":true,"href":"https:\/\/www.diaspro.com.gt\/sitio\/wp-json\/wp\/v2\/media\/1838"}],"wp:attachment":[{"href":"https:\/\/www.diaspro.com.gt\/sitio\/wp-json\/wp\/v2\/media?parent=1837"}],"wp:term":[{"taxonomy":"product_brand","embeddable":true,"href":"https:\/\/www.diaspro.com.gt\/sitio\/wp-json\/wp\/v2\/product_brand?post=1837"},{"taxonomy":"product_cat","embeddable":true,"href":"https:\/\/www.diaspro.com.gt\/sitio\/wp-json\/wp\/v2\/product_cat?post=1837"},{"taxonomy":"product_tag","embeddable":true,"href":"https:\/\/www.diaspro.com.gt\/sitio\/wp-json\/wp\/v2\/product_tag?post=1837"}],"curies":[{"name":"wp","href":"https:\/\/api.w.org\/{rel}","templated":true}]}}