{"id":1833,"date":"2024-11-29T14:41:34","date_gmt":"2024-11-29T20:41:34","guid":{"rendered":"https:\/\/www.diaspro.com.gt\/sitio\/?post_type=product&#038;p=1833"},"modified":"2025-11-26T16:36:20","modified_gmt":"2025-11-26T22:36:20","slug":"universal-electrical-jointing-paste","status":"publish","type":"product","link":"https:\/\/www.diaspro.com.gt\/sitio\/producto\/universal-electrical-jointing-paste\/","title":{"rendered":"Universal Electrical Jointing Paste"},"content":{"rendered":"<ul>\n<li id=\"tw-target-text\" class=\"tw-data-text tw-text-large tw-ta\" dir=\"ltr\" data-placeholder=\"Traducci\u00f3n\"><span class=\"Y2IQFc\" lang=\"es\">Compuesto para juntas el\u00e9ctricas Evita la corrosi\u00f3n en las juntas. <\/span><\/li>\n<li class=\"tw-data-text tw-text-large tw-ta\" dir=\"ltr\" data-placeholder=\"Traducci\u00f3n\"><span class=\"Y2IQFc\" lang=\"es\">Mejora las conexiones el\u00e9ctricas y el rendimiento del conector. <\/span><\/li>\n<li class=\"tw-data-text tw-text-large tw-ta\" dir=\"ltr\" data-placeholder=\"Traducci\u00f3n\"><span class=\"Y2IQFc\" lang=\"es\">Especialmente \u00fatil en entornos marinos, costeros y marinos severos <\/span><\/li>\n<li class=\"tw-data-text tw-text-large tw-ta\" dir=\"ltr\" data-placeholder=\"Traducci\u00f3n\"><span class=\"Y2IQFc\" lang=\"es\">Se utiliza en una amplia gama de aplicaciones donde las uniones permanentes de baja resistencia son vitales, como conexiones de conductores de l\u00edneas a\u00e9reas, uniones de cables, pararrayos, conexiones de transformadores y aparamenta.<\/span><\/li>\n<li class=\"tw-data-text tw-text-large tw-ta\" dir=\"ltr\" data-placeholder=\"Traducci\u00f3n\"><span class=\"Y2IQFc\" lang=\"es\">La aplicaci\u00f3n de la pasta de uni\u00f3n Unial puede tener un efecto significativamente positivo en el rendimiento del conector Previene la acumulaci\u00f3n de corrosi\u00f3n que conduce a la p\u00e9rdida de integridad mec\u00e1nica y el\u00e9ctrica y, en \u00faltima instancia, a la falla de la uni\u00f3n. <\/span><\/li>\n<li class=\"tw-data-text tw-text-large tw-ta\" dir=\"ltr\" data-placeholder=\"Traducci\u00f3n\"><span class=\"Y2IQFc\" lang=\"es\">Apto para temperaturas de -30\u00ba a 120\u00ba Celsius<\/span><\/li>\n<\/ul>\n","protected":false},"excerpt":{"rendered":"<p>Compuesto para juntas el\u00e9ctricas Evita la corrosi\u00f3n en las juntas. Mejora las conexiones el\u00e9ctricas y el rendimiento del conector. Especialmente \u00fatil en entornos marinos, costeros y marinos severos Se utiliza en una amplia gama de aplicaciones donde las uniones permanentes de baja resistencia son vitales, como conexiones de conductores de l\u00edneas a\u00e9reas, uniones de cables, [&hellip;]<\/p>\n","protected":false},"featured_media":2191,"comment_status":"open","ping_status":"closed","template":"","meta":{"_et_pb_use_builder":"","_et_pb_old_content":"","_et_gb_content_width":""},"product_brand":[],"product_cat":[368],"product_tag":[384],"class_list":{"0":"post-1833","1":"product","2":"type-product","3":"status-publish","4":"has-post-thumbnail","6":"product_cat-silicon","7":"product_tag-jointing-paste","9":"first","10":"instock","11":"shipping-taxable","12":"purchasable","13":"product-type-simple"},"jetpack_sharing_enabled":true,"jetpack_likes_enabled":true,"_links":{"self":[{"href":"https:\/\/www.diaspro.com.gt\/sitio\/wp-json\/wp\/v2\/product\/1833","targetHints":{"allow":["GET"]}}],"collection":[{"href":"https:\/\/www.diaspro.com.gt\/sitio\/wp-json\/wp\/v2\/product"}],"about":[{"href":"https:\/\/www.diaspro.com.gt\/sitio\/wp-json\/wp\/v2\/types\/product"}],"replies":[{"embeddable":true,"href":"https:\/\/www.diaspro.com.gt\/sitio\/wp-json\/wp\/v2\/comments?post=1833"}],"wp:featuredmedia":[{"embeddable":true,"href":"https:\/\/www.diaspro.com.gt\/sitio\/wp-json\/wp\/v2\/media\/2191"}],"wp:attachment":[{"href":"https:\/\/www.diaspro.com.gt\/sitio\/wp-json\/wp\/v2\/media?parent=1833"}],"wp:term":[{"taxonomy":"product_brand","embeddable":true,"href":"https:\/\/www.diaspro.com.gt\/sitio\/wp-json\/wp\/v2\/product_brand?post=1833"},{"taxonomy":"product_cat","embeddable":true,"href":"https:\/\/www.diaspro.com.gt\/sitio\/wp-json\/wp\/v2\/product_cat?post=1833"},{"taxonomy":"product_tag","embeddable":true,"href":"https:\/\/www.diaspro.com.gt\/sitio\/wp-json\/wp\/v2\/product_tag?post=1833"}],"curies":[{"name":"wp","href":"https:\/\/api.w.org\/{rel}","templated":true}]}}