{"id":1748,"date":"2023-01-16T12:47:24","date_gmt":"2023-01-16T18:47:24","guid":{"rendered":"https:\/\/www.diaspro.com.gt\/sitio\/?post_type=product&#038;p=1748"},"modified":"2023-01-16T12:47:25","modified_gmt":"2023-01-16T18:47:25","slug":"lampara-alogena-50w","status":"publish","type":"product","link":"https:\/\/www.diaspro.com.gt\/sitio\/producto\/lampara-alogena-50w\/","title":{"rendered":"L\u00e1mpara al\u00f3gena 50W"},"content":{"rendered":"<div class=\"ux-labels-values__labels\">\n<div class=\"ux-labels-values__labels-content\">\n<ul>\n<li><span class=\"ux-textspans\">Voltaje: <\/span>12 voltios<\/li>\n<li><span class=\"ux-textspans\">Potencia de la bombilla: <\/span>50W<\/li>\n<li><span class=\"ux-textspans\">Tecnolog\u00eda de iluminaci\u00f3n: <\/span>hal\u00f3geno<\/li>\n<li>\n<div class=\"ux-labels-values__labels\">\n<div class=\"ux-labels-values__labels-content\">\n<div><span class=\"ux-textspans\"><span class=\"\">Horas de vida \u00fatil de la bombilla: <\/span><\/span>2000 horas<\/div>\n<\/div>\n<\/div>\n<\/li>\n<\/ul>\n<div class=\"ux-labels-values__labels\">\n<div class=\"ux-labels-values__labels-content\">\n<div>\n<div class=\"ux-labels-values__labels\">\n<div class=\"ux-labels-values__labels-content\"><\/div>\n<\/div>\n<\/div>\n<\/div>\n<\/div>\n<\/div>\n<\/div>\n","protected":false},"excerpt":{"rendered":"<p>Voltaje: 12 voltios Potencia de la bombilla: 50W Tecnolog\u00eda de iluminaci\u00f3n: hal\u00f3geno Horas de vida \u00fatil de la bombilla: 2000 horas<\/p>\n","protected":false},"featured_media":1750,"comment_status":"open","ping_status":"closed","template":"","meta":{"_et_pb_use_builder":"","_et_pb_old_content":"","_et_gb_content_width":""},"product_brand":[],"product_cat":[47],"product_tag":[277],"class_list":{"0":"post-1748","1":"product","2":"type-product","3":"status-publish","4":"has-post-thumbnail","6":"product_cat-iluminacion","7":"product_tag-lampara","9":"first","10":"instock","11":"shipping-taxable","12":"product-type-simple"},"jetpack_sharing_enabled":true,"jetpack_likes_enabled":true,"_links":{"self":[{"href":"https:\/\/www.diaspro.com.gt\/sitio\/wp-json\/wp\/v2\/product\/1748","targetHints":{"allow":["GET"]}}],"collection":[{"href":"https:\/\/www.diaspro.com.gt\/sitio\/wp-json\/wp\/v2\/product"}],"about":[{"href":"https:\/\/www.diaspro.com.gt\/sitio\/wp-json\/wp\/v2\/types\/product"}],"replies":[{"embeddable":true,"href":"https:\/\/www.diaspro.com.gt\/sitio\/wp-json\/wp\/v2\/comments?post=1748"}],"wp:featuredmedia":[{"embeddable":true,"href":"https:\/\/www.diaspro.com.gt\/sitio\/wp-json\/wp\/v2\/media\/1750"}],"wp:attachment":[{"href":"https:\/\/www.diaspro.com.gt\/sitio\/wp-json\/wp\/v2\/media?parent=1748"}],"wp:term":[{"taxonomy":"product_brand","embeddable":true,"href":"https:\/\/www.diaspro.com.gt\/sitio\/wp-json\/wp\/v2\/product_brand?post=1748"},{"taxonomy":"product_cat","embeddable":true,"href":"https:\/\/www.diaspro.com.gt\/sitio\/wp-json\/wp\/v2\/product_cat?post=1748"},{"taxonomy":"product_tag","embeddable":true,"href":"https:\/\/www.diaspro.com.gt\/sitio\/wp-json\/wp\/v2\/product_tag?post=1748"}],"curies":[{"name":"wp","href":"https:\/\/api.w.org\/{rel}","templated":true}]}}