{"id":1734,"date":"2023-01-13T14:19:37","date_gmt":"2023-01-13T20:19:37","guid":{"rendered":"https:\/\/www.diaspro.com.gt\/sitio\/?post_type=product&#038;p=1734"},"modified":"2025-01-16T15:28:04","modified_gmt":"2025-01-16T21:28:04","slug":"reflector-led-para-exterior-30w","status":"publish","type":"product","link":"https:\/\/www.diaspro.com.gt\/sitio\/producto\/reflector-led-para-exterior-30w\/","title":{"rendered":"Reflector LED para exterior 30W"},"content":{"rendered":"<ul>\n<li>Rango de Voltaje (entrada): AC100-240V<\/li>\n<li>Rango de Hertz: 50\/60 Hz<\/li>\n<li>Temperatura de Trabajo: -20 a 45\u00b0C<\/li>\n<li>Humedad de Trabajo: 0%-65%<\/li>\n<li>Factor de Potencia: 0.90<\/li>\n<li>Potencia Nominal (Amp): \u00b110%<\/li>\n<li>Rango de Tolerancia: \u00b110%<\/li>\n<li>Potencia Nominal (watts): 30w<\/li>\n<li>Grados de Protecci\u00f3n IP: IP65<\/li>\n<li>\u00c1ngulos de Iluminaci\u00f3n: 110\u00b0<\/li>\n<li>Horas vida estimado: 18,000 hrs.<\/li>\n<li>Material de luminaria: Aluminio+acrilico<\/li>\n<li>Material del cobertor: Acr\u00edlico<\/li>\n<li>Color de Luz: Luz blanca<\/li>\n<\/ul>\n","protected":false},"excerpt":{"rendered":"<p>Rango de Voltaje (entrada): AC100-240V Rango de Hertz: 50\/60 Hz Temperatura de Trabajo: -20 a 45\u00b0C Humedad de Trabajo: 0%-65% Factor de Potencia: 0.90 Potencia Nominal (Amp): \u00b110% Rango de Tolerancia: \u00b110% Potencia Nominal (watts): 30w Grados de Protecci\u00f3n IP: IP65 \u00c1ngulos de Iluminaci\u00f3n: 110\u00b0 Horas vida estimado: 18,000 hrs. Material de luminaria: Aluminio+acrilico Material [&hellip;]<\/p>\n","protected":false},"featured_media":1735,"comment_status":"open","ping_status":"closed","template":"","meta":{"_et_pb_use_builder":"","_et_pb_old_content":"","_et_gb_content_width":""},"product_brand":[],"product_cat":[47],"product_tag":[274,49,52],"class_list":{"0":"post-1734","1":"product","2":"type-product","3":"status-publish","4":"has-post-thumbnail","6":"product_cat-iluminacion","7":"product_tag-exterior","8":"product_tag-led","9":"product_tag-reflector","11":"first","12":"instock","13":"shipping-taxable","14":"purchasable","15":"product-type-simple"},"jetpack_sharing_enabled":true,"jetpack_likes_enabled":true,"_links":{"self":[{"href":"https:\/\/www.diaspro.com.gt\/sitio\/wp-json\/wp\/v2\/product\/1734","targetHints":{"allow":["GET"]}}],"collection":[{"href":"https:\/\/www.diaspro.com.gt\/sitio\/wp-json\/wp\/v2\/product"}],"about":[{"href":"https:\/\/www.diaspro.com.gt\/sitio\/wp-json\/wp\/v2\/types\/product"}],"replies":[{"embeddable":true,"href":"https:\/\/www.diaspro.com.gt\/sitio\/wp-json\/wp\/v2\/comments?post=1734"}],"wp:featuredmedia":[{"embeddable":true,"href":"https:\/\/www.diaspro.com.gt\/sitio\/wp-json\/wp\/v2\/media\/1735"}],"wp:attachment":[{"href":"https:\/\/www.diaspro.com.gt\/sitio\/wp-json\/wp\/v2\/media?parent=1734"}],"wp:term":[{"taxonomy":"product_brand","embeddable":true,"href":"https:\/\/www.diaspro.com.gt\/sitio\/wp-json\/wp\/v2\/product_brand?post=1734"},{"taxonomy":"product_cat","embeddable":true,"href":"https:\/\/www.diaspro.com.gt\/sitio\/wp-json\/wp\/v2\/product_cat?post=1734"},{"taxonomy":"product_tag","embeddable":true,"href":"https:\/\/www.diaspro.com.gt\/sitio\/wp-json\/wp\/v2\/product_tag?post=1734"}],"curies":[{"name":"wp","href":"https:\/\/api.w.org\/{rel}","templated":true}]}}