{"id":1700,"date":"2023-01-13T10:03:42","date_gmt":"2023-01-13T16:03:42","guid":{"rendered":"https:\/\/www.diaspro.com.gt\/sitio\/?post_type=product&#038;p=1700"},"modified":"2025-11-26T16:52:27","modified_gmt":"2025-11-26T22:52:27","slug":"interruptor-de-transferencia-automatica-w2r-para-pv","status":"publish","type":"product","link":"https:\/\/www.diaspro.com.gt\/sitio\/producto\/interruptor-de-transferencia-automatica-w2r-para-pv\/","title":{"rendered":"Interruptor de transferencia autom\u00e1tica W2R para PV"},"content":{"rendered":"<p>Es adecuada para sistemas de energ\u00eda de emergencia de 4 00 V, 60 A con corriente nominal de CA de 50 o 60 Hz, estructura compacta, conversi\u00f3n confiable, f\u00e1cil instalaci\u00f3n y mantenimiento de larga duraci\u00f3n. Es ampliamente utilizado en varias ocasiones donde no se permite una falla continua de energ\u00eda. Puede ser operado el\u00e9ctricamente o manualmente por ATS y el controlador.<\/p>\n","protected":false},"excerpt":{"rendered":"<p>Es adecuada para sistemas de energ\u00eda de emergencia de 4 00 V, 60 A con corriente nominal de CA de 50 o 60 Hz, estructura compacta, conversi\u00f3n confiable, f\u00e1cil instalaci\u00f3n y mantenimiento de larga duraci\u00f3n. Es ampliamente utilizado en varias ocasiones donde no se permite una falla continua de energ\u00eda. Puede ser operado el\u00e9ctricamente o [&hellip;]<\/p>\n","protected":false},"featured_media":1701,"comment_status":"open","ping_status":"closed","template":"","meta":{"_et_pb_use_builder":"","_et_pb_old_content":"","_et_gb_content_width":""},"product_brand":[],"product_cat":[20],"product_tag":[254,255],"class_list":{"0":"post-1700","1":"product","2":"type-product","3":"status-publish","4":"has-post-thumbnail","6":"product_cat-obo-bettermann","7":"product_tag-interruptor","8":"product_tag-transferencia-automatica","10":"first","11":"instock","12":"shipping-taxable","13":"purchasable","14":"product-type-simple"},"jetpack_sharing_enabled":true,"jetpack_likes_enabled":true,"_links":{"self":[{"href":"https:\/\/www.diaspro.com.gt\/sitio\/wp-json\/wp\/v2\/product\/1700","targetHints":{"allow":["GET"]}}],"collection":[{"href":"https:\/\/www.diaspro.com.gt\/sitio\/wp-json\/wp\/v2\/product"}],"about":[{"href":"https:\/\/www.diaspro.com.gt\/sitio\/wp-json\/wp\/v2\/types\/product"}],"replies":[{"embeddable":true,"href":"https:\/\/www.diaspro.com.gt\/sitio\/wp-json\/wp\/v2\/comments?post=1700"}],"wp:featuredmedia":[{"embeddable":true,"href":"https:\/\/www.diaspro.com.gt\/sitio\/wp-json\/wp\/v2\/media\/1701"}],"wp:attachment":[{"href":"https:\/\/www.diaspro.com.gt\/sitio\/wp-json\/wp\/v2\/media?parent=1700"}],"wp:term":[{"taxonomy":"product_brand","embeddable":true,"href":"https:\/\/www.diaspro.com.gt\/sitio\/wp-json\/wp\/v2\/product_brand?post=1700"},{"taxonomy":"product_cat","embeddable":true,"href":"https:\/\/www.diaspro.com.gt\/sitio\/wp-json\/wp\/v2\/product_cat?post=1700"},{"taxonomy":"product_tag","embeddable":true,"href":"https:\/\/www.diaspro.com.gt\/sitio\/wp-json\/wp\/v2\/product_tag?post=1700"}],"curies":[{"name":"wp","href":"https:\/\/api.w.org\/{rel}","templated":true}]}}