{"id":1694,"date":"2023-01-12T17:43:56","date_gmt":"2023-01-12T23:43:56","guid":{"rendered":"https:\/\/www.diaspro.com.gt\/sitio\/?post_type=product&#038;p=1694"},"modified":"2025-10-16T14:25:22","modified_gmt":"2025-10-16T20:25:22","slug":"dispositivo-de-proteccion-de-lineas-de-datos-para-sistemas-de-tecnologia-de-la-informacion","status":"publish","type":"product","link":"https:\/\/www.diaspro.com.gt\/sitio\/producto\/dispositivo-de-proteccion-de-lineas-de-datos-para-sistemas-de-tecnologia-de-la-informacion\/","title":{"rendered":"Protecci\u00f3n fina para sistemas de 4 hilos de tecnolog\u00eda inform\u00e1tica con RJ45 Modelo RJ45 S-E100 4-F"},"content":{"rendered":"<p>\u2022 En carcasa de aluminio<br \/>\n\u2022 Conector RJ45<br \/>\n\u2022 Incl. cable de conexi\u00f3n de 150 mm con conectores RJ45<br \/>\n\u2022 Montaje sencillo por medio de un adaptador<br \/>\n\u2022 Circuito de protecci\u00f3n en dos etapas<br \/>\n\u2022 Montaje en carril DIN con accesorios DLS-BS (5082 38 2)<br \/>\nAplicaci\u00f3n: Par trenzado, circuitos de control, cables de comunicaci\u00f3n RJ45<\/p>\n","protected":false},"excerpt":{"rendered":"<blockquote><p><strong>M\u00e1s informaci\u00f3n sobre este producto:\u00a0<\/strong><\/p>\n<p><span style=\"color: #ff0000;\"><strong><a style=\"color: #ff0000;\" href=\"https:\/\/www.diaspro.com.gt\/sitio\/wp-content\/uploads\/2023\/01\/HOJA-TECNICA-DISPOSITIVO-DE-PROTECCION-DE-LINEAS-DE-DATOS-PARA-SISTEMAS-DE-TECNOLOGIA.pdf\">HOJA T\u00c9CNICA DISPOSITIVO DE PROTECCI\u00d3N DE L\u00cdNEAS DE DATOS PARA SISTEMAS DE TECNOLOG\u00cdA<\/a><\/strong><\/span><\/p><\/blockquote>\n","protected":false},"featured_media":1695,"comment_status":"open","ping_status":"closed","template":"","meta":{"_et_pb_use_builder":"","_et_pb_old_content":"","_et_gb_content_width":""},"product_brand":[],"product_cat":[20],"product_tag":[],"class_list":{"0":"post-1694","1":"product","2":"type-product","3":"status-publish","4":"has-post-thumbnail","6":"product_cat-obo-bettermann","8":"first","9":"instock","10":"shipping-taxable","11":"purchasable","12":"product-type-simple"},"jetpack_sharing_enabled":true,"jetpack_likes_enabled":true,"_links":{"self":[{"href":"https:\/\/www.diaspro.com.gt\/sitio\/wp-json\/wp\/v2\/product\/1694","targetHints":{"allow":["GET"]}}],"collection":[{"href":"https:\/\/www.diaspro.com.gt\/sitio\/wp-json\/wp\/v2\/product"}],"about":[{"href":"https:\/\/www.diaspro.com.gt\/sitio\/wp-json\/wp\/v2\/types\/product"}],"replies":[{"embeddable":true,"href":"https:\/\/www.diaspro.com.gt\/sitio\/wp-json\/wp\/v2\/comments?post=1694"}],"wp:featuredmedia":[{"embeddable":true,"href":"https:\/\/www.diaspro.com.gt\/sitio\/wp-json\/wp\/v2\/media\/1695"}],"wp:attachment":[{"href":"https:\/\/www.diaspro.com.gt\/sitio\/wp-json\/wp\/v2\/media?parent=1694"}],"wp:term":[{"taxonomy":"product_brand","embeddable":true,"href":"https:\/\/www.diaspro.com.gt\/sitio\/wp-json\/wp\/v2\/product_brand?post=1694"},{"taxonomy":"product_cat","embeddable":true,"href":"https:\/\/www.diaspro.com.gt\/sitio\/wp-json\/wp\/v2\/product_cat?post=1694"},{"taxonomy":"product_tag","embeddable":true,"href":"https:\/\/www.diaspro.com.gt\/sitio\/wp-json\/wp\/v2\/product_tag?post=1694"}],"curies":[{"name":"wp","href":"https:\/\/api.w.org\/{rel}","templated":true}]}}