{"id":1682,"date":"2023-01-12T16:38:52","date_gmt":"2023-01-12T22:38:52","guid":{"rendered":"https:\/\/www.diaspro.com.gt\/sitio\/?post_type=product&#038;p=1682"},"modified":"2025-01-16T17:03:11","modified_gmt":"2025-01-16T23:03:11","slug":"interruptor-de-boton-pulsador-de-cabeza-plana-de-22-mm-rojo-1c","status":"publish","type":"product","link":"https:\/\/www.diaspro.com.gt\/sitio\/producto\/interruptor-de-boton-pulsador-de-cabeza-plana-de-22-mm-rojo-1c\/","title":{"rendered":"Interruptor de bot\u00f3n pulsador de cabeza plana de 22 mm &#8211; Rojo 1C"},"content":{"rendered":"<ul>\n<li>Tama\u00f1o: Orificio de montaje de 22 mm<\/li>\n<li>Color rojo<\/li>\n<li>Tipo: cabeza plana<\/li>\n<li>Tipo de contacto: 1\/C<\/li>\n<li>N\u00famero de contactos: 1<\/li>\n<li>Clasificaci\u00f3n de voltaje: 240V<\/li>\n<li>Material de la caja: Termopl\u00e1stico reforzado<\/li>\n<li>Material de los contactos: Plata<\/li>\n<li>Grado de protecci\u00f3n: IP 65<\/li>\n<li>Temperatura de almacenamiento: -40\u00b0C a 80\u00b0C<\/li>\n<li>Temperatura de funcionamiento: -25 \u00b0C a 70 \u00b0C<\/li>\n<li>Certificado CE, compatible con RoHs, reconocido por UL<\/li>\n<\/ul>\n","protected":false},"excerpt":{"rendered":"<p>Tama\u00f1o: Orificio de montaje de 22 mm Color rojo Tipo: cabeza plana Tipo de contacto: 1\/C N\u00famero de contactos: 1 Clasificaci\u00f3n de voltaje: 240V Material de la caja: Termopl\u00e1stico reforzado Material de los contactos: Plata Grado de protecci\u00f3n: IP 65 Temperatura de almacenamiento: -40\u00b0C a 80\u00b0C Temperatura de funcionamiento: -25 \u00b0C a 70 \u00b0C Certificado [&hellip;]<\/p>\n","protected":false},"featured_media":1683,"comment_status":"open","ping_status":"closed","template":"","meta":{"_et_pb_use_builder":"","_et_pb_old_content":"","_et_gb_content_width":""},"product_brand":[],"product_cat":[361],"product_tag":[243,241,240],"class_list":{"0":"post-1682","1":"product","2":"type-product","3":"status-publish","4":"has-post-thumbnail","6":"product_cat-interruptores","7":"product_tag-1c","8":"product_tag-pulsador","9":"product_tag-rojo","11":"first","12":"instock","13":"shipping-taxable","14":"purchasable","15":"product-type-simple"},"jetpack_sharing_enabled":true,"jetpack_likes_enabled":true,"_links":{"self":[{"href":"https:\/\/www.diaspro.com.gt\/sitio\/wp-json\/wp\/v2\/product\/1682","targetHints":{"allow":["GET"]}}],"collection":[{"href":"https:\/\/www.diaspro.com.gt\/sitio\/wp-json\/wp\/v2\/product"}],"about":[{"href":"https:\/\/www.diaspro.com.gt\/sitio\/wp-json\/wp\/v2\/types\/product"}],"replies":[{"embeddable":true,"href":"https:\/\/www.diaspro.com.gt\/sitio\/wp-json\/wp\/v2\/comments?post=1682"}],"wp:featuredmedia":[{"embeddable":true,"href":"https:\/\/www.diaspro.com.gt\/sitio\/wp-json\/wp\/v2\/media\/1683"}],"wp:attachment":[{"href":"https:\/\/www.diaspro.com.gt\/sitio\/wp-json\/wp\/v2\/media?parent=1682"}],"wp:term":[{"taxonomy":"product_brand","embeddable":true,"href":"https:\/\/www.diaspro.com.gt\/sitio\/wp-json\/wp\/v2\/product_brand?post=1682"},{"taxonomy":"product_cat","embeddable":true,"href":"https:\/\/www.diaspro.com.gt\/sitio\/wp-json\/wp\/v2\/product_cat?post=1682"},{"taxonomy":"product_tag","embeddable":true,"href":"https:\/\/www.diaspro.com.gt\/sitio\/wp-json\/wp\/v2\/product_tag?post=1682"}],"curies":[{"name":"wp","href":"https:\/\/api.w.org\/{rel}","templated":true}]}}