{"id":1675,"date":"2023-01-12T16:27:57","date_gmt":"2023-01-12T22:27:57","guid":{"rendered":"https:\/\/www.diaspro.com.gt\/sitio\/?post_type=product&#038;p=1675"},"modified":"2025-10-13T16:51:02","modified_gmt":"2025-10-13T22:51:02","slug":"interruptor-pulsador-de-cabeza-plana-de-22-mm-verde-1-c","status":"publish","type":"product","link":"https:\/\/www.diaspro.com.gt\/sitio\/producto\/interruptor-pulsador-de-cabeza-plana-de-22-mm-verde-1-c\/","title":{"rendered":"Interruptor pulsador de cabeza plana de 22 mm &#8211; Verde 1\/C"},"content":{"rendered":"<ul>\n<li>Tama\u00f1o del orificio de montaje: 22 mm<\/li>\n<li>Color: Verde<\/li>\n<li>Tipo de contacto: 1\/C<\/li>\n<li>N\u00famero de contactos: 1<\/li>\n<li>Voltaje: 240V<\/li>\n<li>Material del recinto: Termopl\u00e1stico Reforzado<\/li>\n<li>Material de contacto: Plata<\/li>\n<li>Grado de protecci\u00f3n: IP 65<\/li>\n<li>Temperatura de almacenamiento: -40 o C a 80 o C<\/li>\n<li>Temperatura de funcionamiento: -25 o C a 70 o C<\/li>\n<li>Aprobado por UL: S\u00ed<\/li>\n<li>Certificado CE: S\u00ed<\/li>\n<li>RoHS: S\u00ed<\/li>\n<\/ul>\n","protected":false},"excerpt":{"rendered":"<p>Tama\u00f1o del orificio de montaje: 22 mm Color: Verde Tipo de contacto: 1\/C N\u00famero de contactos: 1 Voltaje: 240V Material del recinto: Termopl\u00e1stico Reforzado Material de contacto: Plata Grado de protecci\u00f3n: IP 65 Temperatura de almacenamiento: -40 o C a 80 o C Temperatura de funcionamiento: -25 o C a 70 o C Aprobado por [&hellip;]<\/p>\n","protected":false},"featured_media":1676,"comment_status":"open","ping_status":"closed","template":"","meta":{"_et_pb_use_builder":"","_et_pb_old_content":"","_et_gb_content_width":""},"product_brand":[],"product_cat":[361],"product_tag":[243,241,239],"class_list":{"0":"post-1675","1":"product","2":"type-product","3":"status-publish","4":"has-post-thumbnail","6":"product_cat-interruptores","7":"product_tag-1c","8":"product_tag-pulsador","9":"product_tag-verde","11":"first","12":"instock","13":"shipping-taxable","14":"purchasable","15":"product-type-simple"},"jetpack_sharing_enabled":true,"jetpack_likes_enabled":true,"_links":{"self":[{"href":"https:\/\/www.diaspro.com.gt\/sitio\/wp-json\/wp\/v2\/product\/1675","targetHints":{"allow":["GET"]}}],"collection":[{"href":"https:\/\/www.diaspro.com.gt\/sitio\/wp-json\/wp\/v2\/product"}],"about":[{"href":"https:\/\/www.diaspro.com.gt\/sitio\/wp-json\/wp\/v2\/types\/product"}],"replies":[{"embeddable":true,"href":"https:\/\/www.diaspro.com.gt\/sitio\/wp-json\/wp\/v2\/comments?post=1675"}],"wp:featuredmedia":[{"embeddable":true,"href":"https:\/\/www.diaspro.com.gt\/sitio\/wp-json\/wp\/v2\/media\/1676"}],"wp:attachment":[{"href":"https:\/\/www.diaspro.com.gt\/sitio\/wp-json\/wp\/v2\/media?parent=1675"}],"wp:term":[{"taxonomy":"product_brand","embeddable":true,"href":"https:\/\/www.diaspro.com.gt\/sitio\/wp-json\/wp\/v2\/product_brand?post=1675"},{"taxonomy":"product_cat","embeddable":true,"href":"https:\/\/www.diaspro.com.gt\/sitio\/wp-json\/wp\/v2\/product_cat?post=1675"},{"taxonomy":"product_tag","embeddable":true,"href":"https:\/\/www.diaspro.com.gt\/sitio\/wp-json\/wp\/v2\/product_tag?post=1675"}],"curies":[{"name":"wp","href":"https:\/\/api.w.org\/{rel}","templated":true}]}}