{"id":1646,"date":"2023-01-11T14:45:04","date_gmt":"2023-01-11T20:45:04","guid":{"rendered":"https:\/\/www.diaspro.com.gt\/sitio\/?post_type=product&#038;p=1646"},"modified":"2025-05-23T14:44:00","modified_gmt":"2025-05-23T20:44:00","slug":"descargador-combinado-v50-1-polo-npe-150-v","status":"publish","type":"product","link":"https:\/\/www.diaspro.com.gt\/sitio\/producto\/descargador-combinado-v50-1-polo-npe-150-v\/","title":{"rendered":"Descargador combinado V50, 1 polo + NPE 150 V"},"content":{"rendered":"<p>Descargador combinado de corrientes de rayo, tipo 1+2<\/p>\n<p>&#8211; Para conexi\u00f3n equipotencial de corriente de rayo seg\u00fan VDE 0185-305 (IEC 62305)<br \/>\n&#8211; Capacidad de corriente de rayo de 12,5 kA (10\/350) por polo y hasta 50 kA (10\/350) en total<br \/>\n&#8211; Descargador modular enchufable con unidad de desconexi\u00f3n e indicaci\u00f3n visual de estado<br \/>\n&#8211; Mecanismo de bloqueo con protecci\u00f3n contra vibraciones y bloqueo de tensi\u00f3n<br \/>\n&#8211; Pl\u00e1stico seg\u00fan UL 94 V-0<br \/>\n&#8211; Las variantes de se\u00f1alizaci\u00f3n a distancia (FS) disponen de un contacto conmutado libre de potencial para la se\u00f1alizaci\u00f3n a distancia<\/p>\n<p>Aplicaci\u00f3n: Conexi\u00f3n equipotencial de corriente de rayo para edificios de clase III y IV.<\/p>\n","protected":false},"excerpt":{"rendered":"<p>Descargador combinado de corrientes de rayo, tipo 1+2 &#8211; Para conexi\u00f3n equipotencial de corriente de rayo seg\u00fan VDE 0185-305 (IEC 62305) &#8211; Capacidad de corriente de rayo de 12,5 kA (10\/350) por polo y hasta 50 kA (10\/350) en total &#8211; Descargador modular enchufable con unidad de desconexi\u00f3n e indicaci\u00f3n visual de estado &#8211; Mecanismo [&hellip;]<\/p>\n","protected":false},"featured_media":1649,"comment_status":"open","ping_status":"closed","template":"","meta":{"_et_pb_use_builder":"","_et_pb_old_content":"","_et_gb_content_width":""},"product_brand":[],"product_cat":[20],"product_tag":[135,196],"class_list":{"0":"post-1646","1":"product","2":"type-product","3":"status-publish","4":"has-post-thumbnail","6":"product_cat-obo-bettermann","7":"product_tag-obo-bettermann","8":"product_tag-supresor","10":"first","11":"outofstock","12":"shipping-taxable","13":"purchasable","14":"product-type-simple"},"jetpack_sharing_enabled":true,"jetpack_likes_enabled":true,"_links":{"self":[{"href":"https:\/\/www.diaspro.com.gt\/sitio\/wp-json\/wp\/v2\/product\/1646","targetHints":{"allow":["GET"]}}],"collection":[{"href":"https:\/\/www.diaspro.com.gt\/sitio\/wp-json\/wp\/v2\/product"}],"about":[{"href":"https:\/\/www.diaspro.com.gt\/sitio\/wp-json\/wp\/v2\/types\/product"}],"replies":[{"embeddable":true,"href":"https:\/\/www.diaspro.com.gt\/sitio\/wp-json\/wp\/v2\/comments?post=1646"}],"wp:featuredmedia":[{"embeddable":true,"href":"https:\/\/www.diaspro.com.gt\/sitio\/wp-json\/wp\/v2\/media\/1649"}],"wp:attachment":[{"href":"https:\/\/www.diaspro.com.gt\/sitio\/wp-json\/wp\/v2\/media?parent=1646"}],"wp:term":[{"taxonomy":"product_brand","embeddable":true,"href":"https:\/\/www.diaspro.com.gt\/sitio\/wp-json\/wp\/v2\/product_brand?post=1646"},{"taxonomy":"product_cat","embeddable":true,"href":"https:\/\/www.diaspro.com.gt\/sitio\/wp-json\/wp\/v2\/product_cat?post=1646"},{"taxonomy":"product_tag","embeddable":true,"href":"https:\/\/www.diaspro.com.gt\/sitio\/wp-json\/wp\/v2\/product_tag?post=1646"}],"curies":[{"name":"wp","href":"https:\/\/api.w.org\/{rel}","templated":true}]}}