{"id":1631,"date":"2023-01-11T10:40:13","date_gmt":"2023-01-11T16:40:13","guid":{"rendered":"https:\/\/www.diaspro.com.gt\/sitio\/?post_type=product&#038;p=1631"},"modified":"2025-01-16T13:29:49","modified_gmt":"2025-01-16T19:29:49","slug":"proteccion-mcr-de-2-polos-para-alimentacion-110-v","status":"publish","type":"product","link":"https:\/\/www.diaspro.com.gt\/sitio\/producto\/proteccion-mcr-de-2-polos-para-alimentacion-110-v\/","title":{"rendered":"Protecci\u00f3n MCR de 2 polos para alimentaci\u00f3n, 110 V"},"content":{"rendered":"<p>Dispositivo de protecci\u00f3n contra sobretensiones\/protecci\u00f3n fina tipo 3 seg\u00fan EN 61643-11<\/p>\n<p>&#8211; Apto para sistemas de tensi\u00f3n continua y alterna<br \/>\n&#8211; Con indicador visual de funciones<br \/>\n&#8211; Con bornes de conexi\u00f3n sin tornillos de f\u00e1cil instalaci\u00f3n<br \/>\n&#8211; En una rejilla de 17,5 mm que ahorra espacio<br \/>\n&#8211; Circuito en Y<\/p>\n<p>Aplicaci\u00f3n: Uso universal en carril de perfil DIN de 35 mm<\/p>\n","protected":false},"excerpt":{"rendered":"<p>Dispositivo de protecci\u00f3n contra sobretensiones\/protecci\u00f3n fina tipo 3 seg\u00fan EN 61643-11 &#8211; Apto para sistemas de tensi\u00f3n continua y alterna &#8211; Con indicador visual de funciones &#8211; Con bornes de conexi\u00f3n sin tornillos de f\u00e1cil instalaci\u00f3n &#8211; En una rejilla de 17,5 mm que ahorra espacio &#8211; Circuito en Y Aplicaci\u00f3n: Uso universal en carril [&hellip;]<\/p>\n","protected":false},"featured_media":1632,"comment_status":"open","ping_status":"closed","template":"","meta":{"_et_pb_use_builder":"","_et_pb_old_content":"","_et_gb_content_width":""},"product_brand":[],"product_cat":[20],"product_tag":[135,196],"class_list":{"0":"post-1631","1":"product","2":"type-product","3":"status-publish","4":"has-post-thumbnail","6":"product_cat-obo-bettermann","7":"product_tag-obo-bettermann","8":"product_tag-supresor","10":"first","11":"instock","12":"shipping-taxable","13":"purchasable","14":"product-type-simple"},"jetpack_sharing_enabled":true,"jetpack_likes_enabled":true,"_links":{"self":[{"href":"https:\/\/www.diaspro.com.gt\/sitio\/wp-json\/wp\/v2\/product\/1631","targetHints":{"allow":["GET"]}}],"collection":[{"href":"https:\/\/www.diaspro.com.gt\/sitio\/wp-json\/wp\/v2\/product"}],"about":[{"href":"https:\/\/www.diaspro.com.gt\/sitio\/wp-json\/wp\/v2\/types\/product"}],"replies":[{"embeddable":true,"href":"https:\/\/www.diaspro.com.gt\/sitio\/wp-json\/wp\/v2\/comments?post=1631"}],"wp:featuredmedia":[{"embeddable":true,"href":"https:\/\/www.diaspro.com.gt\/sitio\/wp-json\/wp\/v2\/media\/1632"}],"wp:attachment":[{"href":"https:\/\/www.diaspro.com.gt\/sitio\/wp-json\/wp\/v2\/media?parent=1631"}],"wp:term":[{"taxonomy":"product_brand","embeddable":true,"href":"https:\/\/www.diaspro.com.gt\/sitio\/wp-json\/wp\/v2\/product_brand?post=1631"},{"taxonomy":"product_cat","embeddable":true,"href":"https:\/\/www.diaspro.com.gt\/sitio\/wp-json\/wp\/v2\/product_cat?post=1631"},{"taxonomy":"product_tag","embeddable":true,"href":"https:\/\/www.diaspro.com.gt\/sitio\/wp-json\/wp\/v2\/product_tag?post=1631"}],"curies":[{"name":"wp","href":"https:\/\/api.w.org\/{rel}","templated":true}]}}