{"id":1627,"date":"2023-01-11T10:17:11","date_gmt":"2023-01-11T16:17:11","guid":{"rendered":"https:\/\/www.diaspro.com.gt\/sitio\/?post_type=product&#038;p=1627"},"modified":"2025-02-10T13:14:01","modified_gmt":"2025-02-10T19:14:01","slug":"descargador-combinado-de-corrientes-de-rayo-tipo-12-v50-1-150","status":"publish","type":"product","link":"https:\/\/www.diaspro.com.gt\/sitio\/producto\/descargador-combinado-de-corrientes-de-rayo-tipo-12-v50-1-150\/","title":{"rendered":"Descargador combinado de corrientes de rayo, tipo 1+2 V50-1-150"},"content":{"rendered":"<p>Descargador combinado de corrientes de rayo, tipo 1+2<\/p>\n<p>&#8211; Para conexi\u00f3n equipotencial de corriente de rayo seg\u00fan VDE 0185-305 (IEC 62305)<br \/>\n&#8211; Capacidad de corriente de rayo de 12,5 kA (10\/350) por polo y hasta 50 kA (10\/350) en total<br \/>\n&#8211; Descargador modular enchufable con unidad de desconexi\u00f3n e indicaci\u00f3n visual de estado<br \/>\n&#8211; Mecanismo de bloqueo con protecci\u00f3n contra vibraciones y bloqueo de tensi\u00f3n<br \/>\n&#8211; Pl\u00e1stico seg\u00fan UL 94 V-0<br \/>\n&#8211; Las variantes de se\u00f1alizaci\u00f3n a distancia (FS) disponen de un contacto conmutado libre de potencial para la se\u00f1alizaci\u00f3n a distancia<\/p>\n<p>Aplicaci\u00f3n: Conexi\u00f3n equipotencial de corriente de rayo para edificios de clase III y IV.<\/p>\n<p>Traducci\u00f3n realizada con la versi\u00f3n gratuita del traductor www.DeepL.com\/Translator<\/p>\n","protected":false},"excerpt":{"rendered":"<p>Descargador combinado de corrientes de rayo, tipo 1+2 &#8211; Para conexi\u00f3n equipotencial de corriente de rayo seg\u00fan VDE 0185-305 (IEC 62305) &#8211; Capacidad de corriente de rayo de 12,5 kA (10\/350) por polo y hasta 50 kA (10\/350) en total &#8211; Descargador modular enchufable con unidad de desconexi\u00f3n e indicaci\u00f3n visual de estado &#8211; Mecanismo [&hellip;]<\/p>\n","protected":false},"featured_media":2706,"comment_status":"open","ping_status":"closed","template":"","meta":{"_et_pb_use_builder":"","_et_pb_old_content":"","_et_gb_content_width":""},"product_brand":[],"product_cat":[20],"product_tag":[135,196],"class_list":{"0":"post-1627","1":"product","2":"type-product","3":"status-publish","4":"has-post-thumbnail","6":"product_cat-obo-bettermann","7":"product_tag-obo-bettermann","8":"product_tag-supresor","10":"first","11":"instock","12":"shipping-taxable","13":"product-type-simple"},"jetpack_sharing_enabled":true,"jetpack_likes_enabled":true,"_links":{"self":[{"href":"https:\/\/www.diaspro.com.gt\/sitio\/wp-json\/wp\/v2\/product\/1627","targetHints":{"allow":["GET"]}}],"collection":[{"href":"https:\/\/www.diaspro.com.gt\/sitio\/wp-json\/wp\/v2\/product"}],"about":[{"href":"https:\/\/www.diaspro.com.gt\/sitio\/wp-json\/wp\/v2\/types\/product"}],"replies":[{"embeddable":true,"href":"https:\/\/www.diaspro.com.gt\/sitio\/wp-json\/wp\/v2\/comments?post=1627"}],"wp:featuredmedia":[{"embeddable":true,"href":"https:\/\/www.diaspro.com.gt\/sitio\/wp-json\/wp\/v2\/media\/2706"}],"wp:attachment":[{"href":"https:\/\/www.diaspro.com.gt\/sitio\/wp-json\/wp\/v2\/media?parent=1627"}],"wp:term":[{"taxonomy":"product_brand","embeddable":true,"href":"https:\/\/www.diaspro.com.gt\/sitio\/wp-json\/wp\/v2\/product_brand?post=1627"},{"taxonomy":"product_cat","embeddable":true,"href":"https:\/\/www.diaspro.com.gt\/sitio\/wp-json\/wp\/v2\/product_cat?post=1627"},{"taxonomy":"product_tag","embeddable":true,"href":"https:\/\/www.diaspro.com.gt\/sitio\/wp-json\/wp\/v2\/product_tag?post=1627"}],"curies":[{"name":"wp","href":"https:\/\/api.w.org\/{rel}","templated":true}]}}