{"id":1543,"date":"2023-01-04T14:59:20","date_gmt":"2023-01-04T20:59:20","guid":{"rendered":"https:\/\/www.diaspro.com.gt\/sitio\/?post_type=product&#038;p=1543"},"modified":"2025-01-13T15:29:30","modified_gmt":"2025-01-13T21:29:30","slug":"casco-de-seguridad-azul","status":"publish","type":"product","link":"https:\/\/www.diaspro.com.gt\/sitio\/producto\/casco-de-seguridad-azul\/","title":{"rendered":"Casco de seguridad Azul"},"content":{"rendered":"<ul>\n<li>Fabricados en pl\u00e1stico ABS<\/li>\n<li>Certificaci\u00f3n para venta en Europa<\/li>\n<li>Casco de uso general<\/li>\n<li>6 puntos de fijaci\u00f3n<\/li>\n<li>Incluye barbiquejo<\/li>\n<\/ul>\n","protected":false},"excerpt":{"rendered":"<p>Fabricados en pl\u00e1stico ABS Certificaci\u00f3n para venta en Europa Casco de uso general 6 puntos de fijaci\u00f3n Incluye barbiquejo<\/p>\n","protected":false},"featured_media":1952,"comment_status":"open","ping_status":"closed","template":"","meta":{"_et_pb_use_builder":"","_et_pb_old_content":"","_et_gb_content_width":""},"product_brand":[],"product_cat":[421],"product_tag":[180,177,70,169],"class_list":{"0":"post-1543","1":"product","2":"type-product","3":"status-publish","4":"has-post-thumbnail","6":"product_cat-equipo-de-proteccion","7":"product_tag-casco","8":"product_tag-equipo-de-proteccion","9":"product_tag-herramientas","10":"product_tag-seguridad","12":"first","13":"instock","14":"shipping-taxable","15":"purchasable","16":"product-type-simple"},"jetpack_sharing_enabled":true,"jetpack_likes_enabled":true,"_links":{"self":[{"href":"https:\/\/www.diaspro.com.gt\/sitio\/wp-json\/wp\/v2\/product\/1543","targetHints":{"allow":["GET"]}}],"collection":[{"href":"https:\/\/www.diaspro.com.gt\/sitio\/wp-json\/wp\/v2\/product"}],"about":[{"href":"https:\/\/www.diaspro.com.gt\/sitio\/wp-json\/wp\/v2\/types\/product"}],"replies":[{"embeddable":true,"href":"https:\/\/www.diaspro.com.gt\/sitio\/wp-json\/wp\/v2\/comments?post=1543"}],"wp:featuredmedia":[{"embeddable":true,"href":"https:\/\/www.diaspro.com.gt\/sitio\/wp-json\/wp\/v2\/media\/1952"}],"wp:attachment":[{"href":"https:\/\/www.diaspro.com.gt\/sitio\/wp-json\/wp\/v2\/media?parent=1543"}],"wp:term":[{"taxonomy":"product_brand","embeddable":true,"href":"https:\/\/www.diaspro.com.gt\/sitio\/wp-json\/wp\/v2\/product_brand?post=1543"},{"taxonomy":"product_cat","embeddable":true,"href":"https:\/\/www.diaspro.com.gt\/sitio\/wp-json\/wp\/v2\/product_cat?post=1543"},{"taxonomy":"product_tag","embeddable":true,"href":"https:\/\/www.diaspro.com.gt\/sitio\/wp-json\/wp\/v2\/product_tag?post=1543"}],"curies":[{"name":"wp","href":"https:\/\/api.w.org\/{rel}","templated":true}]}}