{"id":1436,"date":"2022-09-21T12:41:12","date_gmt":"2022-09-21T18:41:12","guid":{"rendered":"https:\/\/www.diaspro.com.gt\/sitio\/?post_type=product&#038;p=1436"},"modified":"2025-08-06T17:35:09","modified_gmt":"2025-08-06T23:35:09","slug":"engrasadora-manual","status":"publish","type":"product","link":"https:\/\/www.diaspro.com.gt\/sitio\/producto\/engrasadora-manual\/","title":{"rendered":"Engrasadora manual"},"content":{"rendered":"<ul>\n<li>Capacidad: 500g<\/li>\n<li>Longitud: 40 cm<\/li>\n<li>Presi\u00f3n m\u00e1xima: 8500PSI<\/li>\n<li>Material: acero<\/li>\n<li>C\u00f3modo mango de pl\u00e1stico.<\/li>\n<li>Con manguera flexible de 1pc 30 cm<\/li>\n<li>Con manguera de acero de 1pc 15 cm<\/li>\n<\/ul>\n","protected":false},"excerpt":{"rendered":"<p>Capacidad: 500g Longitud: 40 cm Presi\u00f3n m\u00e1xima: 8500PSI Material: acero C\u00f3modo mango de pl\u00e1stico. Con manguera flexible de 1pc 30 cm Con manguera de acero de 1pc 15 cm<\/p>\n","protected":false},"featured_media":1437,"comment_status":"open","ping_status":"closed","template":"","meta":{"_et_pb_use_builder":"","_et_pb_old_content":"","_et_gb_content_width":""},"product_brand":[],"product_cat":[606],"product_tag":[186,70,187],"class_list":{"0":"post-1436","1":"product","2":"type-product","3":"status-publish","4":"has-post-thumbnail","6":"product_cat-tolsen","7":"product_tag-engrasadroa","8":"product_tag-herramientas","9":"product_tag-manual","11":"first","12":"outofstock","13":"shipping-taxable","14":"purchasable","15":"product-type-simple"},"jetpack_sharing_enabled":true,"jetpack_likes_enabled":true,"_links":{"self":[{"href":"https:\/\/www.diaspro.com.gt\/sitio\/wp-json\/wp\/v2\/product\/1436","targetHints":{"allow":["GET"]}}],"collection":[{"href":"https:\/\/www.diaspro.com.gt\/sitio\/wp-json\/wp\/v2\/product"}],"about":[{"href":"https:\/\/www.diaspro.com.gt\/sitio\/wp-json\/wp\/v2\/types\/product"}],"replies":[{"embeddable":true,"href":"https:\/\/www.diaspro.com.gt\/sitio\/wp-json\/wp\/v2\/comments?post=1436"}],"wp:featuredmedia":[{"embeddable":true,"href":"https:\/\/www.diaspro.com.gt\/sitio\/wp-json\/wp\/v2\/media\/1437"}],"wp:attachment":[{"href":"https:\/\/www.diaspro.com.gt\/sitio\/wp-json\/wp\/v2\/media?parent=1436"}],"wp:term":[{"taxonomy":"product_brand","embeddable":true,"href":"https:\/\/www.diaspro.com.gt\/sitio\/wp-json\/wp\/v2\/product_brand?post=1436"},{"taxonomy":"product_cat","embeddable":true,"href":"https:\/\/www.diaspro.com.gt\/sitio\/wp-json\/wp\/v2\/product_cat?post=1436"},{"taxonomy":"product_tag","embeddable":true,"href":"https:\/\/www.diaspro.com.gt\/sitio\/wp-json\/wp\/v2\/product_tag?post=1436"}],"curies":[{"name":"wp","href":"https:\/\/api.w.org\/{rel}","templated":true}]}}