{"id":1423,"date":"2022-09-21T09:35:54","date_gmt":"2022-09-21T15:35:54","guid":{"rendered":"https:\/\/www.diaspro.com.gt\/sitio\/?post_type=product&#038;p=1423"},"modified":"2024-12-19T09:25:14","modified_gmt":"2024-12-19T15:25:14","slug":"guantes-mecanicos","status":"publish","type":"product","link":"https:\/\/www.diaspro.com.gt\/sitio\/producto\/guantes-mecanicos\/","title":{"rendered":"Guantes mec\u00e1nicos"},"content":{"rendered":"<ul>\n<li>El ajuste de forma ayuda a mantener las manos frescas y c\u00f3modas.<\/li>\n<li>Construcci\u00f3n de dedo \u00edndice con doble costura mejora la durabilidad.<\/li>\n<li>El cierre flexible proporciona un ajuste seguro a la mu\u00f1eca.<\/li>\n<\/ul>\n","protected":false},"excerpt":{"rendered":"<p>El ajuste de forma ayuda a mantener las manos frescas y c\u00f3modas. Construcci\u00f3n de dedo \u00edndice con doble costura mejora la durabilidad. El cierre flexible proporciona un ajuste seguro a la mu\u00f1eca.<\/p>\n","protected":false},"featured_media":1424,"comment_status":"open","ping_status":"closed","template":"","meta":{"_et_pb_use_builder":"","_et_pb_old_content":"","_et_gb_content_width":""},"product_brand":[],"product_cat":[421],"product_tag":[181,70],"class_list":{"0":"post-1423","1":"product","2":"type-product","3":"status-publish","4":"has-post-thumbnail","6":"product_cat-equipo-de-proteccion","7":"product_tag-guantes-mecanicos","8":"product_tag-herramientas","10":"first","11":"outofstock","12":"shipping-taxable","13":"purchasable","14":"product-type-simple"},"jetpack_sharing_enabled":true,"jetpack_likes_enabled":true,"_links":{"self":[{"href":"https:\/\/www.diaspro.com.gt\/sitio\/wp-json\/wp\/v2\/product\/1423","targetHints":{"allow":["GET"]}}],"collection":[{"href":"https:\/\/www.diaspro.com.gt\/sitio\/wp-json\/wp\/v2\/product"}],"about":[{"href":"https:\/\/www.diaspro.com.gt\/sitio\/wp-json\/wp\/v2\/types\/product"}],"replies":[{"embeddable":true,"href":"https:\/\/www.diaspro.com.gt\/sitio\/wp-json\/wp\/v2\/comments?post=1423"}],"wp:featuredmedia":[{"embeddable":true,"href":"https:\/\/www.diaspro.com.gt\/sitio\/wp-json\/wp\/v2\/media\/1424"}],"wp:attachment":[{"href":"https:\/\/www.diaspro.com.gt\/sitio\/wp-json\/wp\/v2\/media?parent=1423"}],"wp:term":[{"taxonomy":"product_brand","embeddable":true,"href":"https:\/\/www.diaspro.com.gt\/sitio\/wp-json\/wp\/v2\/product_brand?post=1423"},{"taxonomy":"product_cat","embeddable":true,"href":"https:\/\/www.diaspro.com.gt\/sitio\/wp-json\/wp\/v2\/product_cat?post=1423"},{"taxonomy":"product_tag","embeddable":true,"href":"https:\/\/www.diaspro.com.gt\/sitio\/wp-json\/wp\/v2\/product_tag?post=1423"}],"curies":[{"name":"wp","href":"https:\/\/api.w.org\/{rel}","templated":true}]}}