{"id":1243,"date":"2022-07-15T16:34:49","date_gmt":"2022-07-15T22:34:49","guid":{"rendered":"https:\/\/www.diaspro.com.gt\/sitio\/?post_type=product&#038;p=1243"},"modified":"2022-07-15T16:34:49","modified_gmt":"2022-07-15T22:34:49","slug":"supresor-tipo-1-2-50-ka-385v-trifasico","status":"publish","type":"product","link":"https:\/\/www.diaspro.com.gt\/sitio\/producto\/supresor-tipo-1-2-50-ka-385v-trifasico\/","title":{"rendered":"Supresor tipo 1 + 2, 50 kA, 385V trif\u00e1sico"},"content":{"rendered":"<ul>\n<li>Supresor tipo 1 + 2, 50 kA, 385V<\/li>\n<li>trif\u00e1sico<\/li>\n<li>V50-3-385<\/li>\n<li>c\u00f3digo 5093574<\/li>\n<li>marca OBO BETTERMANN<\/li>\n<li>fabricado en Alemania<\/li>\n<li>con m\u00f3dulos intercambiables individuales.<\/li>\n<\/ul>\n","protected":false},"excerpt":{"rendered":"<p>Supresor tipo 1 + 2, 50 kA, 385V trif\u00e1sico V50-3-385 c\u00f3digo 5093574 marca OBO BETTERMANN fabricado en Alemania con m\u00f3dulos intercambiables individuales.<\/p>\n","protected":false},"featured_media":1244,"comment_status":"open","ping_status":"closed","template":"","meta":{"_et_pb_use_builder":"","_et_pb_old_content":"","_et_gb_content_width":""},"product_brand":[],"product_cat":[20],"product_tag":[135,134],"class_list":{"0":"post-1243","1":"product","2":"type-product","3":"status-publish","4":"has-post-thumbnail","6":"product_cat-obo-bettermann","7":"product_tag-obo-bettermann","8":"product_tag-supresores","10":"first","11":"instock","12":"shipping-taxable","13":"purchasable","14":"product-type-simple"},"jetpack_sharing_enabled":true,"jetpack_likes_enabled":true,"_links":{"self":[{"href":"https:\/\/www.diaspro.com.gt\/sitio\/wp-json\/wp\/v2\/product\/1243","targetHints":{"allow":["GET"]}}],"collection":[{"href":"https:\/\/www.diaspro.com.gt\/sitio\/wp-json\/wp\/v2\/product"}],"about":[{"href":"https:\/\/www.diaspro.com.gt\/sitio\/wp-json\/wp\/v2\/types\/product"}],"replies":[{"embeddable":true,"href":"https:\/\/www.diaspro.com.gt\/sitio\/wp-json\/wp\/v2\/comments?post=1243"}],"wp:featuredmedia":[{"embeddable":true,"href":"https:\/\/www.diaspro.com.gt\/sitio\/wp-json\/wp\/v2\/media\/1244"}],"wp:attachment":[{"href":"https:\/\/www.diaspro.com.gt\/sitio\/wp-json\/wp\/v2\/media?parent=1243"}],"wp:term":[{"taxonomy":"product_brand","embeddable":true,"href":"https:\/\/www.diaspro.com.gt\/sitio\/wp-json\/wp\/v2\/product_brand?post=1243"},{"taxonomy":"product_cat","embeddable":true,"href":"https:\/\/www.diaspro.com.gt\/sitio\/wp-json\/wp\/v2\/product_cat?post=1243"},{"taxonomy":"product_tag","embeddable":true,"href":"https:\/\/www.diaspro.com.gt\/sitio\/wp-json\/wp\/v2\/product_tag?post=1243"}],"curies":[{"name":"wp","href":"https:\/\/api.w.org\/{rel}","templated":true}]}}