{"id":1230,"date":"2022-07-13T16:19:04","date_gmt":"2022-07-13T22:19:04","guid":{"rendered":"https:\/\/www.diaspro.com.gt\/sitio\/?post_type=product&#038;p=1230"},"modified":"2025-10-27T16:01:02","modified_gmt":"2025-10-27T22:01:02","slug":"esmeriladora-angular-de-4-1-2","status":"publish","type":"product","link":"https:\/\/www.diaspro.com.gt\/sitio\/producto\/esmeriladora-angular-de-4-1-2\/","title":{"rendered":"Esmeriladora angular de 4 1\/2"},"content":{"rendered":"<ul>\n<li>Frecuencia: 60Hz<\/li>\n<li>Corriente: 120V<\/li>\n<li>11000 RPM<\/li>\n<li>Motor robusto, engranaje helicoidal para un menor ruido<\/li>\n<li>Cubierta lateral desmontable para f\u00e1cil limpieza y evitar ingreso de part\u00edculas al motor<\/li>\n<li>Peso: 4 libras<\/li>\n<li>Cable con certificaci\u00f3n que garantiza la calidad y seguridad<\/li>\n<\/ul>\n","protected":false},"excerpt":{"rendered":"<p>Frecuencia: 60Hz Corriente: 120V 11000 RPM Motor robusto, engranaje helicoidal para un menor ruido Cubierta lateral desmontable para f\u00e1cil limpieza y evitar ingreso de part\u00edculas al motor Peso: 4 libras Cable con certificaci\u00f3n que garantiza la calidad y seguridad<\/p>\n","protected":false},"featured_media":1231,"comment_status":"open","ping_status":"closed","template":"","meta":{"_et_pb_use_builder":"","_et_pb_old_content":"","_et_gb_content_width":""},"product_brand":[],"product_cat":[606],"product_tag":[129,70],"class_list":{"0":"post-1230","1":"product","2":"type-product","3":"status-publish","4":"has-post-thumbnail","6":"product_cat-tolsen","7":"product_tag-esmeriladora","8":"product_tag-herramientas","10":"first","11":"instock","12":"shipping-taxable","13":"purchasable","14":"product-type-simple"},"jetpack_sharing_enabled":true,"jetpack_likes_enabled":true,"_links":{"self":[{"href":"https:\/\/www.diaspro.com.gt\/sitio\/wp-json\/wp\/v2\/product\/1230","targetHints":{"allow":["GET"]}}],"collection":[{"href":"https:\/\/www.diaspro.com.gt\/sitio\/wp-json\/wp\/v2\/product"}],"about":[{"href":"https:\/\/www.diaspro.com.gt\/sitio\/wp-json\/wp\/v2\/types\/product"}],"replies":[{"embeddable":true,"href":"https:\/\/www.diaspro.com.gt\/sitio\/wp-json\/wp\/v2\/comments?post=1230"}],"wp:featuredmedia":[{"embeddable":true,"href":"https:\/\/www.diaspro.com.gt\/sitio\/wp-json\/wp\/v2\/media\/1231"}],"wp:attachment":[{"href":"https:\/\/www.diaspro.com.gt\/sitio\/wp-json\/wp\/v2\/media?parent=1230"}],"wp:term":[{"taxonomy":"product_brand","embeddable":true,"href":"https:\/\/www.diaspro.com.gt\/sitio\/wp-json\/wp\/v2\/product_brand?post=1230"},{"taxonomy":"product_cat","embeddable":true,"href":"https:\/\/www.diaspro.com.gt\/sitio\/wp-json\/wp\/v2\/product_cat?post=1230"},{"taxonomy":"product_tag","embeddable":true,"href":"https:\/\/www.diaspro.com.gt\/sitio\/wp-json\/wp\/v2\/product_tag?post=1230"}],"curies":[{"name":"wp","href":"https:\/\/api.w.org\/{rel}","templated":true}]}}